{"id":904,"date":"2012-05-29T17:44:25","date_gmt":"2012-05-29T17:44:25","guid":{"rendered":"http:\/\/emhcranes.com\/?page_id=904"},"modified":"2019-10-22T10:32:30","modified_gmt":"2019-10-22T14:32:30","slug":"nomad-free-standing-crane-system-applications","status":"publish","type":"page","link":"https:\/\/www.emhcranes.com\/es\/free-standing-bridge-crane-system-old\/nomad-free-standing-crane-system-applications\/","title":{"rendered":"NOMAD\u00ae Free Standing Crane System Applications"},"content":{"rendered":"<div class=\"padded\">\r\n<p>Nuestros sistemas de gr\u00faas modulares NOMAD\u00ae se adaptan a sus entornos y proporcionan una manipulaci\u00f3n de materiales eficiente y segura. Las gr\u00faas puente autoportantes modulares NOMAD\u00ae est\u00e1n disponibles en longitudes de pista de 20, 25 y 30 pies.<\/p>\r\n<p>Se pueden combinar varias celdas para pistas largas; los sistemas existentes pueden actualizarse con celdas adicionales.<\/p>\r\n<h2>Aplicaciones<\/h2>\r\n<div class=\"crane-index-listing-columns group\">\r\n<div class=\"crane-index-listing column\">\r\n<div class=\"image-holder\"><img decoding=\"async\" src=\"https:\/\/www.emhcranes.com\/es\/wp-content\/uploads\/2012\/05\/Waste_Water_FacilityNOMAD_3001.jpg\" alt=\"Waste_Water_FacilityNOMAD_300\" \/><\/div>\r\n<h2 class=\"pointer-before\">Instalaci\u00f3n de Aguas Residuales<\/h2>\r\n<p class=\"description\">Un sistema de gr\u00faa puente en una estaci\u00f3n independiente NOMAD\u00ae se utiliza en el exterior de esta planta de tratamiento de agua occidental. La gr\u00faa se utiliza para levantar y cambiar filtros.<\/p>\r\n<\/div>\r\n<div class=\"crane-index-listing column\">\r\n<div class=\"image-holder\"><img decoding=\"async\" src=\"https:\/\/www.emhcranes.com\/es\/wp-content\/uploads\/2012\/05\/NOMAD_Sheeting_Mfr_300.jpg\" alt=\"NOMAD_Sheeting_Mfr_300\" \/><\/div>\r\n<h2 class=\"pointer-before\">Fabricante de laminas de acero<\/h2>\r\n<p class=\"descripiton\">Un sistema NOMAD\u00ae de 7,5 toneladas en un fabricante de l\u00e1minas.<\/p>\r\n<\/div>\r\n<\/div>\r\n<div class=\"crane-index-listing-columns group\">\r\n<div class=\"crane-index-listing column\">\r\n<div class=\"image-holder\"><img decoding=\"async\" src=\"https:\/\/www.emhcranes.com\/es\/wp-content\/uploads\/2012\/05\/NOMADatContainer-Mfr2_tall1.jpg\" alt=\"NOMADatContainer Mfr2_tall\" \/><\/div>\r\n<h2 class=\"pointer-before\">Fabricante de contenedores industriales<\/h2>\r\n<p class=\"descripiton\">Este sistema NOMAD\u00ae en un fabricante de contenedores industriales del Medio Oeste, se instal\u00f3 en una pista de 182 pies entre soportes de construcci\u00f3n de hormig\u00f3n. El bajo perfil del sistema permite que la gr\u00faa encaje debajo del techo y a\u00fan as\u00ed proporcione suficiente elevaci\u00f3n para despejar la maquinaria y cambiar las matrices. Un radiocontrol facilita la operaci\u00f3n.<\/p>\r\n<\/div>\r\n<div class=\"crane-index-listing column\">\r\n<div class=\"image-holder\"><img decoding=\"async\" src=\"https:\/\/www.emhcranes.com\/es\/wp-content\/uploads\/2012\/05\/NOMADContaineMfrTall1.jpg\" alt=\"NOMADContaineMfrTall1\" \/><\/div>\r\n<p class=\"descripiton\">El NOMAD\u00ae proporciona un movimiento f\u00e1cil de las matrices desde el \u00e1rea de preparaci\u00f3n hasta las m\u00e1quinas de moldeo por inyecci\u00f3n en el otro extremo de la pista. Se instalar\u00e1n m\u00e1s m\u00e1quinas en el espacio en primer plano, y NOMAD\u00ae tambi\u00e9n las dar\u00e1 servicio.<\/p>\r\n<\/div>\r\n<\/div>\r\n<\/div>","protected":false},"excerpt":{"rendered":"<p>Our NOMAD\u00ae modular crane systems adapt to their environments, and provide efficient and safe overhead material handling. Modular NOMAD\u00ae Free Standing Bridge Cranes are available in runway lengths of 20, 25 and 30 feet. Multiple cells can be combined for long runways; existing systems can be retrofitted with additional cells. Applications Waste Water Facility This [&hellip;]<\/p>\n","protected":false},"author":203,"featured_media":0,"parent":403,"menu_order":7,"comment_status":"open","ping_status":"open","template":"page-templates\/crane-category.php","meta":{"_acf_changed":false,"_seopress_robots_primary_cat":"","_seopress_titles_title":"","_seopress_titles_desc":"","_seopress_robots_index":"","footnotes":""},"class_list":["post-904","page","type-page","status-publish","hentry"],"acf":[],"_links":{"self":[{"href":"https:\/\/www.emhcranes.com\/es\/wp-json\/wp\/v2\/pages\/904","targetHints":{"allow":["GET"]}}],"collection":[{"href":"https:\/\/www.emhcranes.com\/es\/wp-json\/wp\/v2\/pages"}],"about":[{"href":"https:\/\/www.emhcranes.com\/es\/wp-json\/wp\/v2\/types\/page"}],"author":[{"embeddable":true,"href":"https:\/\/www.emhcranes.com\/es\/wp-json\/wp\/v2\/users\/203"}],"replies":[{"embeddable":true,"href":"https:\/\/www.emhcranes.com\/es\/wp-json\/wp\/v2\/comments?post=904"}],"version-history":[{"count":0,"href":"https:\/\/www.emhcranes.com\/es\/wp-json\/wp\/v2\/pages\/904\/revisions"}],"up":[{"embeddable":true,"href":"https:\/\/www.emhcranes.com\/es\/wp-json\/wp\/v2\/pages\/403"}],"wp:attachment":[{"href":"https:\/\/www.emhcranes.com\/es\/wp-json\/wp\/v2\/media?parent=904"}],"curies":[{"name":"wp","href":"https:\/\/api.w.org\/{rel}","templated":true}]}}