{"id":813,"date":"2012-05-25T16:59:07","date_gmt":"2012-05-25T16:59:07","guid":{"rendered":"http:\/\/emhcranes.com\/?page_id=813"},"modified":"2018-11-12T15:06:38","modified_gmt":"2018-11-12T20:06:38","slug":"em-model-hre-engineered-hoist-single-girder-configuration","status":"publish","type":"page","link":"https:\/\/www.emhcranes.com\/es\/engineered-hoists\/em-model-hre-engineered-hoist-single-girder-configuration\/","title":{"rendered":"Polipasto de ingenier\u00eda HRE modelo EM: Configuraci\u00f3n de una viga"},"content":{"rendered":"<div class=\"padded has-image small-image text-only\">\r\n<div class=\"info\">\r\n<p>El carro EM del modelo HRE fue dise\u00f1ado para aplicaciones de servicio pesado Clase D, como centros de servicio de acero, fabricantes de acero pesado e instalaciones de hormig\u00f3n prefabricado.<\/p>\r\n<p>Entre las caracter\u00edsticas del polipasto de ingenier\u00eda (HRE) modelo EM se encuentran:<\/p>\r\n<ul>\r\n\t<li>Capacidades hasta 20 tonedaladas<\/li>\r\n\t<li>Enrrollamiento simple<\/li>\r\n\t<li>Las ranuras del tambor de media profundidad eliminan la necesidad de gu\u00edas de cable<\/li>\r\n\t<li>Frenos de disco DC<\/li>\r\n\t<li>F\u00e1cil acceso a las poleas superiores para mantenimiento<\/li>\r\n\t<li>Aislamiento de motor clase F<\/li>\r\n\t<li>Interruptor de l\u00edmite con engranaje de tres posiciones (operacional inferior y superior, seguridad superior) con adici\u00f3n de l\u00edmite superior operado por peso.<\/li>\r\n\t<li>Control de polipasto VFD estandar de vector de flujo de lazo cerrado.<\/li>\r\n\t<li>Control estandar de trolley con VFD<\/li>\r\n\t<li>40.000 horas de vida \u00fatil del B-10 (motor \/ caja de engranajes del polipasto)<\/li>\r\n\t<li>Motores y cajas de cambios resistentes y duraderos con el beneficio adicional de utilizar componentes est\u00e1ndar como tambores, frenos, poleas y ruedas.<\/li>\r\n\t<li>Engranajes silenciosos AGMA Clase 11, eficientes y de alta calidad<\/li>\r\n<\/ul>\r\n<\/div>\r\n<div class=\"image\">\r\n<img decoding=\"async\" src=\"https:\/\/www.emhcranes.com\/es\/wp-content\/uploads\/2012\/05\/Eng_HRE_Hoist_3001.jpg\" \/>\r\n<\/div>\r\n<\/div>\n<div class=\"padded table-section\">\n\n<\/div>","protected":false},"excerpt":{"rendered":"<p>The EM Model HRE Trolley was designed for heavy service Class D applications such as Steel Service Centers, Heavy Steel Fabricators, and Precast Concrete Facilities. Among the features of the EM Model HRE Hoist are: Capacities to 20 tons Single reeving Half-depth drum grooves eliminate the need for rope guides DC disc brakes Easy access [&hellip;]<\/p>\n","protected":false},"author":203,"featured_media":0,"parent":407,"menu_order":3,"comment_status":"open","ping_status":"open","template":"page-templates\/crane.php","meta":{"_acf_changed":false,"_seopress_robots_primary_cat":"","_seopress_titles_title":"","_seopress_titles_desc":"","_seopress_robots_index":"","footnotes":""},"class_list":["post-813","page","type-page","status-publish","hentry"],"acf":[],"_links":{"self":[{"href":"https:\/\/www.emhcranes.com\/es\/wp-json\/wp\/v2\/pages\/813","targetHints":{"allow":["GET"]}}],"collection":[{"href":"https:\/\/www.emhcranes.com\/es\/wp-json\/wp\/v2\/pages"}],"about":[{"href":"https:\/\/www.emhcranes.com\/es\/wp-json\/wp\/v2\/types\/page"}],"author":[{"embeddable":true,"href":"https:\/\/www.emhcranes.com\/es\/wp-json\/wp\/v2\/users\/203"}],"replies":[{"embeddable":true,"href":"https:\/\/www.emhcranes.com\/es\/wp-json\/wp\/v2\/comments?post=813"}],"version-history":[{"count":0,"href":"https:\/\/www.emhcranes.com\/es\/wp-json\/wp\/v2\/pages\/813\/revisions"}],"up":[{"embeddable":true,"href":"https:\/\/www.emhcranes.com\/es\/wp-json\/wp\/v2\/pages\/407"}],"wp:attachment":[{"href":"https:\/\/www.emhcranes.com\/es\/wp-json\/wp\/v2\/media?parent=813"}],"curies":[{"name":"wp","href":"https:\/\/api.w.org\/{rel}","templated":true}]}}