{"id":5492,"date":"2012-05-03T14:08:26","date_gmt":"2012-05-03T14:08:26","guid":{"rendered":"http:\/\/emhcranes.com\/al-systems-aluminum-workstation-cranes\/"},"modified":"2025-12-23T14:25:02","modified_gmt":"2025-12-23T19:25:02","slug":"aluminum-rail-workstation-cranes-al-systems","status":"publish","type":"page","link":"https:\/\/www.emhcranes.com\/es\/gruas-de-aluminio-para-estaciones-de-trabajo-sistemas-al\/","title":{"rendered":"Aluminum Rail Workstation Cranes &#8211; AL SYSTEMS&#x2122; &#8211; 3"},"content":{"rendered":"<div class=\"padded\">\r\n<h2>\u00a1El sistema de manejo de materiales a\u00e9reos de ma\u00f1ana est\u00e1 aqu\u00ed hoy!<\/h2>\r\n<p><img fetchpriority=\"high\" decoding=\"async\" class=\"\" style=\"float: right;\" title=\"AL Lamp Post System\" src=\"https:\/\/www.emhcranes.com\/es\/emhALSystems\/AL_HighView_200.jpg\" width=\"473\" height=\"361\" \/>The EMH AL SYSTEMS&#x2122; Aluminum Crane Rail System can safely, efficiently and economically transport loads as light as 35 lbs. Its light weight and unique profile with T-slots allow systems to be designed with a wide variety of lifters and end effectors, and provide an almost unlimited number of configurations. The precise tolerances of the rail, combined with smooth running trolleys, often allow manual operation where less advanced systems would require costly motorization. Splices between lengths of rail are bolted together without gaps &#8211; you won&#8217;t feel a bump when our trolleys move over a splice. Loads will always move smoothly &#8211; even at the ends of the bridge. EMH AL SYSTEMS&#x2122; aluminum cranes components can be used in manual, semi-automatic, and completely automated systems.<\/p>\r\n<p><a title=\"Aplicaciones de gr\u00faas en estaciones de trabajo AL Systems\u2122\" href=\"https:\/\/www.emhcranes.com\/es\/al-systems-aluminum-workstation-cranes\/1174-2\/\">Ver Aplicaciones AL Systems\u2122<\/a><\/p>\r\n<p><a href=\"https:\/\/www.emhcranes.com\/wp-content\/uploads\/2025\/12\/AL-Manual-Complete-12192025.pdf\">AL Systems Complete Manual Rev Dec 2025<\/a><\/p>\r\n<h2>Ventajas de AL Systems\u2122<\/h2>\r\n<p>El sistema de estaci\u00f3n de trabajo de aluminio EMH AL SYSTEMS \u2122 es incre\u00edblemente f\u00e1cil de manejar e invita a soluciones inteligentes.<\/p>\r\n<ul style=\"margin-bottom: 48px;\">\r\n\t<li>El uso de perfiles de aluminio extruido nos brinda muchas ventajas.<\/li>\r\n\t<li>La construcci\u00f3n de la pista y la brida proporciona a las secciones una resistencia m\u00e1xima a la torsi\u00f3n y una alta capacidad de carga, a pesar de su peso ligero.<\/li>\r\n\t<li>Las diferentes ranuras en T disponibles facilitan el montaje de todo tipo de equipos. Esto nos permite ofrecer soluciones elegantes, como la integraci\u00f3n de un polipasto de cadena o un elevador inteligente.<\/li>\r\n\t<li>Las secciones del riel son tratadas en superficie, anodizadas y completamente libres de mantenimiento.<\/li>\r\n<\/ul>\r\n<h2>Configuraciones tipicas AL SYSTEMS\u2122<\/h2>\r\n<div class=\"crane-index-listing-columns configurations group\">\r\n<div class=\"crane-index-listing column\">\r\n<div class=\"image\"><img decoding=\"async\" title=\"Ceiling Mounted Workstation Crane System\" src=\"https:\/\/www.emhcranes.com\/es\/emhALSystems\/ALceiling-mounted-system_300.jpg\" \/><\/div>\r\n<h3>Sistemas de gr\u00faas para estaciones de trabajo montadas en el techo<\/h3>\r\n<p class=\"links\"><a title=\"AL SYSTEMS&#x2122; Ceiling Mounted Systems\/Single Girder\" href=\"https:\/\/www.emhcranes.com\/es\/al-systems-ceiling-mounted-workstation-cranes-prices\">Click Here<\/a>\u00a0para precios t\u00edpicos del sistema.<\/p>\r\n<\/div>\r\n<div class=\"crane-index-listing column\">\r\n<div class=\"image\"><img decoding=\"async\" title=\"Sistemas de gr\u00faas independientes para estaciones de trabajo: Estilo Poste de L\u00e1mpara\" src=\"https:\/\/www.emhcranes.com\/es\/emhALSystems\/AL_LP-System.jpg\" \/><\/div>\r\n<h3>Sistemas de gr\u00faas independientes para estaciones de trabajo: Estilo Poste de L\u00e1mpara<\/h3>\r\n<p class=\"links\"><a title=\"AL SYSTEMS&#x2122; Freestanding Lamp Post Systems\/Single Girder\" href=\"https:\/\/www.emhcranes.com\/es\/al-systems-ceiling-mounted-workstation-cranes-prices\">Click Here<\/a>\u00a0para precios t\u00edpicos del sistema.<\/p>\r\n<\/div>\r\n<div class=\"crane-index-listing column\">\r\n<div class=\"image\"><img decoding=\"async\" title=\"Freestanding Workstation Crane System\" src=\"https:\/\/www.emhcranes.com\/es\/emhALSystems\/conventional-freestanding-AL-system_300.jpg\" \/><\/div>\r\n<h3>Sistemas de gr\u00faas independientes para estaciones de trabajo: Estilo Convencional<\/h3>\r\n<p class=\"links\">Contacte a EMH para precios<\/p>\r\n<\/div>\r\n<div class=\"crane-index-listing column\">\r\n<div class=\"image\"><img decoding=\"async\" title=\"Jib Cranes: Floor Mounted\" src=\"https:\/\/www.emhcranes.com\/es\/emhALSystems\/ALpillar-jib_300.jpg\" alt=\"Gr\u00faa pescante: Estilo Pilar\" \/><\/div>\r\n<h3>Gr\u00faa pescante: Estilo Pilar<\/h3>\r\n<p class=\"links\"><a title=\"Gr\u00faas giratorias AL SYSTEMS\u2122: montadas en el suelo (pilar)\" href=\"https:\/\/www.emhcranes.com\/es\/al-systems-aluminum-workstation-cranes\/al-systems-jib-cranes-floor-mounted-pillar\/\">Click Here<\/a>\u00a0para precios t\u00edpicos del sistema.<\/p>\r\n<p class=\"links\"><a href=\"https:\/\/www.emhcranes.com\/wp-content\/uploads\/2023\/04\/Jib-Crane-Installation-REV-042623.pdf\">Click Here<\/a>\u00a0Para Manual de Instalaci\u00f3n<\/p>\r\n<\/div>\r\n<div class=\"crane-index-listing column\">\r\n<div class=\"image\"><img decoding=\"async\" title=\"Gr\u00faa pescante: Montado a la pared\" src=\"https:\/\/www.emhcranes.com\/es\/emhALSystems\/al_pillar-jib_300.jpg\" \/><\/div>\r\n<h3>Gr\u00faa pescante: Montado a la pared<\/h3>\r\n<p class=\"links\"><a title=\"Gr\u00faas giratorias AL SYSTEMS\u2122: montaje en pared\" href=\"https:\/\/www.emhcranes.com\/es\/al-systems-aluminum-workstation-cranes\/al-systems-jib-cranes-wall-mounted\/\">Click Here<\/a>\u00a0para precios t\u00edpicos del sistema.<\/p>\r\n<p class=\"links\"><a href=\"https:\/\/www.emhcranes.com\/wp-content\/uploads\/2023\/04\/Jib-Crane-Installation-REV-042623.pdf\">Click Here<\/a>\u00a0Para Manual de Instalaci\u00f3n<\/p>\r\n<\/div>\r\n<div class=\"crane-index-listing column\">\r\n<div class=\"image\"><img decoding=\"async\" title=\"Componentes para gr\u00faas de estaciones de trabajo de Aluminio\" src=\"https:\/\/www.emhcranes.com\/es\/emhALSystems\/AL-Components_300.jpg\" \/><\/div>\r\n<h3>Componentes para gr\u00faas de estaciones de trabajo de Aluminio<\/h3>\r\n<p class=\"description\">Todos los componentes de acero est\u00e1n galvanizados; tuercas de bola y placas de tuerca de bola recubiertas con molibdeno de grafito para reducir la fricci\u00f3n y el desgaste<\/p>\r\n<p class=\"links\"><a title=\"Componentes de AL Systems\u2122\" href=\"https:\/\/www.emhcranes.com\/es\/al-systems-aluminum-workstation-cranes\/al-systems-components\/\">Click Here<\/a> Para detalle de componentes<\/p>\r\n<\/div>\r\n<\/div>\r\n<div class=\"downloads-list\">\r\n<h2>Componentes \/ Especificaciones<\/h2>\r\n<ul>\r\n\t<li><a href=\"\/es\/al-systems-aluminum-workstation-cranes\/al-systems-components\/\">Componentes AL Systems\u2122<\/a><\/li>\r\n\t<li><a href=\"\/es\/al-systems-aluminum-workstation-cranes\/al-systems-freestanding-lamp-post-systemssingle-girder\/\">Sistemas de gr\u00faas independientes tipo postes de l\u00e1mparas \/ viga simple AL SYSTEMS\u2122<\/a><\/li>\r\n\t<li><a href=\"\/es\/al-systems-aluminum-workstation-cranes\/al-systems-jib-cranes-floor-mounted-pillar\/\">Gr\u00faas Pescantes: Montadas en el piso (Pilar) AL SYSTEMS\u2122<\/a><\/li>\r\n\t<li><a href=\"\/es\/al-systems-aluminum-workstation-cranes\/al-systems-jib-cranes-wall-mounted\/\">Gr\u00faas Pescantes - Montado en la pared AL SYSTEMS\u2122<\/a><\/li>\r\n\t<li><a href=\"\/es\/al-systems-aluminum-workstation-cranes\/al-systems-ceiling-mounted-systemssingle-girder\/\">Sistemas de gr\u00faas para estaciones de trabajo montadas en el techo \/ viga simple AL SYSTEMS\u2122<\/a><\/li>\r\n<\/ul>\r\n<\/div>\r\n<\/div>","protected":false},"excerpt":{"rendered":"<p>Tomorrow&#8217;s overhead material handling system is here today! The EMH AL SYSTEMS&#x2122; Aluminum Crane Rail System can safely, efficiently and economically transport loads as light as 35 lbs. Its light weight and unique profile with T-slots allow systems to be designed with a wide variety of lifters and end effectors, and provide an almost unlimited [&hellip;]<\/p>\n","protected":false},"author":203,"featured_media":0,"parent":0,"menu_order":45,"comment_status":"open","ping_status":"closed","template":"page-templates\/crane-category.php","meta":{"_acf_changed":false,"_seopress_robots_primary_cat":"","_seopress_titles_title":"","_seopress_titles_desc":"","_seopress_robots_index":"","footnotes":""},"class_list":["post-5492","page","type-page","status-publish","hentry"],"acf":[],"_links":{"self":[{"href":"https:\/\/www.emhcranes.com\/es\/wp-json\/wp\/v2\/pages\/5492","targetHints":{"allow":["GET"]}}],"collection":[{"href":"https:\/\/www.emhcranes.com\/es\/wp-json\/wp\/v2\/pages"}],"about":[{"href":"https:\/\/www.emhcranes.com\/es\/wp-json\/wp\/v2\/types\/page"}],"author":[{"embeddable":true,"href":"https:\/\/www.emhcranes.com\/es\/wp-json\/wp\/v2\/users\/203"}],"replies":[{"embeddable":true,"href":"https:\/\/www.emhcranes.com\/es\/wp-json\/wp\/v2\/comments?post=5492"}],"version-history":[{"count":1,"href":"https:\/\/www.emhcranes.com\/es\/wp-json\/wp\/v2\/pages\/5492\/revisions"}],"predecessor-version":[{"id":10403,"href":"https:\/\/www.emhcranes.com\/es\/wp-json\/wp\/v2\/pages\/5492\/revisions\/10403"}],"wp:attachment":[{"href":"https:\/\/www.emhcranes.com\/es\/wp-json\/wp\/v2\/media?parent=5492"}],"curies":[{"name":"wp","href":"https:\/\/api.w.org\/{rel}","templated":true}]}}