{"id":5001,"date":"2015-05-26T14:10:38","date_gmt":"2015-05-26T19:10:38","guid":{"rendered":"http:\/\/emhcranes.com\/?page_id=5001"},"modified":"2019-03-07T11:11:44","modified_gmt":"2019-03-07T16:11:44","slug":"gantry-cranes-standard-single-girder-models","status":"publish","type":"page","link":"https:\/\/www.emhcranes.com\/es\/gantry-cranes-standard-single-girder-models\/","title":{"rendered":"Gr\u00faas P\u00f3rticos - Estandar, Modelos de una viga"},"content":{"rendered":"<div class=\"padded\">\r\n<p>EMH puede proporcionar gr\u00faas p\u00f3rtico de una sola viga rentables y f\u00e1ciles de pedir en las capacidades y vanos m\u00e1s com\u00fanmente utilizados. Consulte la lista a continuaci\u00f3n para conocer los tramos y las capacidades.<\/p>\r\n<ul>\r\n\t<li>Haga clic para ver dibujos de AutoCAD de modelos semi-p\u00f3rticos.<br \/>\r\n<a class=\"pdf-before\" href=\"\/emhGantry\/Single_Girder_Single_Leg_3_tons.pdf\">Capacidad 3 ton<\/a><br \/>\r\n<a class=\"pdf-before\" href=\"\/emhGantry\/Single_Girder_Single_Leg_5_tons_a.pdf\">Capacidad 5 ton<\/a><br \/>\r\n<a class=\"pdf-before\" href=\"\/emhGantry\/Single_Girder_Single_Leg_7.5_tons.pdf\">Capacidad 7 ton<\/a><br \/>\r\n<a class=\"pdf-before\" href=\"\/emhGantry\/Single_Girder_Single_Leg_10_tons.pdf\">Capacidad 10 ton<\/a><\/li>\r\n<\/ul>\r\n<ul>\r\n\t<li>Haga clic para ver dibujos de AutoCAD de modelos de dos patas<br \/>\r\n<a class=\"pdf-before\" href=\"\/emhGantry\/Single_Girder_Double_Leg_3_tons.pdf\">Capacidad 3 ton<\/a><br \/>\r\n<a class=\"pdf-before\" href=\"\/emhGantry\/Single Girder Double Leg 5 tons.pdf\">Capacidad 5 ton<\/a><br \/>\r\n<a class=\"pdf-before\" href=\"\/emhGantry\/Single_Girder_Double_Leg_7.5_tons.pdf\">Capacidad 7 ton<\/a><br \/>\r\n<a class=\"pdf-before\" href=\"\/emhGantry\/Single Girder Double Leg 10 tons.pdf\">Capacidad 10 ton<\/a><\/li>\r\n<\/ul>\r\n<p><a class=\"pdf-before\" href=\"\/emhGantry\/Std SG Gantry-3D.pdf\">Haga clic para ver el dibujo 3D del modelo Semi-p\u00f3rtico.<\/a><\/p>\r\n<p><a class=\"pdf-before\" href=\"\/emhGantry\/Std DG Gantry-3D.pdf\">Haga clic para ver el dibujo 3D del modelo de dos patas<\/a><\/p>\r\n<\/div>\r\n<div class=\"padded table-section\">\r\n\r\n<div class=\"\">\r\n<div class=\"table-holder\"><table id=\"table-0\"$2>\r\n<thead>\r\n<tr id=\"tr-0-1\"$2>\r\n<th>Gantry Type<\/th>\r\n<th>Capacidad (tons)<\/th>\r\n<th>Std. Height<\/th>\r\n<th>Span<\/th>\r\n<th>Hoist<\/th>\r\n<th>MSRP*<\/th>\r\n<\/tr>\r\n<\/thead>\r\n<tbody>\r\n<tr id=\"tr-0-2\"$2>\r\n<td  rowspan=\"10\">Una sola pierna<\/td>\r\n<td  rowspan=\"10\">3 tons<\/td>\r\n<td  rowspan=\"10\">20 ft.<\/td>\r\n<td>20 ft.<\/td>\r\n<td  rowspan=\"10\">EM800E<\/td>\r\n<td  rowspan=\"10\"><a class=\"prices\" href=\"\/es\/gantry-cranes-standard-single-girder-models-prices\/?table-0\">Click for Prices<\/a><\/td>\r\n<\/tr>\r\n<tr id=\"tr-0-3\"$2>\r\n<td>24 ft.<\/td>\r\n<\/tr>\r\n<tr id=\"tr-0-4\"$2>\r\n<td>28 ft.<\/td>\r\n<\/tr>\r\n<tr id=\"tr-0-5\"$2>\r\n<td>32 ft.<\/td>\r\n<\/tr>\r\n<tr id=\"tr-0-6\"$2>\r\n<td>36 ft.<\/td>\r\n<\/tr>\r\n<tr id=\"tr-0-7\"$2>\r\n<td>40 ft.<\/td>\r\n<\/tr>\r\n<tr id=\"tr-0-8\"$2>\r\n<td>44 ft.<\/td>\r\n<\/tr>\r\n<tr id=\"tr-0-9\"$2>\r\n<td>48 ft.<\/td>\r\n<\/tr>\r\n<tr id=\"tr-0-10\"$2>\r\n<td>52 ft.<\/td>\r\n<\/tr>\r\n<tr id=\"tr-0-11\"$2>\r\n<td>56 ft.<\/td>\r\n<\/tr>\r\n<tr id=\"tr-0-12\"$2>\r\n<th>Gantry Type<\/th>\r\n<th>Capacidad (tons)<\/th>\r\n<th>Std. Height<\/th>\r\n<td>Span<\/td>\r\n<th>Hoist<\/th>\r\n<th>MSRP*<\/th>\r\n<\/tr>\r\n<tr id=\"tr-0-13\"$2>\r\n<td  rowspan=\"9\">Una sola pierna<\/td>\r\n<td  rowspan=\"9\">5 tons<\/td>\r\n<td  rowspan=\"9\">20 ft.<\/td>\r\n<td>24 ft.<\/td>\r\n<td  rowspan=\"9\">EM1000E<\/td>\r\n<td  rowspan=\"9\"><a class=\"prices\" href=\"\/es\/gantry-cranes-standard-single-girder-models-prices\/?table-0\">Click for Prices<\/a><\/td>\r\n<\/tr>\r\n<tr id=\"tr-0-14\"$2>\r\n<td>28 ft.<\/td>\r\n<\/tr>\r\n<tr id=\"tr-0-15\"$2>\r\n<td>32 ft.<\/td>\r\n<\/tr>\r\n<tr id=\"tr-0-16\"$2>\r\n<td>36 ft.<\/td>\r\n<\/tr>\r\n<tr id=\"tr-0-17\"$2>\r\n<td>40 ft.<\/td>\r\n<\/tr>\r\n<tr id=\"tr-0-18\"$2>\r\n<td>44 ft.<\/td>\r\n<\/tr>\r\n<tr id=\"tr-0-19\"$2>\r\n<td>48 ft.<\/td>\r\n<\/tr>\r\n<tr id=\"tr-0-20\"$2>\r\n<td>52 ft.<\/td>\r\n<\/tr>\r\n<tr id=\"tr-0-21\"$2>\r\n<td>56 ft.<\/td>\r\n<\/tr>\r\n<tr id=\"tr-0-22\"$2>\r\n<th>Gantry Type<\/th>\r\n<th>Capacidad (tons)<\/th>\r\n<th>Std. Height<\/th>\r\n<td>Span<\/td>\r\n<th>Hoist<\/th>\r\n<th>MSRP*<\/th>\r\n<\/tr>\r\n<tr id=\"tr-0-23\"$2>\r\n<td  rowspan=\"10\">Una sola pierna<\/td>\r\n<td  rowspan=\"10\">7.5 tons<\/td>\r\n<td  rowspan=\"10\">20 ft.<\/td>\r\n<td>20 ft.<\/td>\r\n<td  rowspan=\"10\">EM2000E<\/td>\r\n<td  rowspan=\"10\"><a class=\"prices\" href=\"\/es\/gantry-cranes-standard-single-girder-models-prices\/?table-0\">Click for Prices<\/a><\/td>\r\n<\/tr>\r\n<tr id=\"tr-0-24\"$2>\r\n<td>24 ft.<\/td>\r\n<\/tr>\r\n<tr id=\"tr-0-25\"$2>\r\n<td>28 ft.<\/td>\r\n<\/tr>\r\n<tr id=\"tr-0-26\"$2>\r\n<td>32 ft.<\/td>\r\n<\/tr>\r\n<tr id=\"tr-0-27\"$2>\r\n<td>36 ft.<\/td>\r\n<\/tr>\r\n<tr id=\"tr-0-28\"$2>\r\n<td>40 ft.<\/td>\r\n<\/tr>\r\n<tr id=\"tr-0-29\"$2>\r\n<td>44 ft.<\/td>\r\n<\/tr>\r\n<tr id=\"tr-0-30\"$2>\r\n<td>48 ft.<\/td>\r\n<\/tr>\r\n<tr id=\"tr-0-31\"$2>\r\n<td>52 ft.<\/td>\r\n<\/tr>\r\n<tr id=\"tr-0-32\"$2>\r\n<td>56 ft.<\/td>\r\n<\/tr>\r\n<tr id=\"tr-0-33\"$2>\r\n<th>Gantry Type<\/th>\r\n<th>Capacidad (tons)<\/th>\r\n<th>Std. Height<\/th>\r\n<td>Span<\/td>\r\n<th>Hoist<\/th>\r\n<th>MSRP*<\/th>\r\n<\/tr>\r\n<tr id=\"tr-0-34\"$2>\r\n<td  rowspan=\"10\">Una sola pierna<\/td>\r\n<td  rowspan=\"10\">10 tons<\/td>\r\n<td  rowspan=\"10\">20 ft.<\/td>\r\n<td>20 ft.<\/td>\r\n<td  rowspan=\"10\">EM3000E<\/td>\r\n<td  rowspan=\"10\"><a class=\"prices\" href=\"\/es\/gantry-cranes-standard-single-girder-models-prices\/?table-0\">Click for Prices<\/a><\/td>\r\n<\/tr>\r\n<tr id=\"tr-0-35\"$2>\r\n<td>24 ft.<\/td>\r\n<\/tr>\r\n<tr id=\"tr-0-36\"$2>\r\n<td>28 ft.<\/td>\r\n<\/tr>\r\n<tr id=\"tr-0-37\"$2>\r\n<td>32 ft.<\/td>\r\n<\/tr>\r\n<tr id=\"tr-0-38\"$2>\r\n<td>36 ft.<\/td>\r\n<\/tr>\r\n<tr id=\"tr-0-39\"$2>\r\n<td>40 ft.<\/td>\r\n<\/tr>\r\n<tr id=\"tr-0-40\"$2>\r\n<td>44 ft.<\/td>\r\n<\/tr>\r\n<tr id=\"tr-0-41\"$2>\r\n<td>48 ft.<\/td>\r\n<\/tr>\r\n<tr id=\"tr-0-42\"$2>\r\n<td>52 ft.<\/td>\r\n<\/tr>\r\n<tr id=\"tr-0-43\"$2>\r\n<td>56 ft.<\/td>\r\n<\/tr>\r\n<tr id=\"tr-0-44\"$2>\r\n<th>Gantry Type<\/th>\r\n<th>Capacidad (tons)<\/th>\r\n<th>Std. Height<\/th>\r\n<td>Span<\/td>\r\n<th>Hoist<\/th>\r\n<th>MSRP*<\/th>\r\n<\/tr>\r\n<tr id=\"tr-0-45\"$2>\r\n<td  rowspan=\"10\">Double Leg<\/td>\r\n<td  rowspan=\"10\">3 tons<\/td>\r\n<td  rowspan=\"10\">20 ft.<\/td>\r\n<td>20 ft.<\/td>\r\n<td  rowspan=\"10\">EM800E<\/td>\r\n<td  rowspan=\"10\"><a class=\"prices\" href=\"\/es\/gantry-cranes-standard-single-girder-models-prices\/?table-0\">Click for Prices<\/a><\/td>\r\n<\/tr>\r\n<tr id=\"tr-0-46\"$2>\r\n<td>24 ft.<\/td>\r\n<\/tr>\r\n<tr id=\"tr-0-47\"$2>\r\n<td>28 ft.<\/td>\r\n<\/tr>\r\n<tr id=\"tr-0-48\"$2>\r\n<td>32 ft.<\/td>\r\n<\/tr>\r\n<tr id=\"tr-0-49\"$2>\r\n<td>36 ft.<\/td>\r\n<\/tr>\r\n<tr id=\"tr-0-50\"$2>\r\n<td>40 ft.<\/td>\r\n<\/tr>\r\n<tr id=\"tr-0-51\"$2>\r\n<td>44 ft.<\/td>\r\n<\/tr>\r\n<tr id=\"tr-0-52\"$2>\r\n<td>48 ft.<\/td>\r\n<\/tr>\r\n<tr id=\"tr-0-53\"$2>\r\n<td>52 ft.<\/td>\r\n<\/tr>\r\n<tr id=\"tr-0-54\"$2>\r\n<td>56 ft.<\/td>\r\n<\/tr>\r\n<tr id=\"tr-0-55\"$2>\r\n<th>Gantry Type<\/th>\r\n<th>Capacidad (tons)<\/th>\r\n<th>Std. Height<\/th>\r\n<td>Span<\/td>\r\n<th>Hoist<\/th>\r\n<th>MSRP*<\/th>\r\n<\/tr>\r\n<tr id=\"tr-0-56\"$2>\r\n<td  rowspan=\"10\">Double Leg<\/td>\r\n<td  rowspan=\"10\">5 tons<\/td>\r\n<td  rowspan=\"10\">20 ft.<\/td>\r\n<td>20 ft.<\/td>\r\n<td  rowspan=\"10\">EM1000E<\/td>\r\n<td  rowspan=\"10\"><a class=\"prices\" href=\"\/es\/gantry-cranes-standard-single-girder-models-prices\/?table-0\">Click for Prices<\/a><\/td>\r\n<\/tr>\r\n<tr id=\"tr-0-57\"$2>\r\n<td>24 ft.<\/td>\r\n<\/tr>\r\n<tr id=\"tr-0-58\"$2>\r\n<td>28 ft.<\/td>\r\n<\/tr>\r\n<tr id=\"tr-0-59\"$2>\r\n<td>32 ft.<\/td>\r\n<\/tr>\r\n<tr id=\"tr-0-60\"$2>\r\n<td>36 ft.<\/td>\r\n<\/tr>\r\n<tr id=\"tr-0-61\"$2>\r\n<td>40 ft.<\/td>\r\n<\/tr>\r\n<tr id=\"tr-0-62\"$2>\r\n<td>44 ft.<\/td>\r\n<\/tr>\r\n<tr id=\"tr-0-63\"$2>\r\n<td>48 ft.<\/td>\r\n<\/tr>\r\n<tr id=\"tr-0-64\"$2>\r\n<td>52 ft.<\/td>\r\n<\/tr>\r\n<tr id=\"tr-0-65\"$2>\r\n<td>56 ft.<\/td>\r\n<\/tr>\r\n<tr id=\"tr-0-66\"$2>\r\n<th>Gantry Type<\/th>\r\n<th>Capacidad (tons)<\/th>\r\n<th>Std. Height<\/th>\r\n<td>Span<\/td>\r\n<th>Hoist<\/th>\r\n<th>MSRP*<\/th>\r\n<\/tr>\r\n<tr id=\"tr-0-67\"$2>\r\n<td  rowspan=\"10\">Double Leg<\/td>\r\n<td  rowspan=\"10\">7.5 tons<\/td>\r\n<td  rowspan=\"10\">20 ft.<\/td>\r\n<td>20 ft.<\/td>\r\n<td  rowspan=\"10\">EM2000E<\/td>\r\n<td  rowspan=\"10\"><a class=\"prices\" href=\"\/es\/gantry-cranes-standard-single-girder-models-prices\/?table-0\">Click for Prices<\/a><\/td>\r\n<\/tr>\r\n<tr id=\"tr-0-68\"$2>\r\n<td>24 ft.<\/td>\r\n<\/tr>\r\n<tr id=\"tr-0-69\"$2>\r\n<td>28 ft.<\/td>\r\n<\/tr>\r\n<tr id=\"tr-0-70\"$2>\r\n<td>32 ft.<\/td>\r\n<\/tr>\r\n<tr id=\"tr-0-71\"$2>\r\n<td>36 ft.<\/td>\r\n<\/tr>\r\n<tr id=\"tr-0-72\"$2>\r\n<td>40 ft.<\/td>\r\n<\/tr>\r\n<tr id=\"tr-0-73\"$2>\r\n<td>44 ft.<\/td>\r\n<\/tr>\r\n<tr id=\"tr-0-74\"$2>\r\n<td>48 ft.<\/td>\r\n<\/tr>\r\n<tr id=\"tr-0-75\"$2>\r\n<td>52 ft.<\/td>\r\n<\/tr>\r\n<tr id=\"tr-0-76\"$2>\r\n<td>56 ft.<\/td>\r\n<\/tr>\r\n<tr id=\"tr-0-77\"$2>\r\n<th>Gantry Type<\/th>\r\n<th>Capacidad (tons)<\/th>\r\n<th>Std. Height<\/th>\r\n<td>Span<\/td>\r\n<th>Hoist<\/th>\r\n<th>MSRP*<\/th>\r\n<\/tr>\r\n<tr id=\"tr-0-78\"$2>\r\n<td  rowspan=\"10\">Double Leg<\/td>\r\n<td  rowspan=\"10\">10 tons<\/td>\r\n<td  rowspan=\"10\">20 ft.<\/td>\r\n<td>20 ft.<\/td>\r\n<td  rowspan=\"10\">EM3000E<\/td>\r\n<td  rowspan=\"10\"><a class=\"prices\" href=\"\/es\/gantry-cranes-standard-single-girder-models-prices\/?table-0\">Click for Prices<\/a><\/td>\r\n<\/tr>\r\n<tr id=\"tr-0-79\"$2>\r\n<td>24 ft.<\/td>\r\n<\/tr>\r\n<tr id=\"tr-0-80\"$2>\r\n<td>28 ft.<\/td>\r\n<\/tr>\r\n<tr id=\"tr-0-81\"$2>\r\n<td>32 ft.<\/td>\r\n<\/tr>\r\n<tr id=\"tr-0-82\"$2>\r\n<td>36 ft.<\/td>\r\n<\/tr>\r\n<tr id=\"tr-0-83\"$2>\r\n<td>40 ft.<\/td>\r\n<\/tr>\r\n<tr id=\"tr-0-84\"$2>\r\n<td>44 ft.<\/td>\r\n<\/tr>\r\n<tr id=\"tr-0-85\"$2>\r\n<td>48 ft.<\/td>\r\n<\/tr>\r\n<tr id=\"tr-0-86\"$2>\r\n<td>52 ft.<\/td>\r\n<\/tr>\r\n<tr id=\"tr-0-87\"$2>\r\n<td>56 ft.<\/td>\r\n<\/tr>\r\n<\/tbody>\r\n<thead><\/thead>\r\n<thead><\/thead>\r\n<thead><\/thead>\r\n<thead><\/thead>\r\n<thead><\/thead>\r\n<thead><\/thead>\r\n<thead><\/thead>\r\n<\/table><\/div>\r\n<\/div>\r\n<p><strong>* Precio de venta sugerido por el fabricante<\/strong><\/p>\r\n<\/div>","protected":false},"excerpt":{"rendered":"<p>EMH can provide, cost efficient, easy-to-order single girder gantry cranes in the most commonly used capacities and spans. Check the list below for spans and capacities. Click to view AutoCAD Drawings of Single Leg Models. 3 ton capacity 5 ton capacity 7.5 ton capacity 10 ton capacity Click to view AutoCAD Drawings of Double Leg [&hellip;]<\/p>\n","protected":false},"author":203,"featured_media":0,"parent":0,"menu_order":5,"comment_status":"closed","ping_status":"open","template":"page-templates\/crane.php","meta":{"_acf_changed":false,"_seopress_robots_primary_cat":"","_seopress_titles_title":"","_seopress_titles_desc":"","_seopress_robots_index":"","footnotes":""},"class_list":["post-5001","page","type-page","status-publish","hentry"],"acf":[],"_links":{"self":[{"href":"https:\/\/www.emhcranes.com\/es\/wp-json\/wp\/v2\/pages\/5001","targetHints":{"allow":["GET"]}}],"collection":[{"href":"https:\/\/www.emhcranes.com\/es\/wp-json\/wp\/v2\/pages"}],"about":[{"href":"https:\/\/www.emhcranes.com\/es\/wp-json\/wp\/v2\/types\/page"}],"author":[{"embeddable":true,"href":"https:\/\/www.emhcranes.com\/es\/wp-json\/wp\/v2\/users\/203"}],"replies":[{"embeddable":true,"href":"https:\/\/www.emhcranes.com\/es\/wp-json\/wp\/v2\/comments?post=5001"}],"version-history":[{"count":0,"href":"https:\/\/www.emhcranes.com\/es\/wp-json\/wp\/v2\/pages\/5001\/revisions"}],"wp:attachment":[{"href":"https:\/\/www.emhcranes.com\/es\/wp-json\/wp\/v2\/media?parent=5001"}],"curies":[{"name":"wp","href":"https:\/\/api.w.org\/{rel}","templated":true}]}}