{"id":496,"date":"2012-05-11T17:08:57","date_gmt":"2012-05-11T17:08:57","guid":{"rendered":"http:\/\/emhcranes.com\/?page_id=496"},"modified":"2018-11-20T14:13:38","modified_gmt":"2018-11-20T19:13:38","slug":"power-plants","status":"publish","type":"page","link":"https:\/\/www.emhcranes.com\/es\/industries-served\/power-plants\/","title":{"rendered":"Puentes Gr\u00faas EMH en plantas de energia"},"content":{"rendered":"<div class=\"padded\">Esta gr\u00faa p\u00f3rtico de doble viga de 130\/25\/15 toneladas, con 105 pies de largo, se utiliza para instalar y dar servicio a las turbinas en una planta de energ\u00eda en ultramar.\n\nLas gr\u00faas utilizan tres polipastos de ingenier\u00eda EMH. Dos est\u00e1n montados en un carro de doble viga con pasarelas de servicio, y el otro polipasto montado a torsi\u00f3n, el cual se translada a un lado de una de las vigas.\n\nLa gr\u00faa utiliza ocho motores en los testeros. Todos los variadores  de control est\u00e1n montados en un tablero de acero inoxidable, que est\u00e1 cubierta por una sombrilla y cuenta con aire acondicionado.<\/div>","protected":false},"excerpt":{"rendered":"<p>This 130\/25\/15 ton, 105 foot span, double girder gantry is used to install and service turbines at on overseas power plant. The cranes uses three EMH Engineered hoists. Two are mounted on a double girder trolley with service walkways, and a torsion mounted hoist runs along the side of one girder. The crane uses eight [&hellip;]<\/p>\n","protected":false},"author":203,"featured_media":6423,"parent":369,"menu_order":0,"comment_status":"open","ping_status":"open","template":"page-templates\/industry.php","meta":{"_acf_changed":false,"_seopress_robots_primary_cat":"","_seopress_titles_title":"","_seopress_titles_desc":"","_seopress_robots_index":"","footnotes":""},"class_list":["post-496","page","type-page","status-publish","has-post-thumbnail","hentry"],"acf":[],"_links":{"self":[{"href":"https:\/\/www.emhcranes.com\/es\/wp-json\/wp\/v2\/pages\/496","targetHints":{"allow":["GET"]}}],"collection":[{"href":"https:\/\/www.emhcranes.com\/es\/wp-json\/wp\/v2\/pages"}],"about":[{"href":"https:\/\/www.emhcranes.com\/es\/wp-json\/wp\/v2\/types\/page"}],"author":[{"embeddable":true,"href":"https:\/\/www.emhcranes.com\/es\/wp-json\/wp\/v2\/users\/203"}],"replies":[{"embeddable":true,"href":"https:\/\/www.emhcranes.com\/es\/wp-json\/wp\/v2\/comments?post=496"}],"version-history":[{"count":0,"href":"https:\/\/www.emhcranes.com\/es\/wp-json\/wp\/v2\/pages\/496\/revisions"}],"up":[{"embeddable":true,"href":"https:\/\/www.emhcranes.com\/es\/wp-json\/wp\/v2\/pages\/369"}],"wp:featuredmedia":[{"embeddable":true,"href":"https:\/\/www.emhcranes.com\/es\/wp-json\/wp\/v2\/media\/6423"}],"wp:attachment":[{"href":"https:\/\/www.emhcranes.com\/es\/wp-json\/wp\/v2\/media?parent=496"}],"curies":[{"name":"wp","href":"https:\/\/api.w.org\/{rel}","templated":true}]}}