{"id":479,"date":"2012-05-11T17:01:01","date_gmt":"2012-05-11T17:01:01","guid":{"rendered":"http:\/\/emhcranes.com\/?page_id=479"},"modified":"2018-11-20T14:11:46","modified_gmt":"2018-11-20T19:11:46","slug":"metal-service-centers","status":"publish","type":"page","link":"https:\/\/www.emhcranes.com\/es\/industries-served\/metal-service-centers\/","title":{"rendered":"Puentes Gr\u00faas EMH en centros de servicio de metales"},"content":{"rendered":"<div class=\"padded\">Dos puentes gr\u00faas de 30ton con polipastos dise\u00f1ados para el manejo del exigente ciclo de servicio de mover bobinas grandes, dos turnos por d\u00eda.<\/div>","protected":false},"excerpt":{"rendered":"<p>Dos puentes gr\u00faas de 30ton con polipastos dise\u00f1ados para el manejo del exigente ciclo de servicio de mover bobinas grandes, dos turnos por d\u00eda.<\/p>","protected":false},"author":203,"featured_media":6416,"parent":369,"menu_order":0,"comment_status":"open","ping_status":"open","template":"page-templates\/industry.php","meta":{"_acf_changed":false,"_seopress_robots_primary_cat":"","_seopress_titles_title":"","_seopress_titles_desc":"","_seopress_robots_index":"","_seopress_analysis_target_kw":"","footnotes":""},"class_list":["post-479","page","type-page","status-publish","has-post-thumbnail","hentry"],"acf":[],"_links":{"self":[{"href":"https:\/\/www.emhcranes.com\/es\/wp-json\/wp\/v2\/pages\/479","targetHints":{"allow":["GET"]}}],"collection":[{"href":"https:\/\/www.emhcranes.com\/es\/wp-json\/wp\/v2\/pages"}],"about":[{"href":"https:\/\/www.emhcranes.com\/es\/wp-json\/wp\/v2\/types\/page"}],"author":[{"embeddable":true,"href":"https:\/\/www.emhcranes.com\/es\/wp-json\/wp\/v2\/users\/203"}],"replies":[{"embeddable":true,"href":"https:\/\/www.emhcranes.com\/es\/wp-json\/wp\/v2\/comments?post=479"}],"version-history":[{"count":0,"href":"https:\/\/www.emhcranes.com\/es\/wp-json\/wp\/v2\/pages\/479\/revisions"}],"up":[{"embeddable":true,"href":"https:\/\/www.emhcranes.com\/es\/wp-json\/wp\/v2\/pages\/369"}],"wp:featuredmedia":[{"embeddable":true,"href":"https:\/\/www.emhcranes.com\/es\/wp-json\/wp\/v2\/media\/6416"}],"wp:attachment":[{"href":"https:\/\/www.emhcranes.com\/es\/wp-json\/wp\/v2\/media?parent=479"}],"curies":[{"name":"wp","href":"https:\/\/api.w.org\/{rel}","templated":true}]}}