{"id":4618,"date":"2015-02-03T15:03:57","date_gmt":"2015-02-03T20:03:57","guid":{"rendered":"http:\/\/emhcranes.com\/?page_id=4618"},"modified":"2018-11-14T13:06:29","modified_gmt":"2018-11-14T18:06:29","slug":"bridge-control-panels","status":"publish","type":"page","link":"https:\/\/www.emhcranes.com\/es\/emh-endtrucks\/bridge-control-panels\/","title":{"rendered":"Tableros de control para Puentes Gr\u00faas"},"content":{"rendered":"<div class=\"padded has-image\">\r\n<div class=\"image\">\r\n<img decoding=\"async\" src=\"\/wp-content\/uploads\/2015\/01\/Bridge-Control-Panel-Dimensions-e1422648546689.jpg\" alt=\"Bridge Control Panel Dimensions\" \/>\r\n<\/div>\r\n<\/div>\r\n<div class=\"padded table-section\">\n\r\n<div class=\"\">\r\n<h3>Especificaciones de control de puente<\/h3>\r\n<div class=\"table-holder\"><table id=\"table-0\"$2>\r\n<thead>\r\n<tr id=\"tr-0-1\"$2>\r\n<th>Bridge HP<\/th>\r\n<th>Lockable<br \/>\r\nDisconnect**<\/th>\r\n<th>Mainline<br \/>\r\nContactor**<\/th>\r\n<th>Enclosure<br \/>\r\nType*<\/th>\r\n<th>460 volt<br \/>\r\nVFD<\/th>\r\n<th>230-208 volt<br \/>\r\nVFD<\/th>\r\n<\/tr>\r\n<\/thead>\r\n<tbody>\r\n<tr id=\"tr-0-2\"$2>\r\n<td>2<\/td>\r\n<td>40 amp<\/td>\r\n<td>32 amp<\/td>\r\n<td>Un<\/td>\r\n<td><a title=\"Bridge Control Panel Prices\" href=\"\/es\/emh-endtrucks\/bridge-control-panel-prices\/?table-0\" class=\"prices\">Click for price.<\/a><\/td>\r\n<td><a title=\"Bridge Control Panel Prices\" href=\"\/es\/emh-endtrucks\/bridge-control-panel-prices\/?table-0\" class=\"prices\">Click for price.<\/a><\/td>\r\n<\/tr>\r\n<tr id=\"tr-0-3\"$2>\r\n<td>3<\/td>\r\n<td>40 amp<\/td>\r\n<td>32 amp<\/td>\r\n<td>Un<\/td>\r\n<td><a title=\"Bridge Control Panel Prices\" href=\"\/es\/emh-endtrucks\/bridge-control-panel-prices\/?table-0\" class=\"prices\">Click for price.<\/a><\/td>\r\n<td><a title=\"Bridge Control Panel Prices\" href=\"\/es\/emh-endtrucks\/bridge-control-panel-prices\/?table-0\" class=\"prices\">Click for price.<\/a><\/td>\r\n<\/tr>\r\n<tr id=\"tr-0-4\"$2>\r\n<td>5<\/td>\r\n<td>63 amp<\/td>\r\n<td>50 amp<\/td>\r\n<td>Un<\/td>\r\n<td><a title=\"Bridge Control Panel Prices\" href=\"\/es\/emh-endtrucks\/bridge-control-panel-prices\/?table-0\" class=\"prices\">Click for price.<\/a><\/td>\r\n<td><a title=\"Bridge Control Panel Prices\" href=\"\/es\/emh-endtrucks\/bridge-control-panel-prices\/?table-0\" class=\"prices\">Click for price.<\/a><\/td>\r\n<\/tr>\r\n<tr id=\"tr-0-5\"$2>\r\n<td>7.5<\/td>\r\n<td>80 amp<\/td>\r\n<td>65 amp<\/td>\r\n<td>B<\/td>\r\n<td><a title=\"Bridge Control Panel Prices\" href=\"\/es\/emh-endtrucks\/bridge-control-panel-prices\/?table-0\" class=\"prices\">Click for price.<\/a><\/td>\r\n<td><a title=\"Bridge Control Panel Prices\" href=\"\/es\/emh-endtrucks\/bridge-control-panel-prices\/?table-0\" class=\"prices\">Click for price.<\/a><\/td>\r\n<\/tr>\r\n<tr id=\"tr-0-6\"$2>\r\n<td>10<\/td>\r\n<td>80 amp<\/td>\r\n<td>80 amp<\/td>\r\n<td>B<\/td>\r\n<td><a title=\"Bridge Control Panel Prices\" href=\"\/es\/emh-endtrucks\/bridge-control-panel-prices\/?table-0\" class=\"prices\">Click for price.<\/a><\/td>\r\n<td><a title=\"Bridge Control Panel Prices\" href=\"\/es\/emh-endtrucks\/bridge-control-panel-prices\/?table-0\" class=\"prices\">Click for price.<\/a><\/td>\r\n<\/tr>\r\n<\/tbody>\r\n<\/table><\/div>\r\n<\/div>\r\n<\/div>\r\n<div class=\"padded\">\r\n<p><em><strong>*Ver dibujo de gabinete del tablero de control para dimenciones y detalles<\/strong><\/em><\/p>\r\n<p><em><strong>** Clasificaciones de amperaje m\u00e1s altas disponibles. Comun\u00edquese con EMH, Inc. para obtener m\u00e1s detalles.<\/strong><\/em><\/p>\r\n<h3>Los precios del panel de control del puente son precios de lista e incluyen:<\/h3>\r\n<ul>\r\n \t<li>Fusible Mainline<\/li>\r\n \t<li>Enchufes de conexi\u00f3n r\u00e1pida<\/li>\r\n \t<li>Fusibles<\/li>\r\n \t<li>Transformador de control con fusible primario y secundario<\/li>\r\n \t<li>Variador de frecuencia PE<\/li>\r\n \t<li>Gabinete NEMA12<\/li>\r\n \t<li>Freno din\u00e1mico<\/li>\r\n \t<li>Desconexi\u00f3n bloqueable<\/li>\r\n<\/ul>\r\n<\/div>","protected":false},"excerpt":{"rendered":"<p>Bridge Control Specifications Bridge HP Lockable Disconnect** Mainline Contactor** Enclosure Type* 460 volt VFD 230-208 volt VFD 2 40 amp 32 amp A Click for price. Click for price. 3 40 amp 32 amp A Click for price. Click for price. 5 63 amp 50 amp A Click for price. Click for price. 7.5 80 [&hellip;]<\/p>\n","protected":false},"author":203,"featured_media":0,"parent":409,"menu_order":6,"comment_status":"closed","ping_status":"open","template":"page-templates\/crane.php","meta":{"_acf_changed":false,"_seopress_robots_primary_cat":"","_seopress_titles_title":"","_seopress_titles_desc":"","_seopress_robots_index":"","footnotes":""},"class_list":["post-4618","page","type-page","status-publish","hentry"],"acf":[],"_links":{"self":[{"href":"https:\/\/www.emhcranes.com\/es\/wp-json\/wp\/v2\/pages\/4618","targetHints":{"allow":["GET"]}}],"collection":[{"href":"https:\/\/www.emhcranes.com\/es\/wp-json\/wp\/v2\/pages"}],"about":[{"href":"https:\/\/www.emhcranes.com\/es\/wp-json\/wp\/v2\/types\/page"}],"author":[{"embeddable":true,"href":"https:\/\/www.emhcranes.com\/es\/wp-json\/wp\/v2\/users\/203"}],"replies":[{"embeddable":true,"href":"https:\/\/www.emhcranes.com\/es\/wp-json\/wp\/v2\/comments?post=4618"}],"version-history":[{"count":0,"href":"https:\/\/www.emhcranes.com\/es\/wp-json\/wp\/v2\/pages\/4618\/revisions"}],"up":[{"embeddable":true,"href":"https:\/\/www.emhcranes.com\/es\/wp-json\/wp\/v2\/pages\/409"}],"wp:attachment":[{"href":"https:\/\/www.emhcranes.com\/es\/wp-json\/wp\/v2\/media?parent=4618"}],"curies":[{"name":"wp","href":"https:\/\/api.w.org\/{rel}","templated":true}]}}