{"id":4487,"date":"2014-11-03T14:18:58","date_gmt":"2014-11-03T19:18:58","guid":{"rendered":"http:\/\/emhcranes.com\/?page_id=4487"},"modified":"2018-11-12T13:12:17","modified_gmt":"2018-11-12T18:12:17","slug":"wire-rope-for-hazardous-duty-hoists-model-e-single-girder","status":"publish","type":"page","link":"https:\/\/www.emhcranes.com\/es\/wire-rope-hoists\/wire-rope-for-hazardous-duty-hoists-model-e-single-girder\/","title":{"rendered":"Polipastos a cable para ambientes peligroso - Modelo E"},"content":{"rendered":"<div class=\"padded has-image small-image\">\r\n<div class=\"info\">\r\n<h2>Polipastos Monorriel Modelo E, Dise\u00f1ado para instalaciones de ambiente peligroso<\/h2>\r\n<p>La linea de polipastos estandares de EMH serian equipados con motores que cumplen:<\/p>\r\n<ul>\r\n<li>IECEx CES 10.0023X Issue No.0 of 2011-03-15<\/li>\r\n<li>ATEX Directive 94\/9\/EC, CESI 06 ATEX 059<\/li>\r\n<\/ul>\r\n<p>Frenos se ajustan a:<\/p>\r\n<ul>\r\n<li>IECEx INE 11.0037X<\/li>\r\n<li>ATEX Directive 94\/9\/EC, INERIS 06ATEX0047<\/li>\r\n<li>CSA<\/li>\r\n<\/ul>\r\n<p>Dado que su requisito establecido es Clase I, Divisi\u00f3n 2, Grupos C y D, nuestra intenci\u00f3n es suministrar motores as\u00edncronos trif\u00e1sicos de acuerdo con IECEx CES 10.0023X Edici\u00f3n No.0 de 2011-03-15, y la Directiva ATEX 94 \/ 9 \/ CE, CESI 06 ATEX 059. Si se opone a esto, notifique a EMH lo antes posible. Tenga en cuenta el costo adicional para UL \/ CSA \/ NEC<\/p>\r\n<\/div>\r\n<div class=\"image\">\r\n<img decoding=\"async\" src=\"\/wp-content\/uploads\/2014\/11\/IMG_0862rs-e1415139141684.jpg\" \/>\r\n<\/div>\r\n<\/div>\r\n<div class=\"padded table-section\">\n\r\n<div class=\"\">\r\n<div class=\"table-holder\"><table id=\"table-0\"$2>\r\n<thead>\r\n<tr id=\"tr-0-1\"$2>\r\n<th>Numero de Modelo del polipasto<\/th>\r\n<th>Capacidad (tons)<\/th>\r\n<th>Izaje<\/th>\r\n<th>Velocidad de izaje<\/th>\r\n<th>Precio (US$)<\/th>\r\n<th>Adicionar UL\/CSA\/NEC<\/th>\r\n<\/tr>\r\n<\/thead>\r\n<tbody>\r\n<tr id=\"tr-0-2\"$2>\r\n<td>EM0832L1-162.41.101.EX<\/td>\r\n<td>3 tons<\/td>\r\n<td>33 ft.<\/td>\r\n<td>1-speed<\/td>\r\n<td><a title=\"Hazardous Duty Hoists\" href=\"\/es\/hazardous-duty-hoists-model-e-single-girder-prices\/?table-0\" class=\"prices\">Haga Click por Precios<\/a><\/td>\r\n<td><a title=\"Hazardous Duty Hoist Prices\" href=\"\/es\/hazardous-duty-hoists-model-e-single-girder-prices\/?table-0\" class=\"prices\">Haga Click por Precios<\/a><\/td>\r\n<\/tr>\r\n<tr id=\"tr-0-3\"$2>\r\n<td>EM1050L1-161.41.100.EX<\/td>\r\n<td>5 tons<\/td>\r\n<td>33 ft.<\/td>\r\n<td>1-speed<\/td>\r\n<td><a title=\"Hazardous Duty Hoists\" href=\"\/es\/hazardous-duty-hoists-model-e-single-girder-prices\/?table-0\" class=\"prices\">Haga Click por Precios<\/a><\/td>\r\n<td><a title=\"Hazardous Duty Prices\" href=\"\/es\/hazardous-duty-hoists-model-e-single-girder-prices\/?table-0\" class=\"prices\">Haga Click por Precios<\/a><\/td>\r\n<\/tr>\r\n<tr id=\"tr-0-4\"$2>\r\n<td>EM2063L1-161.41.100.EX<\/td>\r\n<td>7.5 tons<\/td>\r\n<td>33 ft.<\/td>\r\n<td>1-speed<\/td>\r\n<td><a title=\"Hazardous Duty Hoists\" href=\"\/es\/hazardous-duty-hoists-model-e-single-girder-prices\/?table-0\" class=\"prices\">Haga Click por Precios<\/a><\/td>\r\n<td><a title=\"Hazardous Duty Prices\" href=\"\/es\/hazardous-duty-hoists-model-e-single-girder-prices\/?table-0\" class=\"prices\">Haga Click por Precios<\/a><\/td>\r\n<\/tr>\r\n<tr id=\"tr-0-5\"$2>\r\n<td>EM3100L1-162.41.101.EX<\/td>\r\n<td>10 tons<\/td>\r\n<td>33 ft.<\/td>\r\n<td>1-speed<\/td>\r\n<td><a title=\"Hazardous Duty Hoists\" href=\"\/es\/hazardous-duty-hoists-model-e-single-girder-prices\/?table-0\" class=\"prices\">Haga Click por Precios<\/a><\/td>\r\n<td><a title=\"Hazardous Duty Prices\" href=\"\/es\/hazardous-duty-hoists-model-e-single-girder-prices\/?table-0\" class=\"prices\">Haga Click por Precios<\/a><\/td>\r\n<\/tr>\r\n<tr id=\"tr-0-6\"$2>\r\n<td>EM0832L6-162.41.101.EX<\/td>\r\n<td>3 tons<\/td>\r\n<td>33 ft.<\/td>\r\n<td>2-speed<\/td>\r\n<td><a title=\"Hazardous Duty Hoists\" href=\"\/es\/hazardous-duty-hoists-model-e-single-girder-prices\/?table-0\" class=\"prices\">Haga Click por Precios<\/a><\/td>\r\n<td><a title=\"Hazardous Duty Hoists\" href=\"\/es\/hazardous-duty-hoists-model-e-single-girder-prices\/?table-0\" class=\"prices\">Haga Click por Precios<\/a><\/td>\r\n<\/tr>\r\n<tr id=\"tr-0-7\"$2>\r\n<td>EM1050L6-161.41.100.EX<\/td>\r\n<td>5 tons<\/td>\r\n<td>33 ft.<\/td>\r\n<td>2-speed<\/td>\r\n<td><a title=\"Hazardous Duty Hoists\" href=\"\/es\/hazardous-duty-hoists-model-e-single-girder-prices\/?table-0\" class=\"prices\">Haga Click por Precios<\/a><\/td>\r\n<td><a title=\"Hazardous Duty Hoists\" href=\"\/es\/hazardous-duty-hoists-model-e-single-girder-prices\/?table-0\" class=\"prices\">Haga Click por Precios<\/a><\/td>\r\n<\/tr>\r\n<tr id=\"tr-0-8\"$2>\r\n<td>EM2063L6-161.41.100.EX<\/td>\r\n<td>7.5 tons<\/td>\r\n<td>33 ft.<\/td>\r\n<td>2-speed<\/td>\r\n<td><a title=\"Hazardous Duty Hoists\" href=\"\/es\/hazardous-duty-hoists-model-e-single-girder-prices\/?table-0\" class=\"prices\">Haga Click por Precios<\/a><\/td>\r\n<td><a title=\"Hazardous Duty Hoists\" href=\"\/es\/hazardous-duty-hoists-model-e-single-girder-prices\/?table-0\" class=\"prices\">Haga Click por Precios<\/a><\/td>\r\n<\/tr>\r\n<tr id=\"tr-0-9\"$2>\r\n<td>EM3100L6-162.41.101.EX<\/td>\r\n<td>10 tons<\/td>\r\n<td>33 ft.<\/td>\r\n<td>2-speed<\/td>\r\n<td><a title=\"Hazardous Duty Hoists\" href=\"\/es\/hazardous-duty-hoists-model-e-single-girder-prices\/?table-0\" class=\"prices\">Haga Click por Precios<\/a><\/td>\r\n<td><a title=\"Hazardous Duty Hoists\" href=\"\/es\/hazardous-duty-hoists-model-e-single-girder-prices\/?table-0\" class=\"prices\">Haga Click por Precios<\/a><\/td>\r\n<\/tr>\r\n<\/tbody>\r\n<\/table><\/div>\r\n<\/div>\r\n<h3>Items Opcionales<\/h3>\r\n<div class=\"\">\r\n<div class=\"table-holder\"><table id=\"table-1\"$2>\r\n<tbody>\r\n<tr id=\"tr-1-1\"$2>\r\n<\/tr><tr id=\"tr-1-2\"$2>\r\n<td>Alarma Sonora, Prueba de explosi\u00f3n<\/td>\r\n<td><a title=\"Hazardous Duty Hoists\" href=\"\/es\/hazardous-duty-hoists-model-e-single-girder-prices\/\" class=\"prices\">Haga Click por Precios<\/a><\/td>\r\n<\/tr>\r\n<tr id=\"tr-1-3\"$2>\r\n<td>Alarma estroboscopia Roja 120 VAC Divisi\u00f3n 2 Locaci\u00f3n peligrosa<\/td>\r\n<td><a title=\"Hazardous Duty Hoists\" href=\"\/es\/hazardous-duty-hoists-model-e-single-girder-prices\/\" class=\"prices\">Haga Click por Precios<\/a><\/td>\r\n<\/tr>\r\n<tr id=\"tr-1-4\"$2>\r\n<td>Botonera para instalaciones de Clase 1, Div 2<\/td>\r\n<td><a title=\"Hazardous Duty Hoists\" href=\"\/es\/hazardous-duty-hoists-model-e-single-girder-prices\/\" class=\"prices\">Haga Click por Precios<\/a><\/td>\r\n<\/tr>\r\n<tr id=\"tr-1-5\"$2>\r\n<td>Limitador de carga<\/td>\r\n<td><a title=\"Hazardous Duty Hoists\" href=\"\/es\/hazardous-duty-hoists-model-e-single-girder-prices\/\" class=\"prices\">Haga Click por Precios<\/a><\/td>\r\n<\/tr>\r\n<\/tbody>\r\n<\/table><\/div>\r\n<p><strong>Consulte a la f\u00e1brica para conocer velocidades, elevaciones, capacidades y configuraciones adicionales<\/strong><\/p>\r\n<p><strong>Consulte a la f\u00e1brica para obtener caracter\u00edsticas opcionales resistentes a las chispas<\/strong><\/p>\r\n<\/div>\r\n<\/div>","protected":false},"excerpt":{"rendered":"<p>EMH Model E Monorail Hoists Designed for Hazardous Duty Locations The EMH Standard line of hoists will be equipped with motors that conform to: IECEx CES 10.0023X Issue No.0 of 2011-03-15 ATEX Directive 94\/9\/EC, CESI 06 ATEX 059 Brakes that conform to: IECEx INE 11.0037X ATEX Directive 94\/9\/EC, INERIS 06ATEX0047 CSA Since your stated requirement [&hellip;]<\/p>\n","protected":false},"author":203,"featured_media":0,"parent":405,"menu_order":4,"comment_status":"closed","ping_status":"open","template":"page-templates\/crane.php","meta":{"_acf_changed":false,"_seopress_robots_primary_cat":"","_seopress_titles_title":"","_seopress_titles_desc":"","_seopress_robots_index":"","footnotes":""},"class_list":["post-4487","page","type-page","status-publish","hentry"],"acf":[],"_links":{"self":[{"href":"https:\/\/www.emhcranes.com\/es\/wp-json\/wp\/v2\/pages\/4487","targetHints":{"allow":["GET"]}}],"collection":[{"href":"https:\/\/www.emhcranes.com\/es\/wp-json\/wp\/v2\/pages"}],"about":[{"href":"https:\/\/www.emhcranes.com\/es\/wp-json\/wp\/v2\/types\/page"}],"author":[{"embeddable":true,"href":"https:\/\/www.emhcranes.com\/es\/wp-json\/wp\/v2\/users\/203"}],"replies":[{"embeddable":true,"href":"https:\/\/www.emhcranes.com\/es\/wp-json\/wp\/v2\/comments?post=4487"}],"version-history":[{"count":0,"href":"https:\/\/www.emhcranes.com\/es\/wp-json\/wp\/v2\/pages\/4487\/revisions"}],"up":[{"embeddable":true,"href":"https:\/\/www.emhcranes.com\/es\/wp-json\/wp\/v2\/pages\/405"}],"wp:attachment":[{"href":"https:\/\/www.emhcranes.com\/es\/wp-json\/wp\/v2\/media?parent=4487"}],"curies":[{"name":"wp","href":"https:\/\/api.w.org\/{rel}","templated":true}]}}