{"id":411,"date":"2012-05-08T14:14:59","date_gmt":"2012-05-08T14:14:59","guid":{"rendered":"http:\/\/emhcranes.com\/?page_id=411"},"modified":"2022-08-24T14:13:03","modified_gmt":"2022-08-24T18:13:03","slug":"overhead-crane-kits-system-2000-g-series","status":"publish","type":"page","link":"https:\/\/www.emhcranes.com\/es\/overhead-crane-kits-system-2000-g-series\/","title":{"rendered":"Overhead Crane Kits &#8211; System 2000-G Series"},"content":{"rendered":"<div class=\"padded has-image\">\r\n<div class=\"image\"><img decoding=\"async\" src=\"\/wp-content\/uploads\/2012\/05\/System2000_overall_400.jpg\" alt=\"System 2000 Bridge Crane Kit\" \/><\/div>\r\n<\/div>\r\n<div class=\"padded\">\r\n<p>\u00a1EMH facilita el dise\u00f1o, la fabricaci\u00f3n y la instalaci\u00f3n de su gr\u00faa! El kit System 2000 incluye todos los componentes de primera calidad para nuestras\u00a0<a title=\"Crane Kits \u2013 System 2000 \u2013 ZLW\" href=\"\/es\/overhead-crane-kits-system-2000\/system-2000-crane-kits-5\/\">Gr\u00faas de doble viga amarre superior ZLW<\/a>,\u00a0<a title=\"Crane Kits \u2013 System 2000 DLVM\" href=\"\/es\/overhead-crane-kits-system-2000\/system-2000-crane-kits-2\/\">Gr\u00faas monovigas, bajo viga carrilera DLVM<\/a>,\u00a0<a title=\"Crane Kits \u2013 System 2000 ELV\" href=\"\/es\/overhead-crane-kits-system-2000\/system-2000-crane-kits-3\/\">Puentes gr\u00faas monorriel ELV<\/a>\u00a0y\u00a0<a title=\"Crane Kits \u2013 System 2000 EDL\" href=\"\/es\/overhead-crane-kits-system-2000\/system-2000-crane-kits-4\/\">Gr\u00faas monoviga de recorrido bajo viga con altura perdida minima EDL<\/a>Cada crane kit incuye:<\/p>\r\n<ul>\r\n\t<li><strong>Polipasto a cable\u00a0<\/strong>with 20 feet of lift and a lifting speed of 16\/2.6 FPM with trolley speed at\u00a065 FPM VFD.<br \/>\r\nOptional lifts and speeds available.<\/li>\r\n\t<li><strong>Testeros<\/strong>\u00a0with a travel speed of 120 FPM (VFD) complete with mounting plates, bolts and bumpers.<br \/>\r\n(Single and two-speed drives also available.)<\/li>\r\n\t<li><strong>Brazos de remolque de carro\u00a0<\/strong>con abrazaderas para tubos que el constructor debe cortar a la medida y atornilladas o soldadas al carro.<\/li>\r\n\t<li>Carros de arrastre completo y botonera deslizante del <strong>Sistema festoon<\/strong> con todos los accesorios de montaje necesarios. Los cables est\u00e1n precableados para desconectar r\u00e1pidamente con los enchufes. Los carros del festoon ya est\u00e1n sujetos a los cables.<\/li>\r\n\t<li><strong>Cables conductores del puente<\/strong> precableado a <strong>Enchufes de conexi\u00f3n r\u00e1pida<\/strong>.<\/li>\r\n\t<li><strong>Tablero de control de gr\u00faa<\/strong>\u00a0con fusible de desconexi\u00f3n de la l\u00ednea principal con fusible bloqueable, contactores de enclavamiento mec\u00e1nico el\u00e9ctrico y protecci\u00f3n del motor. Las conexiones de alimentaci\u00f3n y control est\u00e1n precableadas a trav\u00e9s de regletas de terminales para desconectar r\u00e1pidamente con los enchufes. El panel est\u00e1 montado en un gabinete NEMA12.<br \/>\r\n<em>Nota<\/em>: Los componentes se basan en una fuente de alimentaci\u00f3n 460-3-60. Para otros voltajes, comun\u00edquese con EMH.<\/li>\r\n\t<li><strong>Topes para trolley<\/strong><\/li>\r\n\t<li><strong>Detalles de ingenier\u00eda<\/strong> para la construcci\u00f3n de la viga  y ensamble de la gr\u00faa, incluyendo dos sets de manual de mantenimiento<\/li>\r\n\t<li><strong>Kits especiales<\/strong> disponible a pedido.<\/li>\r\n<\/ul>\r\n\r\n<h3>System 2000-G Series Kits Specifically Designed for Each of Our Crane Series:<\/h3>\r\n<p>Haga clic en el modelo de gr\u00faas para obtener informaci\u00f3n de especificaciones y de precios.<\/p>\r\n<ul>\r\n\t<li><a href=\"\/es\/overhead-crane-kits-system-2000\/system-2000-crane-kits-3\/\">Puentes gr\u00faas monorriel de amarre superior ELV<\/a><\/li>\r\n\t<li><a title=\"Crane Kits \u2013 System 2000 \u2013 ZLW\" href=\"\/es\/overhead-crane-kits-system-2000\/system-2000-crane-kits-5\/\">Gr\u00faas de doble viga amarre superior ZLW<\/a><\/li>\r\n\t<li><a title=\"Crane Kits \u2013 System 2000 DLVM\" href=\"\/es\/overhead-crane-kits-system-2000\/system-2000-crane-kits-2\/\">Gr\u00faas monovigas bajo viga carrilera DLVM<\/a><\/li>\r\n\t<li><a title=\"Crane Kits \u2013 System 2000 EDL\" href=\"\/es\/overhead-crane-kits-system-2000\/system-2000-crane-kits-4\/\">Gr\u00faas monoviga de recorrido bajo viga con altura perdida minima EDL<\/a><\/li>\r\n<\/ul>\r\n<\/div>","protected":false},"excerpt":{"rendered":"<p>EMH makes it easy to design, manufacture, and install your crane! The System 2000 Kit includes all the top quality components for our\u00a0ZLW Double Girder Top Running Cranes,\u00a0DLVM Single Girder Under Running Cranes,\u00a0ELV Single Girder Top Running Cranes\u00a0and\u00a0EDL Single Girder Low Headroom Under Running Cranes.Each Crane Kit includes: Wire Rope Hoist\u00a0with 20 feet of lift [&hellip;]<\/p>\n","protected":false},"author":203,"featured_media":0,"parent":0,"menu_order":51,"comment_status":"open","ping_status":"closed","template":"page-templates\/crane.php","meta":{"_acf_changed":false,"_seopress_robots_primary_cat":"","_seopress_titles_title":"","_seopress_titles_desc":"","_seopress_robots_index":"","footnotes":""},"class_list":["post-411","page","type-page","status-publish","hentry"],"acf":[],"_links":{"self":[{"href":"https:\/\/www.emhcranes.com\/es\/wp-json\/wp\/v2\/pages\/411","targetHints":{"allow":["GET"]}}],"collection":[{"href":"https:\/\/www.emhcranes.com\/es\/wp-json\/wp\/v2\/pages"}],"about":[{"href":"https:\/\/www.emhcranes.com\/es\/wp-json\/wp\/v2\/types\/page"}],"author":[{"embeddable":true,"href":"https:\/\/www.emhcranes.com\/es\/wp-json\/wp\/v2\/users\/203"}],"replies":[{"embeddable":true,"href":"https:\/\/www.emhcranes.com\/es\/wp-json\/wp\/v2\/comments?post=411"}],"version-history":[{"count":0,"href":"https:\/\/www.emhcranes.com\/es\/wp-json\/wp\/v2\/pages\/411\/revisions"}],"wp:attachment":[{"href":"https:\/\/www.emhcranes.com\/es\/wp-json\/wp\/v2\/media?parent=411"}],"curies":[{"name":"wp","href":"https:\/\/api.w.org\/{rel}","templated":true}]}}