{"id":409,"date":"2012-05-07T14:14:35","date_gmt":"2012-05-07T14:14:35","guid":{"rendered":"http:\/\/emhcranes.com\/?page_id=409"},"modified":"2020-04-22T16:44:03","modified_gmt":"2020-04-22T20:44:03","slug":"emh-endtrucks","status":"publish","type":"page","link":"https:\/\/www.emhcranes.com\/es\/emh-endtrucks\/","title":{"rendered":"Testeros EMH"},"content":{"rendered":"<div class=\"padded\">\r\n<p>Los testeros EMH son componentes de alta calidad, dise\u00f1ados para brindar confiabilidad y econom\u00eda. La estructura de acero del testero es una viga caj\u00f3n resistente a la torsi\u00f3n, preparada para ser conectada a la viga de la gr\u00faa. El mecanizado preciso y la alineaci\u00f3n exacta de las placas de montaje de la viga de la gr\u00faa garantizan unas caracter\u00edsticas de desplazamiento insuperables y una larga vida \u00fatil.<\/p>\r\n<h2>Caracter\u00edsticas clave de los testeros EMH:<\/h2>\r\n<ul>\r\n\t<li>Conexi\u00f3n de eje a engranaje con ranura de precisi\u00f3n y accionamiento directo<\/li>\r\n\t<li>Caja de engranajes totalmente cerrados y lubricados de por vida<\/li>\r\n\t<li>Ruedas de acero forjado o fundido de grafito esferoidal<\/li>\r\n\t<li>El volante de inercia (para transmisi\u00f3n de dos velocidades) ofrece un arranque suave y una transici\u00f3n de velocidad suave.<\/li>\r\n\t<li>Motores \u201cTEFC\u201d con aislamiento Clase \u201cF\u201d.<\/li>\r\n\t<li>Frenos DC rectificados<\/li>\r\n\t<li>Enchufes de desconexi\u00f3n r\u00e1pida opcionales en todas las conexiones del motor para una f\u00e1cil instalaci\u00f3n y servicio<\/li>\r\n\t<li>Nuestros controles est\u00e1ndar de VFD se pueden incluir con un costo adicional. <a href=\"\/es\/emh-endtrucks\/bridge-control-panels\/?table--1\"><em>Consulte la p\u00e1gina de precios de los controles para obtener m\u00e1s detalles.<\/em><\/a><\/li>\r\n\t<li><a title=\"EMH Endtrucks - Features, Advantages and Benefits\" href=\"\/es\/emh-endtrucks\/features-advantages-and-benefits-of-emh-endtrucks\/\">Haga clic para ver las caracter\u00edsticas, ventajas y beneficios completos de los testeros EMH.<\/a><\/li>\r\n\t<li><a title=\"EMH Endtrucks Model Nos. Explanation\" href=\"\/es\/emh-endtrucks\/emh-end-trucks\/\">Vea la explicaci\u00f3n de los n\u00fameros de modelo del testero<\/a><\/li>\r\n<\/ul>\r\n<h2>Vea nuestra linea de productos de Testeros<\/h2>\r\n<p><span style=\"font-size: 14pt;\"><strong>Haga clic en la imagen o en el tipo de producto para obtener m\u00e1s detalles.<\/strong><\/span><\/p>\r\n<div class=\"crane-index-listing-columns linked group\">\r\n<div class=\"crane-index-listing column\">\r\n<div class=\"image\"><a title=\"Top Running Endtrucks for Single Girder Cranes Model HSE\" href=\"\/es\/emh-endtrucks\/model-hse-top-running-endtrucks-for-single-girder-cranes\/\"><br \/>\r\n<img decoding=\"async\" src=\"\/emhEndTrucks\/HSE-Endtruck_300.jpg\" alt=\"EMH Endtruck\" \/><br \/>\r\n<\/a><\/div>\r\n<h2 class=\"pointer-before\">Testeros de carrera superior modelo HSE para gr\u00faas de una viga<\/h2>\r\n<p><a class=\"block-button blue\" title=\"Top Running Endtrucks for Single Girder Cranes Model HSE\" href=\"\/es\/emh-endtrucks\/model-hse-top-running-endtrucks-for-single-girder-cranes\/\">Aprende M\u00e1s<\/a><\/p>\r\n<\/div>\r\n<div class=\"crane-index-listing column\">\r\n<div class=\"image\"><a title=\"Top Running Endtrucks for Double Girder Cranes - Model HSZ\" href=\"\/es\/emh-endtrucks\/model-hsz-top-running-endtrucks-for-double-girder-cranes\/\"><br \/>\r\n<img decoding=\"async\" src=\"\/wp-content\/uploads\/2013\/07\/Endtruck-HSZ-300x253.jpg\" alt=\"Endtruck-HSZ\" \/><br \/>\r\n<\/a><\/div>\r\n<h2 class=\"pointer-before\">Testeros de carrera superior modelo HSZ para gr\u00faas de doble viga<\/h2>\r\n<p><a class=\"block-button blue\" title=\"Top Running Endtrucks for Double Girder Cranes - Model HSZ\" href=\"\/es\/emh-endtrucks\/model-hsz-top-running-endtrucks-for-double-girder-cranes\/\">Aprende M\u00e1s<\/a><\/p>\r\n<\/div>\r\n<div class=\"crane-index-listing column\">\r\n<div class=\"image\"><a title=\"Top Running Endtrucks with Spherical Bearings for Double Girder Cranes - Model HS\" href=\"\/es\/emh-endtrucks\/model-hs-top-running-endtrucks-with-spherical-bearings-for-double-girder-cranes\/\"><br \/>\r\n<img decoding=\"async\" src=\"\/emhEndTrucks\/HSZ-HS_Endtruck_300.jpg\" alt=\"EMH Endtruck\" \/><br \/>\r\n<\/a><\/div>\r\n<h2 class=\"pointer-before\">Testeros de carrera superior modelo HS con cojinetes esf\u00e9ricos para gr\u00faas de doble viga<\/h2>\r\n<p><a class=\"block-button blue\" title=\"Top Running Endtrucks with Spherical Bearings for Double Girder Cranes - Model HS\" href=\"\/es\/emh-endtrucks\/model-hs-top-running-endtrucks-with-spherical-bearings-for-double-girder-cranes\/\">Aprende M\u00e1s<\/a><\/p>\r\n<\/div>\r\n<div class=\"crane-index-listing column\">\r\n<div class=\"image\"><a title=\"Bogie Endtrucks for Double Girder Cranes - Model UHB\" href=\"\/es\/emh-endtrucks\/model-uhb-bogie-endtrucks-for-double-girder-cranes\/\"><br \/>\r\n<img decoding=\"async\" src=\"\/emhEndTrucks\/Bogie_Endtruck_300.jpg\" alt=\"EMH Bogie Endtruck\" \/><br \/>\r\n<\/a><\/div>\r\n<h2 class=\"pointer-before\">Testeros booguie modelo UHB para gr\u00faas de doble viga<\/h2>\r\n<p><a class=\"block-button blue\" title=\"Bogie Endtrucks for Double Girder Cranes - Model UHB\" href=\"\/es\/emh-endtrucks\/model-uhb-bogie-endtrucks-for-double-girder-cranes\/\">Aprende M\u00e1s<\/a><\/p>\r\n<\/div>\r\n<div class=\"crane-index-listing column\">\r\n<div class=\"image\"><a title=\"Under Running Endtrucks for Single Girder Cranes - Model DLVM\" href=\"\/es\/emh-endtrucks\/model-dlvm-under-running-endtrucks-for-single-girder-cranes\/\"><br \/>\r\n<img fetchpriority=\"high\" decoding=\"async\" class=\"\" src=\"\/emhEndTrucks\/DLVM-or-EDL-Endtruck_400.jpg\" alt=\"EMH DLVM EDL Endtruck\" width=\"389\" height=\"259\" \/><br \/>\r\n<\/a><\/div>\r\n<h2 class=\"pointer-before\">Testeros de carrera inferior modelo DLVM para gr\u00faas de una viga<\/h2>\r\n<p><a class=\"block-button blue\" title=\"Under Running Endtrucks for Single Girder Cranes - Model EDL\" href=\"\/es\/emh-endtrucks\/model-dlvm-under-running-endtrucks-for-single-girder-cranes\/\">Aprende M\u00e1s<\/a><\/p>\r\n<\/div>\r\n<div class=\"crane-index-listing column\">\r\n<div class=\"image\"><a title=\"Low Headroom Under Running Endtrucks for Single Girder Cranes - Model EDL\" href=\"\/es\/emh-endtrucks\/model-edl-low-headroom-under-running-endtrucks-for-single-girder-cranes\/\"><br \/>\r\n<img decoding=\"async\" src=\"\/wp-content\/uploads\/2012\/05\/DLVM-or-EDL-Endtruck_4001.jpg\" alt=\"EMH EDL Endtruck\" \/><br \/>\r\n<\/a><\/div>\r\n<h2 class=\"pointer-before\">Testeros de carrera inferior de baja altura perdida modelo EDL para gr\u00faas de una viga<\/h2>\r\n<p><a class=\"block-button blue\" title=\"Low Headroom Under Running Endtrucks for Single Girder Cranes - Model EDL\" href=\"\/es\/emh-endtrucks\/model-edl-low-headroom-under-running-endtrucks-for-single-girder-cranes\/\">Aprende M\u00e1s<\/a><\/p>\r\n<\/div>\r\n<div class=\"crane-index-listing column\">\r\n<div class=\"image\"><a title=\"Wheel Blocks \u2013 Specifications\" href=\"\/es\/wheel-blocks-specifications\/\"><br \/>\r\n<img decoding=\"async\" src=\"\/wp-content\/uploads\/2013\/10\/Wheel-Block-Outlined2-300x166.jpg\" alt=\"Wheel Block with Drive Motor\" \/><br \/>\r\n<\/a><\/div>\r\n<h2 class=\"pointer-before\">Cabezales EMH<\/h2>\r\n<p><a class=\"block-button blue\" title=\"Wheel Blocks \u2013 Specifications\" href=\"\/es\/wheel-blocks-specifications\/\">Aprende M\u00e1s<\/a><\/p>\r\n<\/div>\r\n<div class=\"crane-index-listing column\">\r\n<div class=\"image\"><a title=\"Tableros de control para Puentes Gr\u00faas\" href=\"\/es\/bridge-control-panels\/\"><br \/>\r\n<img decoding=\"async\" src=\"\/wp-content\/uploads\/2012\/05\/Panel-0314-300x236.jpg\" alt=\"Panel 0314\" \/><br \/>\r\n<\/a><\/div>\r\n<h2 class=\"pointer-before\">Tableros de control para Puentes Gr\u00faas EMH<\/h2>\r\n<p><a class=\"block-button blue\" title=\"Tableros de control para Puentes Gr\u00faas\" href=\"\/es\/bridge-control-panels\/\">Aprende M\u00e1s<\/a><\/p>\r\n<\/div>\r\n<div class=\"crane-index-listing column\">\r\n<div class=\"image\"><a title=\"Poly Wheels\" href=\"\/es\/gantry-cranes\/gantry-cranes-typical-configurations\/\"><br \/>\r\n<img decoding=\"async\" class=\"size-medium wp-image-7704 alignnone\" src=\"https:\/\/www.emhcranes.com\/wp-content\/uploads\/2020\/03\/Endtruck-Wheel-Poly-rtrs-300x295.jpg\" alt=\"\" width=\"300\" height=\"295\" srcset=\"https:\/\/www.emhcranes.com\/wp-content\/uploads\/2020\/03\/Endtruck-Wheel-Poly-rtrs-300x295.jpg 300w, https:\/\/www.emhcranes.com\/wp-content\/uploads\/2020\/03\/Endtruck-Wheel-Poly-rtrs.jpg 633w\" sizes=\"(max-width: 300px) 100vw, 300px\" \/><br \/>\r\n<\/a><\/div>\r\n<h2 class=\"pointer-before\">Ruedas de Polietileno ahora disponibles<\/h2>\r\n<p>Para usar con semip\u00f3rticos<br \/><a class=\"block-button blue\" title=\"Tableros de control para Puentes Gr\u00faas\" href=\"\/es\/gantry-cranes\/gantry-cranes-typical-configurations\/\">Configuraci\u00f3n de P\u00f3rtico<\/a><\/p>\r\n<\/div>\r\n<\/div>\r\n<\/div>","protected":false},"excerpt":{"rendered":"<p>EMH end trucks are high quality components, designed for reliability and economy. The steel structure of the end truck is a torsion-resistant box girder, prepared to be connected to the crane girder. Precise machining and exact alignment of the crane girder mounting plates ensure unsurpassed travel characteristics and long life. Key features of EMH End [&hellip;]<\/p>\n","protected":false},"author":203,"featured_media":0,"parent":0,"menu_order":46,"comment_status":"open","ping_status":"closed","template":"page-templates\/crane-category.php","meta":{"_acf_changed":false,"_seopress_robots_primary_cat":"","_seopress_titles_title":"","_seopress_titles_desc":"","_seopress_robots_index":"","footnotes":""},"class_list":["post-409","page","type-page","status-publish","hentry"],"acf":[],"_links":{"self":[{"href":"https:\/\/www.emhcranes.com\/es\/wp-json\/wp\/v2\/pages\/409","targetHints":{"allow":["GET"]}}],"collection":[{"href":"https:\/\/www.emhcranes.com\/es\/wp-json\/wp\/v2\/pages"}],"about":[{"href":"https:\/\/www.emhcranes.com\/es\/wp-json\/wp\/v2\/types\/page"}],"author":[{"embeddable":true,"href":"https:\/\/www.emhcranes.com\/es\/wp-json\/wp\/v2\/users\/203"}],"replies":[{"embeddable":true,"href":"https:\/\/www.emhcranes.com\/es\/wp-json\/wp\/v2\/comments?post=409"}],"version-history":[{"count":0,"href":"https:\/\/www.emhcranes.com\/es\/wp-json\/wp\/v2\/pages\/409\/revisions"}],"wp:attachment":[{"href":"https:\/\/www.emhcranes.com\/es\/wp-json\/wp\/v2\/media?parent=409"}],"curies":[{"name":"wp","href":"https:\/\/api.w.org\/{rel}","templated":true}]}}