{"id":403,"date":"2012-05-04T14:13:40","date_gmt":"2012-05-04T14:13:40","guid":{"rendered":"http:\/\/emhcranes.com\/?page_id=403"},"modified":"2026-01-06T15:32:56","modified_gmt":"2026-01-06T20:32:56","slug":"free-standing-bridge-crane-system-old","status":"publish","type":"page","link":"https:\/\/www.emhcranes.com\/es\/free-standing-bridge-crane-system-old\/","title":{"rendered":"Free Standing Bridge Crane System &#8211; NOMAD\u00ae (OLD VERSION)"},"content":{"rendered":"<div class=\"padded\">\t\t<div data-elementor-type=\"wp-page\" data-elementor-id=\"403\" class=\"elementor elementor-403\">\n\t\t\t\t<div class=\"elementor-element elementor-element-616a8be6 e-flex e-con-boxed e-con e-parent\" data-id=\"616a8be6\" data-element_type=\"container\" data-e-type=\"container\">\n\t\t\t\t\t<div class=\"e-con-inner\">\n\t\t\t\t<div class=\"elementor-element elementor-element-534df371 elementor-widget elementor-widget-text-editor\" data-id=\"534df371\" data-element_type=\"widget\" data-e-type=\"widget\" data-widget_type=\"text-editor.default\">\n\t\t\t\t\t\t\t\t\t<p><img decoding=\"async\" class=\"full-width\" src=\"https:\/\/emhcranes.com\/wp-content\/uploads\/2018\/08\/NomadwDetailsGray-1024x629.jpg\" \/><\/p>\n<p>El sistema de gr\u00faa independiente NOMAD\u00ae es una soluci\u00f3n perfecta para situaciones en donde la instalaci\u00f3n de una gr\u00faa a\u00e9rea es dif\u00edcil o poco pr\u00e1ctica. Debido a que las pistas generalmente se instalan sobre el piso sin anclajes, las gr\u00faas NOMAD\u00ae funcionan bien en edificios de concreto prefabricados. Dado que todas las conexiones est\u00e1n atornilladas en lugar de soldadas, la NOMAD\u00ae se desmonta f\u00e1cilmente y se traslada a otra ubicaci\u00f3n, una ventaja cuando se usa en un edificio arrendado. El dise\u00f1o de bajo espacio libre de las gr\u00faas autoportantes NOMAD\u00ae maximiza la elevaci\u00f3n cuando el espacio libre es muy alto.<\/p>\n<h2>Caracter\u00edsticas clave y beneficios de los sistemas NOMAD\u00ae:<\/h2>\n<ul>\n<li>Capacidades de 2 a 10 toneladas<\/li>\n<li>Dise\u00f1o de baja altura<\/li>\n<li>Facilmente reubicado<\/li>\n<li>Ideal para edificios no dise\u00f1ados originalmente para gr\u00faas<\/li>\n<\/ul>\n<h2>Cada sistema de gr\u00faa independiente NOMAD\u00ae incluye:<\/h2>\n<ul>\n<li>Estructura independiente de acero<\/li>\n<li>Radio control manual est\u00e1ndar<\/li>\n<li>Carro elevador y puente controlados por inversor con carros extremos<\/li>\n<li>Carrileras en longitudes desde 20 a 120 pies<\/li>\n<li>Electrificaci\u00f3n de carrilera<\/li>\n<li>Luz estandar de 20, 30 y 40 pies<\/li>\n<li>Instrucciones para la construcci\u00f3n del puente y el ensamble de la gr\u00faa, m\u00e1s el Manual de Mantenimiento<\/li>\n<\/ul>\n<p>Las c\u00e9lulas modulares independientes para gr\u00faas puente NOMAD\u00ae est\u00e1n disponibles en longitudes de pista de 20, 25 y 30 pies. Se pueden combinar varias c\u00e9lulas para pistas largas; los sistemas existentes se pueden adaptar con c\u00e9lulas adicionales.<\/p>\n<h2>Configuraciones del sistema NOMAD\u00ae<\/h2>\n<div class=\"crane-index-listing-columns linked group\">\n<div class=\"crane-index-listing column\">\n<div class=\"image-holder\"><a href=\"https:\/\/www.emhcranes.com\/es\/free-standing-bridge-crane-system\/nomad-complete-freestanding-bridge-crane-system-1\/\"><img fetchpriority=\"high\" decoding=\"async\" class=\"alignnone\" src=\"https:\/\/emhcranes.com\/wp-content\/uploads\/2018\/08\/1cell_nomad-gray-300x228.jpg\" alt=\"\" width=\"300\" height=\"228\" \/><\/a><\/div>\n<h2>NOMAD\u00ae completo de una celda<\/h2>\n<a class=\"block-button\" href=\"https:\/\/www.emhcranes.com\/es\/free-standing-bridge-crane-system\/nomad-complete-freestanding-bridge-crane-system-1\/\">Aprende M\u00e1s<\/a><\/div>\n<div class=\"crane-index-listing column\">\n<div class=\"image-holder\"><a href=\"https:\/\/www.emhcranes.com\/es\/free-standing-bridge-crane-system\/nomad-complete-freestanding-bridge-crane-system-2\"><img decoding=\"async\" src=\"https:\/\/emhcranes.com\/wp-content\/uploads\/2018\/08\/2cell_nomad-gray-300x207.jpg\" \/><\/a><\/div>\n<h2>NOMAD\u00ae completo de dos celdas<\/h2>\n<a class=\"block-button\" href=\"https:\/\/www.emhcranes.com\/es\/free-standing-bridge-crane-system\/nomad-complete-freestanding-bridge-crane-system-2\/\">Aprende M\u00e1s<\/a><\/div>\n<div class=\"crane-index-listing column\">\n<div class=\"image-holder\"><a href=\"https:\/\/www.emhcranes.com\/es\/free-standing-bridge-crane-system\/nomad-complete-freestanding-bridge-crane-system-3\/\"><img decoding=\"async\" src=\"https:\/\/emhcranes.com\/wp-content\/uploads\/2018\/08\/3cell_nomadrsgray-300x232.jpg\" \/><\/a><\/div>\n<h2>NOMAD\u00ae completo de tres celdas<\/h2>\n<a class=\"block-button\" href=\"https:\/\/www.emhcranes.com\/es\/free-standing-bridge-crane-system\/nomad-complete-freestanding-bridge-crane-system-3\/\">Aprende M\u00e1s<\/a><\/div>\n<div class=\"crane-index-listing column\">\n<div class=\"image-holder\"><a href=\"https:\/\/www.emhcranes.com\/es\/free-standing-bridge-crane-system\/nomad-complete-freestanding-bridge-crane-system-4\/\"><img decoding=\"async\" src=\"https:\/\/emhcranes.com\/wp-content\/uploads\/2018\/08\/4cell_nomad-gray-300x228.jpg\" \/><\/a><\/div>\n<h2>NOMAD\u00ae completo de cuatro celdas<\/h2>\n<a class=\"block-button\" href=\"https:\/\/www.emhcranes.com\/es\/free-standing-bridge-crane-system\/nomad-complete-freestanding-bridge-crane-system-4\/\">Aprende M\u00e1s<\/a><\/div>\n<div class=\"crane-index-listing column\">\n<div class=\"image-holder\"><a href=\"https:\/\/www.emhcranes.com\/es\/free-standing-bridge-crane-system\/nomad-xw-1-cell-systems-2\/\"><img decoding=\"async\" src=\"https:\/\/www.emhcranes.com\/wp-content\/uploads\/2019\/09\/NOMAD-XW-1cellcr-300x250.jpg\" \/><\/a><\/div>\n<h2>NOMAD\u00ae XW completo de una celda<\/h2>\n<a class=\"block-button\" href=\"https:\/\/www.emhcranes.com\/es\/free-standing-bridge-crane-system\/nomad-xw-1-cell-systems-2\/\">Aprende M\u00e1s<\/a><\/div>\n<div class=\"crane-index-listing column\">\n<div class=\"image-holder\"><a href=\"https:\/\/www.emhcranes.com\/es\/free-standing-bridge-crane-system\/nomad-xw-2-cell-systems-2\/\"><img decoding=\"async\" src=\"https:\/\/www.emhcranes.com\/wp-content\/uploads\/2019\/06\/NOMAD-XW-300DPI-e1560439945600-300x157.jpg\" \/><\/a><\/div>\n<h2>NOMAD\u00ae XW completo de dos celdas<\/h2>\n<a class=\"block-button\" href=\"https:\/\/www.emhcranes.com\/es\/free-standing-bridge-crane-system\/nomad-xw-2-cell-systems-2\/\">Aprende M\u00e1s<\/a><\/div>\n<div class=\"crane-index-listing column\">\n<div class=\"image-holder\"><a href=\"https:\/\/www.emhcranes.com\/es\/free-standing-bridge-crane-system\/nomad-xw-3-cell-systems\/\"><img decoding=\"async\" src=\"https:\/\/www.emhcranes.com\/wp-content\/uploads\/2019\/07\/NOMAD-XW-3cell-cr-300x216.jpg\" \/><\/a><\/div>\n<h2>NOMAD\u00ae XW completo de tres celdas<\/h2>\n<a class=\"block-button\" href=\"https:\/\/www.emhcranes.com\/es\/free-standing-bridge-crane-system\/nomad-xw-3-cell-systems\/\">Aprende M\u00e1s<\/a><\/div>\n<div class=\"crane-index-listing column\">\n<div class=\"image-holder\"><a href=\"https:\/\/www.emhcranes.com\/es\/free-standing-bridge-crane-system\/nomad-xw-4-cell-models\/\"><img decoding=\"async\" src=\"https:\/\/www.emhcranes.com\/wp-content\/uploads\/2019\/07\/NOMAD-XW-4cell-cr-300x214.jpg\" \/><\/a><\/div>\n<h2>NOMAD\u00ae XW completo de cuatro celdas<\/h2>\n<a class=\"block-button\" href=\"https:\/\/www.emhcranes.com\/es\/free-standing-bridge-crane-system\/nomad-xw-4-cell-models\/\">Aprende M\u00e1s<\/a><\/div>\n<\/div>\n<div class=\"crane-index-listing-columns linked group\">\n<div class=\"crane-index-listing column\">\n<div class=\"image-holder\"><a href=\"\/pdf\/NOMAD-Brochure.pdf\"><img decoding=\"async\" src=\"\/emhBrochures\/NOMAD-Brochure-Cover-cropped.jpg\" \/><\/a><\/div>\n<h2>Catalogo NOMAD\u00ae<\/h2>\n<a class=\"block-button\" href=\"\/pdf\/NOMAD-Brochure.pdf\">Ver Catalogo<\/a><\/div>\n<div class=\"crane-index-listing column\">\n<div class=\"image-holder\"><a href=\"\/es\/free-standing-bridge-crane-system\/nomad-free-standing-crane-system-applications\/\"><img decoding=\"async\" src=\"https:\/\/emhcranes.com\/wp-content\/uploads\/2012\/05\/NOMAD_Sheeting_Mfr_300.jpg\" \/><\/a><\/div>\n<h2>Aplicaciones NOMAD\u00ae<\/h2>\n<a class=\"block-button\" href=\"\/es\/free-standing-bridge-crane-system\/nomad-free-standing-crane-system-applications\/\">Ver Aplicaciones<\/a><\/div>\n<\/div>\t\t\t\t\t\t\t\t<\/div>\n\t\t\t\t\t<\/div>\n\t\t\t\t<\/div>\n\t\t\t\t<\/div>\n\t\t<\/div>","protected":false},"excerpt":{"rendered":"<p>The NOMAD\u00ae Free Standing Crane System is a perfect solution for situations where overhead crane installation is otherwise difficult or impractical. Because the runways are usually installed above the floor without footers, NOMAD\u00ae Cranes work well in pre-cast concrete buildings.Since all connections are bolted rather than welded, the NOMAD\u00ae is easily dismantled and moved to [&hellip;]<\/p>\n","protected":false},"author":203,"featured_media":0,"parent":0,"menu_order":0,"comment_status":"open","ping_status":"closed","template":"page-templates\/crane-category.php","meta":{"_acf_changed":false,"_seopress_robots_primary_cat":"","_seopress_titles_title":"","_seopress_titles_desc":"","_seopress_robots_index":"","footnotes":""},"class_list":["post-403","page","type-page","status-publish","hentry"],"acf":[],"_links":{"self":[{"href":"https:\/\/www.emhcranes.com\/es\/wp-json\/wp\/v2\/pages\/403","targetHints":{"allow":["GET"]}}],"collection":[{"href":"https:\/\/www.emhcranes.com\/es\/wp-json\/wp\/v2\/pages"}],"about":[{"href":"https:\/\/www.emhcranes.com\/es\/wp-json\/wp\/v2\/types\/page"}],"author":[{"embeddable":true,"href":"https:\/\/www.emhcranes.com\/es\/wp-json\/wp\/v2\/users\/203"}],"replies":[{"embeddable":true,"href":"https:\/\/www.emhcranes.com\/es\/wp-json\/wp\/v2\/comments?post=403"}],"version-history":[{"count":2,"href":"https:\/\/www.emhcranes.com\/es\/wp-json\/wp\/v2\/pages\/403\/revisions"}],"predecessor-version":[{"id":10635,"href":"https:\/\/www.emhcranes.com\/es\/wp-json\/wp\/v2\/pages\/403\/revisions\/10635"}],"wp:attachment":[{"href":"https:\/\/www.emhcranes.com\/es\/wp-json\/wp\/v2\/media?parent=403"}],"curies":[{"name":"wp","href":"https:\/\/api.w.org\/{rel}","templated":true}]}}