{"id":397,"date":"2012-05-01T14:07:51","date_gmt":"2012-05-01T14:07:51","guid":{"rendered":"http:\/\/emhcranes.com\/?page_id=397"},"modified":"2026-01-16T11:56:19","modified_gmt":"2026-01-16T16:56:19","slug":"overhead-bridge-cranes","status":"publish","type":"page","link":"https:\/\/www.emhcranes.com\/es\/overhead-bridge-cranes\/","title":{"rendered":"Puentes Gr\u00faas"},"content":{"rendered":"<div class=\"padded\">\t\t<div data-elementor-type=\"wp-page\" data-elementor-id=\"397\" class=\"elementor elementor-397\">\n\t\t\t\t<div class=\"elementor-element elementor-element-39468a0 e-flex e-con-boxed e-con e-parent\" data-id=\"39468a0\" data-element_type=\"container\" data-e-type=\"container\">\n\t\t\t\t\t<div class=\"e-con-inner\">\n\t\t<div class=\"elementor-element elementor-element-cfe959e e-con-full e-flex e-con e-child\" data-id=\"cfe959e\" data-element_type=\"container\" data-e-type=\"container\">\n\t\t\t\t<div class=\"elementor-element elementor-element-906ad67 elementor-widget elementor-widget-image\" data-id=\"906ad67\" data-element_type=\"widget\" data-e-type=\"widget\" data-widget_type=\"image.default\">\n\t\t\t\t\t\t\t\t\t\t\t\t\t\t\t\t<a href=\"https:\/\/www.emhcranes.com\/es\/overhead-bridge-cranes\/single-girder-top-running-cranes\/\">\n\t\t\t\t\t\t\t<img fetchpriority=\"high\" decoding=\"async\" width=\"299\" height=\"249\" src=\"https:\/\/www.emhcranes.com\/wp-content\/uploads\/2018\/10\/SingleGirderCraneMold_300.jpg\" class=\"attachment-large size-large wp-image-6451\" alt=\"\" srcset=\"https:\/\/www.emhcranes.com\/wp-content\/uploads\/2018\/10\/SingleGirderCraneMold_300.jpg 299w, https:\/\/www.emhcranes.com\/wp-content\/uploads\/2018\/10\/SingleGirderCraneMold_300-150x125.jpg 150w\" sizes=\"(max-width: 299px) 100vw, 299px\" \/>\t\t\t\t\t\t\t\t<\/a>\n\t\t\t\t\t\t\t\t\t\t\t\t\t\t\t<\/div>\n\t\t\t\t<div class=\"elementor-element elementor-element-7d0f180 elementor-widget__width-initial elementor-widget elementor-widget-heading\" data-id=\"7d0f180\" data-element_type=\"widget\" data-e-type=\"widget\" data-widget_type=\"heading.default\">\n\t\t\t\t\t<h2 class=\"elementor-heading-title elementor-size-default\">Viga monorriel sobre viga carrilera<\/h2>\t\t\t\t<\/div>\n\t\t\t\t<div class=\"elementor-element elementor-element-53d51a5 elementor-widget__width-initial elementor-widget elementor-widget-text-editor\" data-id=\"53d51a5\" data-element_type=\"widget\" data-e-type=\"widget\" data-widget_type=\"text-editor.default\">\n\t\t\t\t\t\t\t\t\t<p>Las gr\u00faas de viga monorriel son la compra m\u00e1s rentable para capacidades hasta 20 toneladas y luz de 18 o 24 mts. Las cargas reducidas en las ruedas, combinadas con los polipastos est\u00e1ndar de altura perdida muy baja proporcionan un valor sobresaliente. \nAl utilizar nuestro dise\u00f1o estructural y tecnologia en vigas cajon, EMH tambi\u00e9n puede proporcionar gr\u00faas de una sola viga con capacidades hasta 15 toneladas y una luz hasta 36.6 mts.<\/p>\t\t\t\t\t\t\t\t<\/div>\n\t\t\t\t<div class=\"elementor-element elementor-element-a502317 elementor-mobile-align-center elementor-align-center elementor-widget elementor-widget-button\" data-id=\"a502317\" data-element_type=\"widget\" data-e-type=\"widget\" data-widget_type=\"button.default\">\n\t\t\t\t\t\t\t\t\t\t<a class=\"elementor-button elementor-button-link elementor-size-sm elementor-animation-float\" href=\"https:\/\/www.emhcranes.com\/es\/overhead-bridge-cranes\/single-girder-top-running-cranes\/\" id=\"A1\">\n\t\t\t\t\t\t<span class=\"elementor-button-content-wrapper\">\n\t\t\t\t\t\t\t\t\t<span class=\"elementor-button-text\">M\u00e1s informaci\u00f3n<\/span>\n\t\t\t\t\t<\/span>\n\t\t\t\t\t<\/a>\n\t\t\t\t\t\t\t\t<\/div>\n\t\t\t\t<div class=\"elementor-element elementor-element-75299b6 elementor-widget-divider--view-line elementor-widget elementor-widget-divider\" data-id=\"75299b6\" data-element_type=\"widget\" data-e-type=\"widget\" data-widget_type=\"divider.default\">\n\t\t\t\t\t\t\t<div class=\"elementor-divider\">\n\t\t\t<span class=\"elementor-divider-separator\">\n\t\t\t\t\t\t<\/span>\n\t\t<\/div>\n\t\t\t\t\t\t<\/div>\n\t\t\t\t<\/div>\n\t\t<div class=\"elementor-element elementor-element-3561578 e-con-full e-flex e-con e-child\" data-id=\"3561578\" data-element_type=\"container\" data-e-type=\"container\">\n\t\t\t\t<div class=\"elementor-element elementor-element-ab3a690 elementor-widget elementor-widget-image\" data-id=\"ab3a690\" data-element_type=\"widget\" data-e-type=\"widget\" data-widget_type=\"image.default\">\n\t\t\t\t\t\t\t\t\t\t\t\t\t\t\t\t<a href=\"https:\/\/www.emhcranes.com\/es\/overhead-bridge-cranes\/733-2\/\">\n\t\t\t\t\t\t\t<img decoding=\"async\" width=\"300\" height=\"250\" src=\"https:\/\/www.emhcranes.com\/wp-content\/uploads\/2018\/10\/DoubleGirderSiemensPowerPlantCranert_300.jpg\" class=\"attachment-large size-large wp-image-6450\" alt=\"\" srcset=\"https:\/\/www.emhcranes.com\/wp-content\/uploads\/2018\/10\/DoubleGirderSiemensPowerPlantCranert_300.jpg 300w, https:\/\/www.emhcranes.com\/wp-content\/uploads\/2018\/10\/DoubleGirderSiemensPowerPlantCranert_300-150x125.jpg 150w\" sizes=\"(max-width: 300px) 100vw, 300px\" \/>\t\t\t\t\t\t\t\t<\/a>\n\t\t\t\t\t\t\t\t\t\t\t\t\t\t\t<\/div>\n\t\t\t\t<div class=\"elementor-element elementor-element-0750010 elementor-widget__width-initial elementor-widget elementor-widget-heading\" data-id=\"0750010\" data-element_type=\"widget\" data-e-type=\"widget\" data-widget_type=\"heading.default\">\n\t\t\t\t\t<h2 class=\"elementor-heading-title elementor-size-default\">Doble viga sobre viga carrilera<\/h2>\t\t\t\t<\/div>\n\t\t\t\t<div class=\"elementor-element elementor-element-25e3945 elementor-widget__width-initial elementor-widget elementor-widget-text-editor\" data-id=\"25e3945\" data-element_type=\"widget\" data-e-type=\"widget\" data-widget_type=\"text-editor.default\">\n\t\t\t\t\t\t\t\t\t<p>Las gr\u00faas puente de doble viga se usan con mayor frecuencia cuando las capacidades son m\u00e1s de 10 toneladas y\/o luz de 60 a 100 pies. Se pueden utilizar a cualquier capacidad donde se requiera una elevaci\u00f3n de gancho extremadamente alta porque el gancho se puede levantar entre las vigas. Las gr\u00faas de puente de doble viga tambi\u00e9n son ideales donde se requieren altas velocidades y servicio pesado.<\/p>\t\t\t\t\t\t\t\t<\/div>\n\t\t\t\t<div class=\"elementor-element elementor-element-d63c8d6 elementor-mobile-align-center elementor-align-center elementor-widget elementor-widget-button\" data-id=\"d63c8d6\" data-element_type=\"widget\" data-e-type=\"widget\" data-widget_type=\"button.default\">\n\t\t\t\t\t\t\t\t\t\t<a class=\"elementor-button elementor-button-link elementor-size-sm elementor-animation-float\" href=\"https:\/\/www.emhcranes.com\/es\/overhead-bridge-cranes\/733-2\/\" id=\"A1\">\n\t\t\t\t\t\t<span class=\"elementor-button-content-wrapper\">\n\t\t\t\t\t\t\t\t\t<span class=\"elementor-button-text\">M\u00e1s informaci\u00f3n<\/span>\n\t\t\t\t\t<\/span>\n\t\t\t\t\t<\/a>\n\t\t\t\t\t\t\t\t<\/div>\n\t\t\t\t<div class=\"elementor-element elementor-element-428d981 elementor-widget-divider--view-line elementor-widget elementor-widget-divider\" data-id=\"428d981\" data-element_type=\"widget\" data-e-type=\"widget\" data-widget_type=\"divider.default\">\n\t\t\t\t\t\t\t<div class=\"elementor-divider\">\n\t\t\t<span class=\"elementor-divider-separator\">\n\t\t\t\t\t\t<\/span>\n\t\t<\/div>\n\t\t\t\t\t\t<\/div>\n\t\t\t\t<\/div>\n\t\t<div class=\"elementor-element elementor-element-edccce2 e-con-full e-flex e-con e-child\" data-id=\"edccce2\" data-element_type=\"container\" data-e-type=\"container\">\n\t\t\t\t<div class=\"elementor-element elementor-element-d65ef23 elementor-widget elementor-widget-image\" data-id=\"d65ef23\" data-element_type=\"widget\" data-e-type=\"widget\" data-widget_type=\"image.default\">\n\t\t\t\t\t\t\t\t\t\t\t\t\t\t\t\t<a href=\"https:\/\/www.emhcranes.com\/es\/overhead-bridge-cranes\/single-girder-under-running-cranes\/\">\n\t\t\t\t\t\t\t<img decoding=\"async\" width=\"300\" height=\"250\" src=\"https:\/\/www.emhcranes.com\/wp-content\/uploads\/2012\/05\/SingleGirderEDL-or-DLVM-Under-Running-Crane_300.jpg\" class=\"attachment-large size-large wp-image-623\" alt=\"\" srcset=\"https:\/\/www.emhcranes.com\/wp-content\/uploads\/2012\/05\/SingleGirderEDL-or-DLVM-Under-Running-Crane_300.jpg 300w, https:\/\/www.emhcranes.com\/wp-content\/uploads\/2012\/05\/SingleGirderEDL-or-DLVM-Under-Running-Crane_300-150x125.jpg 150w\" sizes=\"(max-width: 300px) 100vw, 300px\" \/>\t\t\t\t\t\t\t\t<\/a>\n\t\t\t\t\t\t\t\t\t\t\t\t\t\t\t<\/div>\n\t\t\t\t<div class=\"elementor-element elementor-element-6258b39 elementor-widget__width-initial elementor-widget elementor-widget-heading\" data-id=\"6258b39\" data-element_type=\"widget\" data-e-type=\"widget\" data-widget_type=\"heading.default\">\n\t\t\t\t\t<h2 class=\"elementor-heading-title elementor-size-default\">Viga monorriel bajo viga carrilera<\/h2>\t\t\t\t<\/div>\n\t\t\t\t<div class=\"elementor-element elementor-element-8078c35 elementor-widget__width-initial elementor-widget elementor-widget-text-editor\" data-id=\"8078c35\" data-element_type=\"widget\" data-e-type=\"widget\" data-widget_type=\"text-editor.default\">\n\t\t\t\t\t\t\t\t\t<p>EMH ofrece una amplia gama de gr\u00faas bajo viga, en capacidades est\u00e1ndar de hasta 10 toneladas. Se pueden dise\u00f1ar configuraciones especiales hasta 25 toneladas y Luz mayor a 60 pies. Las gr\u00faas suspendidas ofrecen excelentes aproximaciones laterales, espacio libre cercano y se pueden soportar en las pistas colgadas de la estructura existente del edificio si es adecuado. Tambi\u00e9n se puede suministrar una gama completa de sistemas independientes y gr\u00faas de enclavamiento.<\/p>\t\t\t\t\t\t\t\t<\/div>\n\t\t\t\t<div class=\"elementor-element elementor-element-0f5cf8a elementor-mobile-align-center elementor-align-center elementor-widget elementor-widget-button\" data-id=\"0f5cf8a\" data-element_type=\"widget\" data-e-type=\"widget\" data-widget_type=\"button.default\">\n\t\t\t\t\t\t\t\t\t\t<a class=\"elementor-button elementor-button-link elementor-size-sm elementor-animation-float\" href=\"https:\/\/www.emhcranes.com\/es\/overhead-bridge-cranes\/single-girder-under-running-cranes\/\" id=\"A1\">\n\t\t\t\t\t\t<span class=\"elementor-button-content-wrapper\">\n\t\t\t\t\t\t\t\t\t<span class=\"elementor-button-text\">M\u00e1s informaci\u00f3n<\/span>\n\t\t\t\t\t<\/span>\n\t\t\t\t\t<\/a>\n\t\t\t\t\t\t\t\t<\/div>\n\t\t\t\t<div class=\"elementor-element elementor-element-b7ca389 elementor-widget-divider--view-line elementor-widget elementor-widget-divider\" data-id=\"b7ca389\" data-element_type=\"widget\" data-e-type=\"widget\" data-widget_type=\"divider.default\">\n\t\t\t\t\t\t\t<div class=\"elementor-divider\">\n\t\t\t<span class=\"elementor-divider-separator\">\n\t\t\t\t\t\t<\/span>\n\t\t<\/div>\n\t\t\t\t\t\t<\/div>\n\t\t\t\t<\/div>\n\t\t<div class=\"elementor-element elementor-element-4e4d1f2 e-con-full e-flex e-con e-child\" data-id=\"4e4d1f2\" data-element_type=\"container\" data-e-type=\"container\">\n\t\t\t\t<div class=\"elementor-element elementor-element-c37c464 elementor-widget elementor-widget-image\" data-id=\"c37c464\" data-element_type=\"widget\" data-e-type=\"widget\" data-widget_type=\"image.default\">\n\t\t\t\t\t\t\t\t\t\t\t\t\t\t\t\t<a href=\"https:\/\/www.emhcranes.com\/es\/contact-emh\/\">\n\t\t\t\t\t\t\t<img loading=\"lazy\" decoding=\"async\" width=\"300\" height=\"250\" src=\"https:\/\/www.emhcranes.com\/wp-content\/uploads\/2012\/05\/Special-CraneWall-Travel-3001-1.jpg\" class=\"attachment-large size-large wp-image-5789\" alt=\"\" srcset=\"https:\/\/www.emhcranes.com\/wp-content\/uploads\/2012\/05\/Special-CraneWall-Travel-3001-1.jpg 300w, https:\/\/www.emhcranes.com\/wp-content\/uploads\/2012\/05\/Special-CraneWall-Travel-3001-1-150x125.jpg 150w\" sizes=\"(max-width: 300px) 100vw, 300px\" \/>\t\t\t\t\t\t\t\t<\/a>\n\t\t\t\t\t\t\t\t\t\t\t\t\t\t\t<\/div>\n\t\t\t\t<div class=\"elementor-element elementor-element-0121260 elementor-widget__width-initial elementor-widget elementor-widget-heading\" data-id=\"0121260\" data-element_type=\"widget\" data-e-type=\"widget\" data-widget_type=\"heading.default\">\n\t\t\t\t\t<h2 class=\"elementor-heading-title elementor-size-default\">Gr\u00faas Especiales<\/h2>\t\t\t\t<\/div>\n\t\t\t\t<div class=\"elementor-element elementor-element-5ab15f1 elementor-widget__width-initial elementor-widget elementor-widget-text-editor\" data-id=\"5ab15f1\" data-element_type=\"widget\" data-e-type=\"widget\" data-widget_type=\"text-editor.default\">\n\t\t\t\t\t\t\t\t\t<p>Si sus requisitos de manipulaci\u00f3n de materiales son extraordinarios, llame a EMH. EMH tiene la experiencia en dise\u00f1o e ingenier\u00eda y la flexibilidad de fabricaci\u00f3n para crear soluciones personalizadas para sus requisitos espec\u00edficos. \u00a1D\u00edganos sus requisitos y lo resolveremos!<\/p>\t\t\t\t\t\t\t\t<\/div>\n\t\t\t\t<div class=\"elementor-element elementor-element-9e72ec9 elementor-mobile-align-center elementor-align-center elementor-widget elementor-widget-button\" data-id=\"9e72ec9\" data-element_type=\"widget\" data-e-type=\"widget\" data-widget_type=\"button.default\">\n\t\t\t\t\t\t\t\t\t\t<a class=\"elementor-button elementor-button-link elementor-size-sm elementor-animation-float\" href=\"https:\/\/www.emhcranes.com\/es\/contact-emh\/\" id=\"A1\">\n\t\t\t\t\t\t<span class=\"elementor-button-content-wrapper\">\n\t\t\t\t\t\t\t\t\t<span class=\"elementor-button-text\">Contact us<\/span>\n\t\t\t\t\t<\/span>\n\t\t\t\t\t<\/a>\n\t\t\t\t\t\t\t\t<\/div>\n\t\t\t\t<div class=\"elementor-element elementor-element-572827b elementor-widget-divider--view-line elementor-widget elementor-widget-divider\" data-id=\"572827b\" data-element_type=\"widget\" data-e-type=\"widget\" data-widget_type=\"divider.default\">\n\t\t\t\t\t\t\t<div class=\"elementor-divider\">\n\t\t\t<span class=\"elementor-divider-separator\">\n\t\t\t\t\t\t<\/span>\n\t\t<\/div>\n\t\t\t\t\t\t<\/div>\n\t\t\t\t<\/div>\n\t\t\t\t\t<\/div>\n\t\t\t\t<\/div>\n\t\t<div class=\"elementor-element elementor-element-303455e e-flex e-con-boxed e-con e-parent\" data-id=\"303455e\" data-element_type=\"container\" data-e-type=\"container\">\n\t\t\t\t\t<div class=\"e-con-inner\">\n\t\t\t\t<div class=\"elementor-element elementor-element-60e2608 elementor-shape-rounded elementor-grid-0 e-grid-align-center elementor-widget elementor-widget-social-icons\" data-id=\"60e2608\" data-element_type=\"widget\" data-e-type=\"widget\" data-widget_type=\"social-icons.default\">\n\t\t\t\t\t\t\t<div class=\"elementor-social-icons-wrapper elementor-grid\" role=\"list\">\n\t\t\t\t\t\t\t<span class=\"elementor-grid-item\" role=\"listitem\">\n\t\t\t\t\t<a class=\"elementor-icon elementor-social-icon elementor-social-icon-youtube elementor-repeater-item-5300b56\" href=\"https:\/\/www.youtube.com\/user\/EMHCranes\" target=\"_blank\">\n\t\t\t\t\t\t<span class=\"elementor-screen-only\">Youtube<\/span>\n\t\t\t\t\t\t<svg aria-hidden=\"true\" class=\"e-font-icon-svg e-fab-youtube\" viewbox=\"0 0 576 512\" xmlns=\"http:\/\/www.w3.org\/2000\/svg\"><path d=\"M549.655 124.083c-6.281-23.65-24.787-42.276-48.284-48.597C458.781 64 288 64 288 64S117.22 64 74.629 75.486c-23.497 6.322-42.003 24.947-48.284 48.597-11.412 42.867-11.412 132.305-11.412 132.305s0 89.438 11.412 132.305c6.281 23.65 24.787 41.5 48.284 47.821C117.22 448 288 448 288 448s170.78 0 213.371-11.486c23.497-6.321 42.003-24.171 48.284-47.821 11.412-42.867 11.412-132.305 11.412-132.305s0-89.438-11.412-132.305zm-317.51 213.508V175.185l142.739 81.205-142.739 81.201z\"><\/path><\/svg>\t\t\t\t\t<\/a>\n\t\t\t\t<\/span>\n\t\t\t\t\t\t\t<span class=\"elementor-grid-item\" role=\"listitem\">\n\t\t\t\t\t<a class=\"elementor-icon elementor-social-icon elementor-social-icon-linkedin elementor-repeater-item-fde49f7\" href=\"https:\/\/www.linkedin.com\/in\/emhcranes\" target=\"_blank\">\n\t\t\t\t\t\t<span class=\"elementor-screen-only\">Linkedin<\/span>\n\t\t\t\t\t\t<svg aria-hidden=\"true\" class=\"e-font-icon-svg e-fab-linkedin\" viewbox=\"0 0 448 512\" xmlns=\"http:\/\/www.w3.org\/2000\/svg\"><path d=\"M416 32H31.9C14.3 32 0 46.5 0 64.3v383.4C0 465.5 14.3 480 31.9 480H416c17.6 0 32-14.5 32-32.3V64.3c0-17.8-14.4-32.3-32-32.3zM135.4 416H69V202.2h66.5V416zm-33.2-243c-21.3 0-38.5-17.3-38.5-38.5S80.9 96 102.2 96c21.2 0 38.5 17.3 38.5 38.5 0 21.3-17.2 38.5-38.5 38.5zm282.1 243h-66.4V312c0-24.8-.5-56.7-34.5-56.7-34.6 0-39.9 27-39.9 54.9V416h-66.4V202.2h63.7v29.2h.9c8.9-16.8 30.6-34.5 62.9-34.5 67.2 0 79.7 44.3 79.7 101.9V416z\"><\/path><\/svg>\t\t\t\t\t<\/a>\n\t\t\t\t<\/span>\n\t\t\t\t\t\t\t<span class=\"elementor-grid-item\" role=\"listitem\">\n\t\t\t\t\t<a class=\"elementor-icon elementor-social-icon elementor-social-icon-x-twitter elementor-repeater-item-3bd8a11\" href=\"https:\/\/x.com\/EMH_Inc\" target=\"_blank\">\n\t\t\t\t\t\t<span class=\"elementor-screen-only\">X-twitter<\/span>\n\t\t\t\t\t\t<svg aria-hidden=\"true\" class=\"e-font-icon-svg e-fab-x-twitter\" viewbox=\"0 0 512 512\" xmlns=\"http:\/\/www.w3.org\/2000\/svg\"><path d=\"M389.2 48h70.6L305.6 224.2 487 464H345L233.7 318.6 106.5 464H35.8L200.7 275.5 26.8 48H172.4L272.9 180.9 389.2 48zM364.4 421.8h39.1L151.1 88h-42L364.4 421.8z\"><\/path><\/svg>\t\t\t\t\t<\/a>\n\t\t\t\t<\/span>\n\t\t\t\t\t<\/div>\n\t\t\t\t\t\t<\/div>\n\t\t\t\t<div class=\"elementor-element elementor-element-e28a3b7 elementor-widget elementor-widget-spacer\" data-id=\"e28a3b7\" data-element_type=\"widget\" data-e-type=\"widget\" data-widget_type=\"spacer.default\">\n\t\t\t\t\t\t\t<div class=\"elementor-spacer\">\n\t\t\t<div class=\"elementor-spacer-inner\"><\/div>\n\t\t<\/div>\n\t\t\t\t\t\t<\/div>\n\t\t\t\t\t<\/div>\n\t\t\t\t<\/div>\n\t\t\t\t<\/div>\n\t\t<\/div>","protected":false},"excerpt":{"rendered":"<p>Single Girder Top Running Single girder cranes are the most cost effective purchase for capacities up to 20 tons and 60 or 80 ft. spans. Reduced wheel loads combined with very low headroom standard hoists provide outstanding value.By utilizing our structural and box girder technology, EMH can also provide single girder cranes with capacities up [&hellip;]<\/p>\n","protected":false},"author":203,"featured_media":0,"parent":0,"menu_order":34,"comment_status":"open","ping_status":"closed","template":"page-templates\/crane-category.php","meta":{"_acf_changed":false,"_seopress_robots_primary_cat":"","_seopress_titles_title":"","_seopress_titles_desc":"","_seopress_robots_index":"","footnotes":""},"class_list":["post-397","page","type-page","status-publish","hentry"],"acf":[],"_links":{"self":[{"href":"https:\/\/www.emhcranes.com\/es\/wp-json\/wp\/v2\/pages\/397","targetHints":{"allow":["GET"]}}],"collection":[{"href":"https:\/\/www.emhcranes.com\/es\/wp-json\/wp\/v2\/pages"}],"about":[{"href":"https:\/\/www.emhcranes.com\/es\/wp-json\/wp\/v2\/types\/page"}],"author":[{"embeddable":true,"href":"https:\/\/www.emhcranes.com\/es\/wp-json\/wp\/v2\/users\/203"}],"replies":[{"embeddable":true,"href":"https:\/\/www.emhcranes.com\/es\/wp-json\/wp\/v2\/comments?post=397"}],"version-history":[{"count":42,"href":"https:\/\/www.emhcranes.com\/es\/wp-json\/wp\/v2\/pages\/397\/revisions"}],"predecessor-version":[{"id":11147,"href":"https:\/\/www.emhcranes.com\/es\/wp-json\/wp\/v2\/pages\/397\/revisions\/11147"}],"wp:attachment":[{"href":"https:\/\/www.emhcranes.com\/es\/wp-json\/wp\/v2\/media?parent=397"}],"curies":[{"name":"wp","href":"https:\/\/api.w.org\/{rel}","templated":true}]}}