{"id":379,"date":"2012-05-11T13:53:08","date_gmt":"2012-05-11T13:53:08","guid":{"rendered":"http:\/\/emhcranes.com\/?page_id=379"},"modified":"2023-08-15T16:34:04","modified_gmt":"2023-08-15T20:34:04","slug":"about-us","status":"publish","type":"page","link":"https:\/\/www.emhcranes.com\/es\/about-us\/","title":{"rendered":"Sobre Nosotros"},"content":{"rendered":"<div class=\"padded\"><section class=\"border-bottom\">\r\n<h2>Engineered Material Handling o EMH dise\u00f1a, vende, fabrica, instala y da servicio a una l\u00ednea completa de equipos a\u00e9reos de manipulaci\u00f3n de materiales.<\/h2>\r\n<p>Algunas de las empresas m\u00e1s conocidas del mundo eligen EMH. Fundada en 1988, EMH evolucion\u00f3 r\u00e1pidamente en una l\u00ednea completa, como fabricante de gr\u00faas a\u00e9reas y componentes. Nuestras instalaciones de fabricaci\u00f3n de vanguardia de 125,000 pies cuadrados nos permiten fabricar nuestros productos de la manera m\u00e1s eficiente y rentable posible.<\/p>\r\n<p>EMH is ISO 9001:2015 certified, and committed to a rigorous, ongoing process of quality control for all our processes. We are proud members of Material Handling Industry, the Crane Manufacturers Association of America, the National Precast Concrete Association, The American Galvanizers Association, and a recipient of the prestigious Weatherhead 100 Award from Case Western Reserve University in Cleveland.<\/p>\r\n<p><img decoding=\"async\" class=\"alignnone size-medium wp-image-6483\" src=\"\/wp-content\/uploads\/2018\/10\/about-equipment-300x160.jpg\" alt=\"\" width=\"300\" height=\"160\" srcset=\"https:\/\/www.emhcranes.com\/wp-content\/uploads\/2018\/10\/about-equipment-300x160.jpg 300w, https:\/\/www.emhcranes.com\/wp-content\/uploads\/2018\/10\/about-equipment-768x410.jpg 768w, https:\/\/www.emhcranes.com\/wp-content\/uploads\/2018\/10\/about-equipment-1024x547.jpg 1024w, https:\/\/www.emhcranes.com\/wp-content\/uploads\/2018\/10\/about-equipment.jpg 1756w\" sizes=\"(max-width: 300px) 100vw, 300px\" \/><\/p>\r\n<\/section>\r\n<section>\r\n<h2>Al servicio de una variedad de industrias<\/h2>\r\n<p class=\"smaller\">EMH fabrica y dise\u00f1a gr\u00faas, polipastos y componentes de calidad superior para una amplia variedad de industrias, incluso<\/p>\r\n<ul>\r\n\t<li>Industria de construcci\u00f3n naval<\/li>\r\n\t<li>Productos para la industria de Concreto<\/li>\r\n\t<li>Instalaciones de reparaci\u00f3n de equipo pesado<\/li>\r\n\t<li>Centros de servicio de metales<\/li>\r\n\t<li>Plantas de galvanizado<\/li>\r\n\t<li>Fabricantes de moldes de inyecci\u00f3n de pl\u00e1stico<\/li>\r\n\t<li>Plantas de energ\u00eda<\/li>\r\n\t<li>Instalaciones de tratamiento de aguas residuales<\/li>\r\n\t<li>Industria automotriz<\/li>\r\n\t<li>Industria de aviaci\u00f3n<\/li>\r\n\t<li>Industria general<\/li>\r\n\t<li>Aplicaciones militares<\/li>\r\n\t<li>y muchos otros ...<\/li>\r\n<\/ul>\r\n<\/section>\r\n<section class=\"contact-section\">Obtenga m\u00e1s informaci\u00f3n sobre las industrias a las que servimos<a class=\"rounded-button\" href=\"\/es\/industries\/\">Ver industrias<\/a><\/section>\r\n<section class=\"border-bottom two-image\">\r\n<h2>Dise\u00f1o sofisticado y de calidad<\/h2>\r\n<p class=\"smaller\">EMH emplea sofisticados procesos de dise\u00f1o y producci\u00f3n para garantizar una gr\u00faa de calidad que cumpla con sus especificaciones. Tenemos nuestro propio software para proporcionar propuestas r\u00e1pidas y precisas, a veces en cuesti\u00f3n de minutos de su consulta.<\/p>\r\n<p class=\"smaller\">Nuestra operaci\u00f3n de fabricaci\u00f3n emplea soldadura automatizada para la producci\u00f3n eficiente de vigas tipo cajon y un extenso inventario de componentes para mantener la producci\u00f3n fluyendo sin problemas. Cualesquiera que sean sus necesidades para el manejo de materiales a\u00e9reos, EMH superar\u00e1 sus expectativas y requisitos.<\/p>\r\n<div class=\"group\"><img fetchpriority=\"high\" decoding=\"async\" class=\"alignnone size-medium wp-image-6481\" src=\"\/wp-content\/uploads\/2018\/10\/about-design-1-278x300.jpg\" alt=\"\" width=\"278\" height=\"300\" srcset=\"https:\/\/www.emhcranes.com\/wp-content\/uploads\/2018\/10\/about-design-1-278x300.jpg 278w, https:\/\/www.emhcranes.com\/wp-content\/uploads\/2018\/10\/about-design-1-768x830.jpg 768w, https:\/\/www.emhcranes.com\/wp-content\/uploads\/2018\/10\/about-design-1.jpg 866w\" sizes=\"(max-width: 278px) 100vw, 278px\" \/><img decoding=\"async\" class=\"alignnone size-medium wp-image-6482\" src=\"\/wp-content\/uploads\/2018\/10\/about-design-2-278x300.jpg\" alt=\"\" width=\"278\" height=\"300\" srcset=\"https:\/\/www.emhcranes.com\/wp-content\/uploads\/2018\/10\/about-design-2-278x300.jpg 278w, https:\/\/www.emhcranes.com\/wp-content\/uploads\/2018\/10\/about-design-2-768x830.jpg 768w, https:\/\/www.emhcranes.com\/wp-content\/uploads\/2018\/10\/about-design-2.jpg 866w\" sizes=\"(max-width: 278px) 100vw, 278px\" \/><\/div>\r\n<\/section>\r\n<section>\r\n<h2>Obtenga m\u00e1s informaci\u00f3n sobre las industrias a las que servimos<\/h2>\r\n<p class=\"smaller\">Fuera de los Estados Unidos, EMH est\u00e1 representada en los siguientes pa\u00edses:<\/p>\r\n<ul>\r\n\t<li>Australia<\/li>\r\n\t<li>Canada<\/li>\r\n\t<li>Colombia<\/li>\r\n\t<li>Chile<\/li>\r\n\t<li>Dubai<\/li>\r\n\t<li>Ecuador<\/li>\r\n\t<li>France<\/li>\r\n\t<li>Germany<\/li>\r\n\t<li>India<\/li>\r\n\t<li>Indonesia<\/li>\r\n\t<li>Malaysia<\/li>\r\n\t<li>Mexico<\/li>\r\n\t<li>Morocco<\/li>\r\n\t<li>New Zealand<\/li>\r\n\t<li>Peru<\/li>\r\n\t<li>Puerto Rico<\/li>\r\n\t<li>Romania<\/li>\r\n\t<li>Saudi Arabia<\/li>\r\n\t<li>Thailand<\/li>\r\n<\/ul>\r\n<\/section>\r\n<section class=\"contact-section\">Obtenga m\u00e1s informaci\u00f3n sobre nuestro servicio global<a class=\"rounded-button\" href=\"\/es\/contact-emh\/\">Cont\u00e1ctanos<\/a><\/section><\/div>","protected":false},"excerpt":{"rendered":"<p>Engineered Material Handling or EMH designs, sells, manufactures, installs and services a complete line of overhead material handling equipment. Some of the best-known companies in the world choose EMH. Founded in 1988, EMH quickly evolved into a full line, one-source manufacturer of overhead cranes and components. Our 125,000 square foot state-of-the-art manufacturing facility allows us [&hellip;]<\/p>\n","protected":false},"author":203,"featured_media":464,"parent":0,"menu_order":69,"comment_status":"open","ping_status":"open","template":"page-templates\/about.php","meta":{"_acf_changed":false,"_seopress_robots_primary_cat":"","_seopress_titles_title":"","_seopress_titles_desc":"","_seopress_robots_index":"","footnotes":""},"class_list":["post-379","page","type-page","status-publish","has-post-thumbnail","hentry"],"acf":[],"_links":{"self":[{"href":"https:\/\/www.emhcranes.com\/es\/wp-json\/wp\/v2\/pages\/379","targetHints":{"allow":["GET"]}}],"collection":[{"href":"https:\/\/www.emhcranes.com\/es\/wp-json\/wp\/v2\/pages"}],"about":[{"href":"https:\/\/www.emhcranes.com\/es\/wp-json\/wp\/v2\/types\/page"}],"author":[{"embeddable":true,"href":"https:\/\/www.emhcranes.com\/es\/wp-json\/wp\/v2\/users\/203"}],"replies":[{"embeddable":true,"href":"https:\/\/www.emhcranes.com\/es\/wp-json\/wp\/v2\/comments?post=379"}],"version-history":[{"count":0,"href":"https:\/\/www.emhcranes.com\/es\/wp-json\/wp\/v2\/pages\/379\/revisions"}],"wp:featuredmedia":[{"embeddable":true,"href":"https:\/\/www.emhcranes.com\/es\/wp-json\/wp\/v2\/media\/464"}],"wp:attachment":[{"href":"https:\/\/www.emhcranes.com\/es\/wp-json\/wp\/v2\/media?parent=379"}],"curies":[{"name":"wp","href":"https:\/\/api.w.org\/{rel}","templated":true}]}}