{"id":366,"date":"2012-05-11T13:50:43","date_gmt":"2012-05-11T13:50:43","guid":{"rendered":"http:\/\/emhcranes.com\/?page_id=366"},"modified":"2025-11-06T10:31:54","modified_gmt":"2025-11-06T15:31:54","slug":"home-2","status":"publish","type":"page","link":"https:\/\/www.emhcranes.com\/es\/","title":{"rendered":"Home"},"content":{"rendered":"<div class=\"padded\">\t\t<div data-elementor-type=\"wp-page\" data-elementor-id=\"366\" class=\"elementor elementor-366\">\n\t\t\t\t<div class=\"elementor-element elementor-element-6c787339 e-flex e-con-boxed e-con e-parent\" data-id=\"6c787339\" data-element_type=\"container\" data-e-type=\"container\">\n\t\t\t\t\t<div class=\"e-con-inner\">\n\t\t\t\t<div class=\"elementor-element elementor-element-f8e8ba4 elementor-widget elementor-widget-text-editor\" data-id=\"f8e8ba4\" data-element_type=\"widget\" data-e-type=\"widget\" data-widget_type=\"text-editor.default\">\n\t\t\t\t\t\t\t\t\t<h2>Con un historial comprobado de ayudar a las empresas a alcanzar su potencial con las \u00faltimas soluciones innovadoras, EMH se destaca en esta industria.<\/h2>\r\n<p>Algunas de las empresas m\u00e1s conocidas del mundo eligen EMH. Fundada en 1988, EMH evolucion\u00f3 r\u00e1pidamente en una l\u00ednea completa, como fabricante de gr\u00faas a\u00e9reas y componentes. Nuestras instalaciones de fabricaci\u00f3n de vanguardia de 125,000 pies cuadrados nos permiten fabricar nuestros productos de la manera m\u00e1s eficiente y rentable posible.<\/p>\t\t\t\t\t\t\t\t<\/div>\n\t\t\t\t\t<\/div>\n\t\t\t\t<\/div>\n\t\t\t\t<\/div>\n\t\t<\/div>","protected":false},"excerpt":{"rendered":"<p>With a proven track record of helping businesses realize their potential with the latest innovative solutions, EMH stands apart in this industry. Some of the best-known companies in the world choose EMH. Founded in 1988, EMH quickly evolved into a full line, one-source manufacturer of overhead cranes and components. Our 125,000 square foot state-of-the-art manufacturing [&hellip;]<\/p>\n","protected":false},"author":203,"featured_media":0,"parent":0,"menu_order":41,"comment_status":"open","ping_status":"open","template":"page-templates\/home.php","meta":{"_acf_changed":false,"_seopress_robots_primary_cat":"","_seopress_titles_title":"One-Source Manufacturer of Overhead Cranes and Components | EMH Inc.","_seopress_titles_desc":"EMH designs, sells and manufactures a complete line of overhead material handling equipment for loads from 35 lbs. to 300 tons","_seopress_robots_index":"","footnotes":""},"class_list":["post-366","page","type-page","status-publish","hentry"],"acf":[],"_links":{"self":[{"href":"https:\/\/www.emhcranes.com\/es\/wp-json\/wp\/v2\/pages\/366","targetHints":{"allow":["GET"]}}],"collection":[{"href":"https:\/\/www.emhcranes.com\/es\/wp-json\/wp\/v2\/pages"}],"about":[{"href":"https:\/\/www.emhcranes.com\/es\/wp-json\/wp\/v2\/types\/page"}],"author":[{"embeddable":true,"href":"https:\/\/www.emhcranes.com\/es\/wp-json\/wp\/v2\/users\/203"}],"replies":[{"embeddable":true,"href":"https:\/\/www.emhcranes.com\/es\/wp-json\/wp\/v2\/comments?post=366"}],"version-history":[{"count":0,"href":"https:\/\/www.emhcranes.com\/es\/wp-json\/wp\/v2\/pages\/366\/revisions"}],"wp:attachment":[{"href":"https:\/\/www.emhcranes.com\/es\/wp-json\/wp\/v2\/media?parent=366"}],"curies":[{"name":"wp","href":"https:\/\/api.w.org\/{rel}","templated":true}]}}