{"id":2637,"date":"2013-03-12T10:31:00","date_gmt":"2013-03-12T15:31:00","guid":{"rendered":"http:\/\/emhcranes.com\/?page_id=2637"},"modified":"2026-01-05T10:42:18","modified_gmt":"2026-01-05T15:42:18","slug":"jib-cranes","status":"publish","type":"page","link":"https:\/\/www.emhcranes.com\/es\/jib-cranes\/","title":{"rendered":"Gr\u00faas Pescantes"},"content":{"rendered":"<div class=\"padded\">\t\t<div data-elementor-type=\"wp-page\" data-elementor-id=\"2637\" class=\"elementor elementor-2637\">\n\t\t\t\t<div class=\"elementor-element elementor-element-456e10a e-flex e-con-boxed e-con e-parent\" data-id=\"456e10a\" data-element_type=\"container\" data-e-type=\"container\">\n\t\t\t\t\t<div class=\"e-con-inner\">\n\t\t<div class=\"elementor-element elementor-element-89d4776 e-con-full e-flex e-con e-child\" data-id=\"89d4776\" data-element_type=\"container\" data-e-type=\"container\">\n\t\t\t\t<div class=\"elementor-element elementor-element-a5093bd elementor-widget elementor-widget-image\" data-id=\"a5093bd\" data-element_type=\"widget\" data-e-type=\"widget\" data-widget_type=\"image.default\">\n\t\t\t\t\t\t\t\t\t\t\t\t\t\t\t<img fetchpriority=\"high\" decoding=\"async\" width=\"600\" height=\"600\" src=\"https:\/\/www.emhcranes.com\/wp-content\/uploads\/2026\/01\/Wall-Trav-Jib.png\" class=\"attachment-large size-large wp-image-10455\" alt=\"Jib Crane mounted on a wall\" srcset=\"https:\/\/www.emhcranes.com\/wp-content\/uploads\/2026\/01\/Wall-Trav-Jib.png 600w, https:\/\/www.emhcranes.com\/wp-content\/uploads\/2026\/01\/Wall-Trav-Jib-300x300.png 300w, https:\/\/www.emhcranes.com\/wp-content\/uploads\/2026\/01\/Wall-Trav-Jib-12x12.png 12w\" sizes=\"(max-width: 600px) 100vw, 600px\" \/>\t\t\t\t\t\t\t\t\t\t\t\t\t\t\t<\/div>\n\t\t\t\t<div class=\"elementor-element elementor-element-308845d elementor-widget elementor-widget-text-editor\" data-id=\"308845d\" data-element_type=\"widget\" data-e-type=\"widget\" data-widget_type=\"text-editor.default\">\n\t\t\t\t\t\t\t\t\t<p class=\"description\"><strong>Gr\u00faas Pescantes - Desplazamiento de pared<\/strong> son normalmente usadas en conjunto con gr\u00faas puente elevadoras, para el movimiento frecuente de cargas m\u00e1s peque\u00f1as. Las pescantes de desplazamiento en la pared liberan la gr\u00faa puente para elevaciones de servicio m\u00e1s pesadas, proporcionando un mejor flujo de trabajo.<\/p>\n<p><a href=\"https:\/\/www.emhcranes.com\/es\/wall-travelling-jib-cranes\/\">Click aca para mayor detalles sobre Gr\u00faas Pescantes de desplazamiento de pared<\/a><\/p>\t\t\t\t\t\t\t\t<\/div>\n\t\t\t\t<\/div>\n\t\t<div class=\"elementor-element elementor-element-99e9e6a e-con-full e-flex e-con e-child\" data-id=\"99e9e6a\" data-element_type=\"container\" data-e-type=\"container\">\n\t\t\t\t<div class=\"elementor-element elementor-element-6f7c671 elementor-widget elementor-widget-image\" data-id=\"6f7c671\" data-element_type=\"widget\" data-e-type=\"widget\" data-widget_type=\"image.default\">\n\t\t\t\t\t\t\t\t\t\t\t\t\t\t\t<img decoding=\"async\" width=\"600\" height=\"600\" src=\"https:\/\/www.emhcranes.com\/wp-content\/uploads\/2026\/01\/AL-Jib-1.png\" class=\"attachment-large size-large wp-image-10457\" alt=\"AL System Jib Crane\" srcset=\"https:\/\/www.emhcranes.com\/wp-content\/uploads\/2026\/01\/AL-Jib-1.png 600w, https:\/\/www.emhcranes.com\/wp-content\/uploads\/2026\/01\/AL-Jib-1-300x300.png 300w, https:\/\/www.emhcranes.com\/wp-content\/uploads\/2026\/01\/AL-Jib-1-12x12.png 12w\" sizes=\"(max-width: 600px) 100vw, 600px\" \/>\t\t\t\t\t\t\t\t\t\t\t\t\t\t\t<\/div>\n\t\t\t\t<div class=\"elementor-element elementor-element-7d0fdf8 elementor-widget elementor-widget-text-editor\" data-id=\"7d0fdf8\" data-element_type=\"widget\" data-e-type=\"widget\" data-widget_type=\"text-editor.default\">\n\t\t\t\t\t\t\t\t\t<p class=\"description\"><strong>AL SYSTEMS\u2122 ALUMINUM RAIL JIB CRANES <\/strong>son ideales en m\u00faltiples aplicaciones, debajo de gr\u00faas puente, en \u00e1reas que sirven a varias estaciones de trabajo, en aplicaciones al aire libre como muelles de carga, o en \u00e1reas de mecanizado y ensamblaje donde se pueden superponer m\u00faltiples gr\u00faas de brazo para proporcionar una amplia cobertura<\/p>\n<p class=\"description\">AL Systems\u2122 Pillar Style and Wall Mounted jibs are available in capacities from 250 lbs. to 1,000 lbs. with spans up to 15 feet.<\/p>\n<p class=\"links\"><a title=\"Aluminum Rail Workstation Cranes \u2013 AL SYSTEMS\u2122\" href=\"https:\/\/www.emhcranes.com\/es\/al-systems-aluminum-workstation-cranes\/\">Click here for more details on AL Systems\u2122 Aluminum Rail Workstation Cranes.<\/a><\/p>\t\t\t\t\t\t\t\t<\/div>\n\t\t\t\t<\/div>\n\t\t\t\t\t<\/div>\n\t\t\t\t<\/div>\n\t\t<div class=\"elementor-element elementor-element-4cfe18a e-flex e-con-boxed e-con e-parent\" data-id=\"4cfe18a\" data-element_type=\"container\" data-e-type=\"container\">\n\t\t\t\t\t<div class=\"e-con-inner\">\n\t\t\t\t<div class=\"elementor-element elementor-element-a585cbe elementor-shape-rounded elementor-grid-0 e-grid-align-center elementor-widget elementor-widget-social-icons\" data-id=\"a585cbe\" data-element_type=\"widget\" data-e-type=\"widget\" data-widget_type=\"social-icons.default\">\n\t\t\t\t\t\t\t<div class=\"elementor-social-icons-wrapper elementor-grid\" role=\"list\">\n\t\t\t\t\t\t\t<span class=\"elementor-grid-item\" role=\"listitem\">\n\t\t\t\t\t<a class=\"elementor-icon elementor-social-icon elementor-social-icon-youtube elementor-repeater-item-5300b56\" href=\"https:\/\/www.youtube.com\/user\/EMHCranes\" target=\"_blank\">\n\t\t\t\t\t\t<span class=\"elementor-screen-only\">Youtube<\/span>\n\t\t\t\t\t\t<svg aria-hidden=\"true\" class=\"e-font-icon-svg e-fab-youtube\" viewbox=\"0 0 576 512\" xmlns=\"http:\/\/www.w3.org\/2000\/svg\"><path d=\"M549.655 124.083c-6.281-23.65-24.787-42.276-48.284-48.597C458.781 64 288 64 288 64S117.22 64 74.629 75.486c-23.497 6.322-42.003 24.947-48.284 48.597-11.412 42.867-11.412 132.305-11.412 132.305s0 89.438 11.412 132.305c6.281 23.65 24.787 41.5 48.284 47.821C117.22 448 288 448 288 448s170.78 0 213.371-11.486c23.497-6.321 42.003-24.171 48.284-47.821 11.412-42.867 11.412-132.305 11.412-132.305s0-89.438-11.412-132.305zm-317.51 213.508V175.185l142.739 81.205-142.739 81.201z\"><\/path><\/svg>\t\t\t\t\t<\/a>\n\t\t\t\t<\/span>\n\t\t\t\t\t\t\t<span class=\"elementor-grid-item\" role=\"listitem\">\n\t\t\t\t\t<a class=\"elementor-icon elementor-social-icon elementor-social-icon-linkedin elementor-repeater-item-fde49f7\" href=\"https:\/\/www.linkedin.com\/in\/emhcranes\" target=\"_blank\">\n\t\t\t\t\t\t<span class=\"elementor-screen-only\">Linkedin<\/span>\n\t\t\t\t\t\t<svg aria-hidden=\"true\" class=\"e-font-icon-svg e-fab-linkedin\" viewbox=\"0 0 448 512\" xmlns=\"http:\/\/www.w3.org\/2000\/svg\"><path d=\"M416 32H31.9C14.3 32 0 46.5 0 64.3v383.4C0 465.5 14.3 480 31.9 480H416c17.6 0 32-14.5 32-32.3V64.3c0-17.8-14.4-32.3-32-32.3zM135.4 416H69V202.2h66.5V416zm-33.2-243c-21.3 0-38.5-17.3-38.5-38.5S80.9 96 102.2 96c21.2 0 38.5 17.3 38.5 38.5 0 21.3-17.2 38.5-38.5 38.5zm282.1 243h-66.4V312c0-24.8-.5-56.7-34.5-56.7-34.6 0-39.9 27-39.9 54.9V416h-66.4V202.2h63.7v29.2h.9c8.9-16.8 30.6-34.5 62.9-34.5 67.2 0 79.7 44.3 79.7 101.9V416z\"><\/path><\/svg>\t\t\t\t\t<\/a>\n\t\t\t\t<\/span>\n\t\t\t\t\t\t\t<span class=\"elementor-grid-item\" role=\"listitem\">\n\t\t\t\t\t<a class=\"elementor-icon elementor-social-icon elementor-social-icon-x-twitter elementor-repeater-item-3bd8a11\" href=\"https:\/\/x.com\/EMH_Inc\" target=\"_blank\">\n\t\t\t\t\t\t<span class=\"elementor-screen-only\">X-twitter<\/span>\n\t\t\t\t\t\t<svg aria-hidden=\"true\" class=\"e-font-icon-svg e-fab-x-twitter\" viewbox=\"0 0 512 512\" xmlns=\"http:\/\/www.w3.org\/2000\/svg\"><path d=\"M389.2 48h70.6L305.6 224.2 487 464H345L233.7 318.6 106.5 464H35.8L200.7 275.5 26.8 48H172.4L272.9 180.9 389.2 48zM364.4 421.8h39.1L151.1 88h-42L364.4 421.8z\"><\/path><\/svg>\t\t\t\t\t<\/a>\n\t\t\t\t<\/span>\n\t\t\t\t\t<\/div>\n\t\t\t\t\t\t<\/div>\n\t\t\t\t\t<\/div>\n\t\t\t\t<\/div>\n\t\t\t\t<\/div>\n\t\t<\/div>","protected":false},"excerpt":{"rendered":"<p>WALL TRAVELING JIB CRANES are normally used in conjunction with overhead bridge cranes for frequent movement of smaller loads.\u00a0Wall traveling jibs free up the bridge crane for heavier duty lifts, providing better work flow. Click here for more details on Wall Traveling Jib Cranes. AL SYSTEMS&#x2122; ALUMINUM RAIL JIB CRANES are ideal in multiple applications, [&hellip;]<\/p>\n","protected":false},"author":203,"featured_media":0,"parent":0,"menu_order":27,"comment_status":"open","ping_status":"open","template":"page-templates\/crane-category.php","meta":{"_acf_changed":false,"_seopress_robots_primary_cat":"","_seopress_titles_title":"","_seopress_titles_desc":"","_seopress_robots_index":"","_seopress_analysis_target_kw":"","footnotes":""},"class_list":["post-2637","page","type-page","status-publish","hentry"],"acf":[],"_links":{"self":[{"href":"https:\/\/www.emhcranes.com\/es\/wp-json\/wp\/v2\/pages\/2637","targetHints":{"allow":["GET"]}}],"collection":[{"href":"https:\/\/www.emhcranes.com\/es\/wp-json\/wp\/v2\/pages"}],"about":[{"href":"https:\/\/www.emhcranes.com\/es\/wp-json\/wp\/v2\/types\/page"}],"author":[{"embeddable":true,"href":"https:\/\/www.emhcranes.com\/es\/wp-json\/wp\/v2\/users\/203"}],"replies":[{"embeddable":true,"href":"https:\/\/www.emhcranes.com\/es\/wp-json\/wp\/v2\/comments?post=2637"}],"version-history":[{"count":6,"href":"https:\/\/www.emhcranes.com\/es\/wp-json\/wp\/v2\/pages\/2637\/revisions"}],"predecessor-version":[{"id":10464,"href":"https:\/\/www.emhcranes.com\/es\/wp-json\/wp\/v2\/pages\/2637\/revisions\/10464"}],"wp:attachment":[{"href":"https:\/\/www.emhcranes.com\/es\/wp-json\/wp\/v2\/media?parent=2637"}],"curies":[{"name":"wp","href":"https:\/\/api.w.org\/{rel}","templated":true}]}}