{"id":1269,"date":"2012-07-02T17:44:56","date_gmt":"2012-07-02T17:44:56","guid":{"rendered":"http:\/\/emhcranes.com\/?page_id=1269"},"modified":"2021-07-19T13:34:41","modified_gmt":"2021-07-19T17:34:41","slug":"gantry-cranes-typical-configurations","status":"publish","type":"page","link":"https:\/\/www.emhcranes.com\/es\/gantry-cranes\/gantry-cranes-typical-configurations\/","title":{"rendered":"Gr\u00faas de p\u00f3rtico - Configuraciones t\u00edpicas"},"content":{"rendered":"<div class=\"padded\"><p><a title=\"Gr\u00faas P\u00f3rticos\" href=\"https:\/\/www.emhcranes.com\/es\/gantry-cranes\/\">Click to return to Gantry Cranes.<\/a><\/p>\r\n<div class=\"crane-index-listing-columns configurations group\">\r\n<div class=\"crane-index-listing column\">\r\n<div class=\"image-holder\"><img fetchpriority=\"high\" decoding=\"async\" class=\"size-medium wp-image-7696 alignnone\" src=\"https:\/\/www.emhcranes.com\/wp-content\/uploads\/2020\/03\/Single-Girder-Single-Leg-Gantry-with-Poly-Wheel-1-300x240.jpg\" alt=\"\" width=\"300\" height=\"240\" srcset=\"https:\/\/www.emhcranes.com\/wp-content\/uploads\/2020\/03\/Single-Girder-Single-Leg-Gantry-with-Poly-Wheel-1-300x240.jpg 300w, https:\/\/www.emhcranes.com\/wp-content\/uploads\/2020\/03\/Single-Girder-Single-Leg-Gantry-with-Poly-Wheel-1-1024x819.jpg 1024w, https:\/\/www.emhcranes.com\/wp-content\/uploads\/2020\/03\/Single-Girder-Single-Leg-Gantry-with-Poly-Wheel-1-768x614.jpg 768w, https:\/\/www.emhcranes.com\/wp-content\/uploads\/2020\/03\/Single-Girder-Single-Leg-Gantry-with-Poly-Wheel-1.jpg 1280w\" sizes=\"(max-width: 300px) 100vw, 300px\" \/><\/div>\r\n<h3>Semi-Portico, monoviga<\/h3>\r\n<p class=\"link\"><a href=\"https:\/\/www.emhcranes.com\/es\/gantry-cranes-standard-single-girder-models\/?table--1\">Haga clic para ver modelos est\u00e1ndar, dibujos, precios<\/a><\/p>\r\n<\/div>\r\n<div class=\"crane-index-listing column\">\r\n<div class=\"image-holder\"><img decoding=\"async\" title=\"Single Girder Double Leg Gantry\" src=\"https:\/\/www.emhcranes.com\/es\/wp-content\/uploads\/2012\/07\/Single-Girder-Double-Leg-Gantry-300x240.jpg\" \/><\/div>\r\n<h3>P\u00f3rtico monoviga<\/h3>\r\n<p class=\"link\"><a href=\"https:\/\/www.emhcranes.com\/es\/gantry-cranes-standard-single-girder-models\/?table--1\">Haga clic para ver modelos est\u00e1ndar, dibujos, precios<\/a><\/p>\r\n<\/div>\r\n<div class=\"crane-index-listing column\">\r\n<div class=\"image-holder\"><img decoding=\"async\" class=\"wp-image-7700 alignnone\" src=\"https:\/\/www.emhcranes.com\/wp-content\/uploads\/2020\/03\/Double-Girder-Single-Leg-Gantry-with-Poly-Wheel-300x240.jpg\" alt=\"\" width=\"418\" height=\"335\" srcset=\"https:\/\/www.emhcranes.com\/wp-content\/uploads\/2020\/03\/Double-Girder-Single-Leg-Gantry-with-Poly-Wheel-300x240.jpg 300w, https:\/\/www.emhcranes.com\/wp-content\/uploads\/2020\/03\/Double-Girder-Single-Leg-Gantry-with-Poly-Wheel-1024x819.jpg 1024w, https:\/\/www.emhcranes.com\/wp-content\/uploads\/2020\/03\/Double-Girder-Single-Leg-Gantry-with-Poly-Wheel-768x614.jpg 768w, https:\/\/www.emhcranes.com\/wp-content\/uploads\/2020\/03\/Double-Girder-Single-Leg-Gantry-with-Poly-Wheel.jpg 1280w\" sizes=\"(max-width: 418px) 100vw, 418px\" \/><\/div>\r\n<h3>Semi-P\u00f3rtico, doble viga<\/h3>\r\n<\/div>\r\n<div class=\"crane-index-listing column\">\r\n<div class=\"image-holder\"><img decoding=\"async\" title=\"Double Girder Double Leg Gantry\" src=\"https:\/\/www.emhcranes.com\/es\/wp-content\/uploads\/2012\/07\/Double-Girder-Double-Leg-Gantry-300x240.jpg\" \/><\/div>\r\n<h3>Double Girder, Double Leg<\/h3>\r\n<\/div>\r\n<div class=\"crane-index-listing column\">\r\n<div class=\"image-holder\"><img decoding=\"async\" title=\"Double Overhang Gantry\" src=\"https:\/\/www.emhcranes.com\/es\/wp-content\/uploads\/2012\/07\/Double-Overhang-Gantry-300x240.jpg\" \/><\/div>\r\n<h3>Gr\u00faa P\u00f3rtico con voladizo en ambos lados<\/h3>\r\n<\/div>\r\n<div class=\"crane-index-listing column\">\r\n<div class=\"image-holder\"><img decoding=\"async\" title=\"Double Girder Extended Gantry\" src=\"https:\/\/www.emhcranes.com\/es\/wp-content\/uploads\/2012\/07\/Double-Girder-Extended-Gantry-300x240.jpg\" alt=\"Double Girder Extended Gantry\" \/><\/div>\r\n<h3>Doble viga con voladizo<\/h3>\r\n<\/div>\r\n<\/div><\/div>","protected":false},"excerpt":{"rendered":"<p>Click to return to Gantry Cranes. Single Girder, Single Leg Click for Standard Models, Drawings, Prices Single Girder, Double Leg Click for Standard Models, Drawings, Prices Double Girder, Single Leg Double Girder, Double Leg Double Leg with Overhang at Each End Double Girder Extended<\/p>","protected":false},"author":203,"featured_media":0,"parent":399,"menu_order":0,"comment_status":"open","ping_status":"open","template":"page-templates\/crane-category.php","meta":{"_acf_changed":false,"_seopress_robots_primary_cat":"","_seopress_titles_title":"","_seopress_titles_desc":"","_seopress_robots_index":"","_seopress_analysis_target_kw":"","footnotes":""},"class_list":["post-1269","page","type-page","status-publish","hentry"],"acf":[],"_links":{"self":[{"href":"https:\/\/www.emhcranes.com\/es\/wp-json\/wp\/v2\/pages\/1269","targetHints":{"allow":["GET"]}}],"collection":[{"href":"https:\/\/www.emhcranes.com\/es\/wp-json\/wp\/v2\/pages"}],"about":[{"href":"https:\/\/www.emhcranes.com\/es\/wp-json\/wp\/v2\/types\/page"}],"author":[{"embeddable":true,"href":"https:\/\/www.emhcranes.com\/es\/wp-json\/wp\/v2\/users\/203"}],"replies":[{"embeddable":true,"href":"https:\/\/www.emhcranes.com\/es\/wp-json\/wp\/v2\/comments?post=1269"}],"version-history":[{"count":0,"href":"https:\/\/www.emhcranes.com\/es\/wp-json\/wp\/v2\/pages\/1269\/revisions"}],"up":[{"embeddable":true,"href":"https:\/\/www.emhcranes.com\/es\/wp-json\/wp\/v2\/pages\/399"}],"wp:attachment":[{"href":"https:\/\/www.emhcranes.com\/es\/wp-json\/wp\/v2\/media?parent=1269"}],"curies":[{"name":"wp","href":"https:\/\/api.w.org\/{rel}","templated":true}]}}