{"id":807,"date":"2012-05-25T16:57:21","date_gmt":"2012-05-25T16:57:21","guid":{"rendered":"http:\/\/emhcranes.com\/?page_id=807"},"modified":"2018-11-19T14:33:57","modified_gmt":"2018-11-19T19:33:57","slug":"807-2","status":"publish","type":"page","link":"http:\/\/www.emhcranes.com\/es\/engineered-hoists\/807-2\/","title":{"rendered":"Polipasto de Ingenier\u00eda (EH) Modelo H"},"content":{"rendered":"<div class=\"padded has-image small-image text-only\">\r\n<div class=\"info\">\r\n<p>El carro \"H\" del modelo EH fue dise\u00f1ado para aplicaciones de clase \"D\", servicio pesado, tales como centros de servicio de acero, fabricantes de acero pesado e instalaciones de hormig\u00f3n prefabricado.<\/p>\r\n<p>Entre las caracter\u00edsticas del polipasto de ingenier\u00eda (EH) modelo H se encuentran:<\/p>\r\n<ul>\r\n\t<li>Capacidades hasta 300 toneladas<\/li>\r\n\t<li>Doble enrrollamiento (4\/2, 8\/2 and 12\/2) para equipos con izaje totalmente vertical (TVL)<\/li>\r\n\t<li>Las ranuras del tambor de media profundidad eliminan la necesidad de gu\u00edas de cable<\/li>\r\n\t<li>Frenos de disco DC<\/li>\r\n\t<li>F\u00e1cil acceso a las poleas superiores para mantenimiento<\/li>\r\n\t<li>Aislamiento de motor clase F<\/li>\r\n\t<li>Cabezales de carro de eje giratorio<\/li>\r\n\t<li>Interruptor de l\u00edmite con engranaje de tres posiciones (operacional inferior y superior, seguridad superior) con adici\u00f3n de l\u00edmite superior operado por peso.<\/li>\r\n\t<li>Control de polipasto VFD estandar de vector de flujo de lazo cerrado.<\/li>\r\n\t<li>Control estandar de trolley con VFD<\/li>\r\n\t<li>40.000 horas de vida \u00fatil del B-10 (motor \/ caja de engranajes del polipasto)<\/li>\r\n\t<li>Motores y cajas de cambios resistentes y duraderos con el beneficio adicional de utilizar componentes est\u00e1ndar como tambores, frenos, poleas y ruedas.<\/li>\r\n\t<li>Engranajes silenciosos AGMA Clase 11, eficientes y de alta calidad<\/li>\r\n\t<li>Pasador ecualizador est\u00e1ndar en los extremos del carro para evitar el movimiento de 3 ruedas<\/li>\r\n<\/ul>\r\n<\/div>\r\n<div class=\"image\">\r\n<img decoding=\"async\" title=\"Polipasto de Ingenier\u00eda (EH) Modelo H\" src=\"\/emhEngineeredHoists\/Eng_H_Hoist_300.jpg\"\/>\r\n<\/div>\n<\/div>","protected":false},"excerpt":{"rendered":"<p>The EH Model H Trolley was designed for heavy service Class D applications such as Steel Service Centers, Heavy Steel Fabricators, and Precast Concrete Facilities. Among the features of the EH Model H Engineered Hoist are: Capacities to 300 tons Double-reeving (4\/2, 8\/2 and 12\/2) for True Vertical Lift Half-depth drum grooves eliminate the need [&hellip;]<\/p>\n","protected":false},"author":203,"featured_media":0,"parent":407,"menu_order":3,"comment_status":"open","ping_status":"open","template":"page-templates\/crane.php","meta":{"_acf_changed":false,"_seopress_robots_primary_cat":"","_seopress_titles_title":"","_seopress_titles_desc":"","_seopress_robots_index":"","footnotes":""},"class_list":["post-807","page","type-page","status-publish","hentry"],"acf":[],"_links":{"self":[{"href":"http:\/\/www.emhcranes.com\/es\/wp-json\/wp\/v2\/pages\/807","targetHints":{"allow":["GET"]}}],"collection":[{"href":"http:\/\/www.emhcranes.com\/es\/wp-json\/wp\/v2\/pages"}],"about":[{"href":"http:\/\/www.emhcranes.com\/es\/wp-json\/wp\/v2\/types\/page"}],"author":[{"embeddable":true,"href":"http:\/\/www.emhcranes.com\/es\/wp-json\/wp\/v2\/users\/203"}],"replies":[{"embeddable":true,"href":"http:\/\/www.emhcranes.com\/es\/wp-json\/wp\/v2\/comments?post=807"}],"version-history":[{"count":0,"href":"http:\/\/www.emhcranes.com\/es\/wp-json\/wp\/v2\/pages\/807\/revisions"}],"up":[{"embeddable":true,"href":"http:\/\/www.emhcranes.com\/es\/wp-json\/wp\/v2\/pages\/407"}],"wp:attachment":[{"href":"http:\/\/www.emhcranes.com\/es\/wp-json\/wp\/v2\/media?parent=807"}],"curies":[{"name":"wp","href":"https:\/\/api.w.org\/{rel}","templated":true}]}}