{"id":754,"date":"2012-05-25T16:08:18","date_gmt":"2012-05-25T16:08:18","guid":{"rendered":"http:\/\/emhcranes.com\/?page_id=754"},"modified":"2026-01-15T09:40:22","modified_gmt":"2026-01-15T14:40:22","slug":"double-box-girder-top-running-overhead-bridge-cranes-2","status":"publish","type":"page","link":"http:\/\/www.emhcranes.com\/es\/overhead-bridge-cranes\/733-2\/double-box-girder-top-running-overhead-bridge-cranes-2\/","title":{"rendered":"Double Box Girder Top Running Overhead Cranes &#8211; Engineered"},"content":{"rendered":"<div data-elementor-type=\"wp-page\" data-elementor-id=\"754\" class=\"elementor elementor-754\">\n\t\t\t\t<div class=\"elementor-element elementor-element-500bec8 e-flex e-con-boxed e-con e-parent\" data-id=\"500bec8\" data-element_type=\"container\" data-e-type=\"container\">\n\t\t\t\t\t<div class=\"e-con-inner\">\n\t\t\t\t<div class=\"elementor-element elementor-element-e11070c elementor-widget elementor-widget-spacer\" data-id=\"e11070c\" data-element_type=\"widget\" data-e-type=\"widget\" data-widget_type=\"spacer.default\">\n\t\t\t\t\t\t\t<div class=\"elementor-spacer\">\n\t\t\t<div class=\"elementor-spacer-inner\"><\/div>\n\t\t<\/div>\n\t\t\t\t\t\t<\/div>\n\t\t\t\t<div class=\"elementor-element elementor-element-d856a59 elementor-widget elementor-widget-heading\" data-id=\"d856a59\" data-element_type=\"widget\" data-e-type=\"widget\" data-widget_type=\"heading.default\">\n\t\t\t\t\t<h2 class=\"elementor-heading-title elementor-size-default\">Serie ZSK<\/h2>\t\t\t\t<\/div>\n\t\t\t\t<div class=\"elementor-element elementor-element-1eea9d2 elementor-widget elementor-widget-text-editor\" data-id=\"1eea9d2\" data-element_type=\"widget\" data-e-type=\"widget\" data-widget_type=\"text-editor.default\">\n\t\t\t\t\t\t\t\t\t<p><span style=\"font-size: 14pt;\">Para aplicaciones con ciclos de trabajo intensos, elevaci\u00f3n prolongada y capacidades superiores a 50 toneladas, las gr\u00faas puente de doble viga dise\u00f1adas por ZSK son la mejor opci\u00f3n. Las gr\u00faas de doble viga dise\u00f1adas por ZSK tambi\u00e9n son muy adecuadas cuando es necesario equipar la gr\u00faa con pasarelas, luces, cabinas y carretes magn\u00e9ticos para cables. Tambi\u00e9n se utilizan en aplicaciones a prueba de explosiones y cuando la gr\u00faa debe estar dise\u00f1ada para funcionar en entornos dif\u00edciles<\/span><\/p>\t\t\t\t\t\t\t\t<\/div>\n\t\t\t\t\t<\/div>\n\t\t\t\t<\/div>\n\t\t<div class=\"elementor-element elementor-element-bc96a6d e-flex e-con-boxed e-con e-parent\" data-id=\"bc96a6d\" data-element_type=\"container\" data-e-type=\"container\">\n\t\t\t\t\t<div class=\"e-con-inner\">\n\t\t\t\t<div class=\"elementor-element elementor-element-1670772 elementor-widget-divider--view-line elementor-widget elementor-widget-divider\" data-id=\"1670772\" data-element_type=\"widget\" data-e-type=\"widget\" data-widget_type=\"divider.default\">\n\t\t\t\t\t\t\t<div class=\"elementor-divider\">\n\t\t\t<span class=\"elementor-divider-separator\">\n\t\t\t\t\t\t<\/span>\n\t\t<\/div>\n\t\t\t\t\t\t<\/div>\n\t\t\t\t\t<\/div>\n\t\t\t\t<\/div>\n\t\t<div class=\"elementor-element elementor-element-9848682 e-flex e-con-boxed e-con e-parent\" data-id=\"9848682\" data-element_type=\"container\" data-e-type=\"container\">\n\t\t\t\t\t<div class=\"e-con-inner\">\n\t\t\t\t<div class=\"elementor-element elementor-element-48e9fab elementor-widget elementor-widget-heading\" data-id=\"48e9fab\" data-element_type=\"widget\" data-e-type=\"widget\" data-widget_type=\"heading.default\">\n\t\t\t\t\t<h2 class=\"elementor-heading-title elementor-size-default\">Dimensiones<\/h2>\t\t\t\t<\/div>\n\t\t\t\t\t<\/div>\n\t\t\t\t<\/div>\n\t\t<div class=\"elementor-element elementor-element-50e4e07 e-flex e-con-boxed e-con e-parent\" data-id=\"50e4e07\" data-element_type=\"container\" data-e-type=\"container\">\n\t\t\t\t\t<div class=\"e-con-inner\">\n\t\t<div class=\"elementor-element elementor-element-d26dcc2 e-con-full e-flex e-con e-child\" data-id=\"d26dcc2\" data-element_type=\"container\" data-e-type=\"container\">\n\t\t\t\t<div class=\"elementor-element elementor-element-a125684 elementor-view-default elementor-position-block-start elementor-mobile-position-block-start elementor-widget elementor-widget-icon-box\" data-id=\"a125684\" data-element_type=\"widget\" data-e-type=\"widget\" data-widget_type=\"icon-box.default\">\n\t\t\t\t\t\t\t<div class=\"elementor-icon-box-wrapper\">\n\n\t\t\t\t\t\t<div class=\"elementor-icon-box-icon\">\n\t\t\t\t<span  class=\"elementor-icon\">\n\t\t\t\t<svg aria-hidden=\"true\" class=\"e-font-icon-svg e-fas-arrows-alt-h\" viewbox=\"0 0 512 512\" xmlns=\"http:\/\/www.w3.org\/2000\/svg\"><path d=\"M377.941 169.941V216H134.059v-46.059c0-21.382-25.851-32.09-40.971-16.971L7.029 239.029c-9.373 9.373-9.373 24.568 0 33.941l86.059 86.059c15.119 15.119 40.971 4.411 40.971-16.971V296h243.882v46.059c0 21.382 25.851 32.09 40.971 16.971l86.059-86.059c9.373-9.373 9.373-24.568 0-33.941l-86.059-86.059c-15.119-15.12-40.971-4.412-40.971 16.97z\"><\/path><\/svg>\t\t\t\t<\/span>\n\t\t\t<\/div>\n\t\t\t\n\t\t\t\t\t\t<div class=\"elementor-icon-box-content\">\n\n\t\t\t\t\t\t\t\t\t<h3 class=\"elementor-icon-box-title\">\n\t\t\t\t\t\t<span>\n\t\t\t\t\t\t\tIntervalos\t\t\t\t\t\t<\/span>\n\t\t\t\t\t<\/h3>\n\t\t\t\t\n\t\t\t\t\t\t\t\t\t<p class=\"elementor-icon-box-description\">\n\t\t\t\t\t\t<span style=\"font-size: 18.6667px\">Virtually unlimited<\/span>\t\t\t\t\t<\/p>\n\t\t\t\t\n\t\t\t<\/div>\n\t\t\t\n\t\t<\/div>\n\t\t\t\t\t\t<\/div>\n\t\t\t\t<\/div>\n\t\t<div class=\"elementor-element elementor-element-4a15847 e-con-full e-flex e-con e-child\" data-id=\"4a15847\" data-element_type=\"container\" data-e-type=\"container\">\n\t\t\t\t<div class=\"elementor-element elementor-element-ef261a0 elementor-view-default elementor-position-block-start elementor-mobile-position-block-start elementor-widget elementor-widget-icon-box\" data-id=\"ef261a0\" data-element_type=\"widget\" data-e-type=\"widget\" data-widget_type=\"icon-box.default\">\n\t\t\t\t\t\t\t<div class=\"elementor-icon-box-wrapper\">\n\n\t\t\t\t\t\t<div class=\"elementor-icon-box-icon\">\n\t\t\t\t<span  class=\"elementor-icon\">\n\t\t\t\t<svg aria-hidden=\"true\" class=\"e-font-icon-svg e-fas-weight-hanging\" viewbox=\"0 0 512 512\" xmlns=\"http:\/\/www.w3.org\/2000\/svg\"><path d=\"M510.28 445.86l-73.03-292.13c-3.8-15.19-16.44-25.72-30.87-25.72h-60.25c3.57-10.05 5.88-20.72 5.88-32 0-53.02-42.98-96-96-96s-96 42.98-96 96c0 11.28 2.3 21.95 5.88 32h-60.25c-14.43 0-27.08 10.54-30.87 25.72L1.72 445.86C-6.61 479.17 16.38 512 48.03 512h415.95c31.64 0 54.63-32.83 46.3-66.14zM256 128c-17.64 0-32-14.36-32-32s14.36-32 32-32 32 14.36 32 32-14.36 32-32 32z\"><\/path><\/svg>\t\t\t\t<\/span>\n\t\t\t<\/div>\n\t\t\t\n\t\t\t\t\t\t<div class=\"elementor-icon-box-content\">\n\n\t\t\t\t\t\t\t\t\t<h3 class=\"elementor-icon-box-title\">\n\t\t\t\t\t\t<span>\n\t\t\t\t\t\t\tCapacidad (tons)\t\t\t\t\t\t<\/span>\n\t\t\t\t\t<\/h3>\n\t\t\t\t\n\t\t\t\t\t\t\t\t\t<p class=\"elementor-icon-box-description\">\n\t\t\t\t\t\t<span style=\"font-size: 18.6667px\">Virtually unlimited<\/span>\t\t\t\t\t<\/p>\n\t\t\t\t\n\t\t\t<\/div>\n\t\t\t\n\t\t<\/div>\n\t\t\t\t\t\t<\/div>\n\t\t\t\t<\/div>\n\t\t\t\t\t<\/div>\n\t\t\t\t<\/div>\n\t\t<div class=\"elementor-element elementor-element-f2a0a0a e-flex e-con-boxed e-con e-parent\" data-id=\"f2a0a0a\" data-element_type=\"container\" data-e-type=\"container\">\n\t\t\t\t\t<div class=\"e-con-inner\">\n\t\t\t\t<div class=\"elementor-element elementor-element-d106253 elementor-widget-divider--view-line elementor-widget elementor-widget-divider\" data-id=\"d106253\" data-element_type=\"widget\" data-e-type=\"widget\" data-widget_type=\"divider.default\">\n\t\t\t\t\t\t\t<div class=\"elementor-divider\">\n\t\t\t<span class=\"elementor-divider-separator\">\n\t\t\t\t\t\t<\/span>\n\t\t<\/div>\n\t\t\t\t\t\t<\/div>\n\t\t\t\t\t<\/div>\n\t\t\t\t<\/div>\n\t\t<div class=\"elementor-element elementor-element-2627936 e-flex e-con-boxed e-con e-parent\" data-id=\"2627936\" data-element_type=\"container\" data-e-type=\"container\">\n\t\t\t\t\t<div class=\"e-con-inner\">\n\t\t\t\t<div class=\"elementor-element elementor-element-15b0bae elementor-widget elementor-widget-heading\" data-id=\"15b0bae\" data-element_type=\"widget\" data-e-type=\"widget\" data-widget_type=\"heading.default\">\n\t\t\t\t\t<h2 class=\"elementor-heading-title elementor-size-default\">Ventajas<\/h2>\t\t\t\t<\/div>\n\t\t\t\t<div class=\"elementor-element elementor-element-61be12a elementor-widget elementor-widget-text-editor\" data-id=\"61be12a\" data-element_type=\"widget\" data-e-type=\"widget\" data-widget_type=\"text-editor.default\">\n\t\t\t\t\t\t\t\t\t<p><span style=\"font-size: 14pt;\">Las ventajas de las gr\u00faas puente m\u00f3viles de doble viga se hacen especialmente evidentes con capacidades de carga superiores a 10 toneladas o luces superiores a 50 pies. Estas ventajas son:<\/span><\/p>\t\t\t\t\t\t\t\t<\/div>\n\t\t\t\t\t<\/div>\n\t\t\t\t<\/div>\n\t\t<div class=\"elementor-element elementor-element-6cc5b75 e-flex e-con-boxed e-con e-parent\" data-id=\"6cc5b75\" data-element_type=\"container\" data-e-type=\"container\">\n\t\t\t\t\t<div class=\"e-con-inner\">\n\t\t<div class=\"elementor-element elementor-element-78f5316 e-con-full e-flex e-con e-child\" data-id=\"78f5316\" data-element_type=\"container\" data-e-type=\"container\">\n\t\t\t\t<div class=\"elementor-element elementor-element-24ee826 elementor-view-default elementor-widget elementor-widget-icon\" data-id=\"24ee826\" data-element_type=\"widget\" data-e-type=\"widget\" data-widget_type=\"icon.default\">\n\t\t\t\t\t\t\t<div class=\"elementor-icon-wrapper\">\n\t\t\t<div class=\"elementor-icon\">\n\t\t\t<svg aria-hidden=\"true\" class=\"e-font-icon-svg e-fas-arrow-up\" viewbox=\"0 0 448 512\" xmlns=\"http:\/\/www.w3.org\/2000\/svg\"><path d=\"M34.9 289.5l-22.2-22.2c-9.4-9.4-9.4-24.6 0-33.9L207 39c9.4-9.4 24.6-9.4 33.9 0l194.3 194.3c9.4 9.4 9.4 24.6 0 33.9L413 289.4c-9.5 9.5-25 9.3-34.3-.4L264 168.6V456c0 13.3-10.7 24-24 24h-32c-13.3 0-24-10.7-24-24V168.6L69.2 289.1c-9.3 9.8-24.8 10-34.3.4z\"><\/path><\/svg>\t\t\t<\/div>\n\t\t<\/div>\n\t\t\t\t\t\t<\/div>\n\t\t\t\t<div class=\"elementor-element elementor-element-828a9fb elementor-widget elementor-widget-text-editor\" data-id=\"828a9fb\" data-element_type=\"widget\" data-e-type=\"widget\" data-widget_type=\"text-editor.default\">\n\t\t\t\t\t\t\t\t\t<p style=\"text-align: center;\"><span style=\"font-size: 14pt;\">Mayor elevaci\u00f3n del gancho, ya que este se puede levantar entre las vigas principales<\/span><\/p>\t\t\t\t\t\t\t\t<\/div>\n\t\t\t\t<\/div>\n\t\t<div class=\"elementor-element elementor-element-8b89e25 e-con-full e-flex e-con e-child\" data-id=\"8b89e25\" data-element_type=\"container\" data-e-type=\"container\">\n\t\t\t\t<div class=\"elementor-element elementor-element-289c7a4 elementor-view-default elementor-widget elementor-widget-icon\" data-id=\"289c7a4\" data-element_type=\"widget\" data-e-type=\"widget\" data-widget_type=\"icon.default\">\n\t\t\t\t\t\t\t<div class=\"elementor-icon-wrapper\">\n\t\t\t<div class=\"elementor-icon\">\n\t\t\t<svg aria-hidden=\"true\" class=\"e-font-icon-svg e-fas-link\" viewbox=\"0 0 512 512\" xmlns=\"http:\/\/www.w3.org\/2000\/svg\"><path d=\"M326.612 185.391c59.747 59.809 58.927 155.698.36 214.59-.11.12-.24.25-.36.37l-67.2 67.2c-59.27 59.27-155.699 59.262-214.96 0-59.27-59.26-59.27-155.7 0-214.96l37.106-37.106c9.84-9.84 26.786-3.3 27.294 10.606.648 17.722 3.826 35.527 9.69 52.721 1.986 5.822.567 12.262-3.783 16.612l-13.087 13.087c-28.026 28.026-28.905 73.66-1.155 101.96 28.024 28.579 74.086 28.749 102.325.51l67.2-67.19c28.191-28.191 28.073-73.757 0-101.83-3.701-3.694-7.429-6.564-10.341-8.569a16.037 16.037 0 0 1-6.947-12.606c-.396-10.567 3.348-21.456 11.698-29.806l21.054-21.055c5.521-5.521 14.182-6.199 20.584-1.731a152.482 152.482 0 0 1 20.522 17.197zM467.547 44.449c-59.261-59.262-155.69-59.27-214.96 0l-67.2 67.2c-.12.12-.25.25-.36.37-58.566 58.892-59.387 154.781.36 214.59a152.454 152.454 0 0 0 20.521 17.196c6.402 4.468 15.064 3.789 20.584-1.731l21.054-21.055c8.35-8.35 12.094-19.239 11.698-29.806a16.037 16.037 0 0 0-6.947-12.606c-2.912-2.005-6.64-4.875-10.341-8.569-28.073-28.073-28.191-73.639 0-101.83l67.2-67.19c28.239-28.239 74.3-28.069 102.325.51 27.75 28.3 26.872 73.934-1.155 101.96l-13.087 13.087c-4.35 4.35-5.769 10.79-3.783 16.612 5.864 17.194 9.042 34.999 9.69 52.721.509 13.906 17.454 20.446 27.294 10.606l37.106-37.106c59.271-59.259 59.271-155.699.001-214.959z\"><\/path><\/svg>\t\t\t<\/div>\n\t\t<\/div>\n\t\t\t\t\t\t<\/div>\n\t\t\t\t<div class=\"elementor-element elementor-element-06484f4 elementor-widget elementor-widget-text-editor\" data-id=\"06484f4\" data-element_type=\"widget\" data-e-type=\"widget\" data-widget_type=\"text-editor.default\">\n\t\t\t\t\t\t\t\t\t<p style=\"text-align: center;\"><span style=\"font-size: 14pt;\">La construcci\u00f3n extremadamente r\u00edgida de la viga caj\u00f3n y el dise\u00f1o duradero del carro son muy adecuados para aplicaciones de servicio pesado<\/span><\/p>\t\t\t\t\t\t\t\t<\/div>\n\t\t\t\t<\/div>\n\t\t\t\t\t<\/div>\n\t\t\t\t<\/div>\n\t\t<div class=\"elementor-element elementor-element-04ef4eb e-flex e-con-boxed e-con e-parent\" data-id=\"04ef4eb\" data-element_type=\"container\" data-e-type=\"container\">\n\t\t\t\t\t<div class=\"e-con-inner\">\n\t\t\t\t<div class=\"elementor-element elementor-element-233437c elementor-widget-divider--view-line elementor-widget elementor-widget-divider\" data-id=\"233437c\" data-element_type=\"widget\" data-e-type=\"widget\" data-widget_type=\"divider.default\">\n\t\t\t\t\t\t\t<div class=\"elementor-divider\">\n\t\t\t<span class=\"elementor-divider-separator\">\n\t\t\t\t\t\t<\/span>\n\t\t<\/div>\n\t\t\t\t\t\t<\/div>\n\t\t\t\t\t<\/div>\n\t\t\t\t<\/div>\n\t\t<div class=\"elementor-element elementor-element-aae771c e-flex e-con-boxed e-con e-parent\" data-id=\"aae771c\" data-element_type=\"container\" data-e-type=\"container\">\n\t\t\t\t\t<div class=\"e-con-inner\">\n\t\t\t\t<div class=\"elementor-element elementor-element-e7a6d24 elementor-widget elementor-widget-heading\" data-id=\"e7a6d24\" data-element_type=\"widget\" data-e-type=\"widget\" data-widget_type=\"heading.default\">\n\t\t\t\t\t<h2 class=\"elementor-heading-title elementor-size-default\">Especificaciones<\/h2>\t\t\t\t<\/div>\n\t\t\t\t<div class=\"elementor-element elementor-element-4decba0 elementor-widget elementor-widget-text-editor\" data-id=\"4decba0\" data-element_type=\"widget\" data-e-type=\"widget\" data-widget_type=\"text-editor.default\">\n\t\t\t\t\t\t\t\t\t<p><span style=\"font-size: 14pt;\">Haga clic en el n\u00famero de art\u00edculo para conocer las dimensiones y especificaciones. Llame a EMH para conocer los precios.<\/span><\/p>\t\t\t\t\t\t\t\t<\/div>\n\t\t\t\t\t<\/div>\n\t\t\t\t<\/div>\n\t\t<div class=\"elementor-element elementor-element-5242cb24 e-flex e-con-boxed e-con e-parent\" data-id=\"5242cb24\" data-element_type=\"container\" data-e-type=\"container\">\n\t\t\t\t\t<div class=\"e-con-inner\">\n\t\t\t\t<div class=\"elementor-element elementor-element-2cbd42b4 elementor-widget elementor-widget-text-editor\" data-id=\"2cbd42b4\" data-element_type=\"widget\" data-e-type=\"widget\" data-widget_type=\"text-editor.default\">\n\t\t\t\t\t\t\t\t\t<div class=\"padded\">\u00a0<\/div>\n<div class=\"padded table-section\">\n<h3>Serie ZSK<\/h3>\n<div class=\"table-holder\"><table id=\"table-0\"$2>\n<thead>\n<tr id=\"tr-0-1\"$2>\n<th>Item #<\/th>\n<th>Tipo de viga<\/th>\n<th>Tipo de Polipasto<\/th>\n<th>Capacidad (tons)<\/th>\n<th>Luz (M\u00e1xima)<\/th>\n<\/tr>\n<\/thead>\n<tbody>\n<tr id=\"tr-0-2\"$2>\n<td><a href=\"http:\/\/www.emhcranes.com\/es\/emhDoubleGirderCranes\/ZSK1-Dimensions-and-Specifications.pdf\">ZSK 1<\/a><\/td>\n<td>Caj\u00f3n<\/td>\n<td>H (Engineered)<\/td>\n<td>10 Tons<\/td>\n<td>100 ft<\/td>\n<\/tr>\n<tr id=\"tr-0-3\"$2>\n<td><a href=\"http:\/\/www.emhcranes.com\/es\/emhDoubleGirderCranes\/ZSK2-Dimensions-and-Specifications.pdf\">ZSK 2<\/a><\/td>\n<td>Caj\u00f3n<\/td>\n<td>H (Engineered)<\/td>\n<td>20 Tons<\/td>\n<td>100 ft<\/td>\n<\/tr>\n<tr id=\"tr-0-4\"$2>\n<td><a href=\"http:\/\/www.emhcranes.com\/es\/emhDoubleGirderCranes\/ZSK3-Dimensions-and-Specifications.pdf\">ZSK 3<\/a><\/td>\n<td>Caj\u00f3n<\/td>\n<td>H (Engineered)<\/td>\n<td>25 Tons<\/td>\n<td>100 ft<\/td>\n<\/tr>\n<tr id=\"tr-0-5\"$2>\n<td><a href=\"http:\/\/www.emhcranes.com\/es\/emhDoubleGirderCranes\/ZSK4-Dimensions-and-Specifications.pdf\">ZSK 4<\/a><\/td>\n<td>Caj\u00f3n<\/td>\n<td>H (Engineered)<\/td>\n<td>30 Tons<\/td>\n<td>100 ft<\/td>\n<\/tr>\n<tr id=\"tr-0-6\"$2>\n<td><a href=\"http:\/\/www.emhcranes.com\/es\/emhDoubleGirderCranes\/ZSK5-Dimensions-and-Specifications.pdf\">ZSK 5<\/a><\/td>\n<td>Caj\u00f3n<\/td>\n<td>H (Engineered)<\/td>\n<td>40 Tons<\/td>\n<td>100 ft<\/td>\n<\/tr>\n<tr id=\"tr-0-7\"$2>\n<td><a href=\"http:\/\/www.emhcranes.com\/es\/emhDoubleGirderCranes\/ZSK6-Dimensions-and-Specifications.pdf\">ZSK 6<\/a><\/td>\n<td>Caj\u00f3n<\/td>\n<td>H (Engineered)<\/td>\n<td>50 Tons<\/td>\n<td>100 ft<\/td>\n<\/tr>\n<tr id=\"tr-0-8\"$2>\n<td><a href=\"http:\/\/www.emhcranes.com\/es\/emhDoubleGirderCranes\/ZSK7-Dimensions-and-Specifications.pdf\">ZSK 7<\/a><\/td>\n<td>Caj\u00f3n<\/td>\n<td>H (Engineered)<\/td>\n<td>60 Tons<\/td>\n<td>100 ft<\/td>\n<\/tr>\n<tr id=\"tr-0-9\"$2>\n<td><a href=\"http:\/\/www.emhcranes.com\/es\/emhDoubleGirderCranes\/ZSK8-Dimensions-and-Specifications.pdf\">ZSK 8<\/a><\/td>\n<td>Caj\u00f3n<\/td>\n<td>H (Engineered)<\/td>\n<td>70 Tons<\/td>\n<td>100 ft<\/td>\n<\/tr>\n<tr id=\"tr-0-10\"$2>\n<td><a href=\"http:\/\/www.emhcranes.com\/es\/emhDoubleGirderCranes\/ZSK9-Dimensions-and-Specifications.pdf\">ZSK 9<\/a><\/td>\n<td>Caj\u00f3n<\/td>\n<td>H (Engineered)<\/td>\n<td>80 Tons<\/td>\n<td>100 ft<\/td>\n<\/tr>\n<tr id=\"tr-0-11\"$2>\n<td><a href=\"http:\/\/www.emhcranes.com\/es\/emhDoubleGirderCranes\/ZSK10-Dimensions-and-Specifications.pdf\">ZSK 10<\/a><\/td>\n<td>Caj\u00f3n<\/td>\n<td>H (Engineered)<\/td>\n<td>100 Tons<\/td>\n<td>100 ft<\/td>\n<\/tr>\n<tr id=\"tr-0-12\"$2>\n<td><a href=\"http:\/\/www.emhcranes.com\/es\/emhDoubleGirderCranes\/ZSK11-Dimensions-and-Specifications.pdf\">ZSK 11<\/a><\/td>\n<td>Caj\u00f3n<\/td>\n<td>H (Engineered)<\/td>\n<td>125 Tons<\/td>\n<td>100 ft<\/td>\n<\/tr>\n<tr id=\"tr-0-13\"$2>\n<td><a href=\"http:\/\/www.emhcranes.com\/es\/emhDoubleGirderCranes\/ZSK12-Dimensions-and-Specifications.pdf\">ZSK 12<\/a><\/td>\n<td>Caj\u00f3n<\/td>\n<td>H (Engineered)<\/td>\n<td>150 Tons<\/td>\n<td>100 ft<\/td>\n<\/tr>\n<\/tbody>\n<\/table><\/div>\n<\/div>\n<div class=\"padded\">\n<p>Para\u00a0<strong>Ver<\/strong>\u00a0en PDF, click en el link, y el PDF aparecer\u00e1 en una nueva ventana window. Para\u00a0<strong>descargar<\/strong>\u00a0un PDF en su computadora, click derecho en uno de los links y seleccionar \"Guardar como ...\"<\/p>\n<p>Tenga en cuenta que debe tener Adobe Acrobat Reader instalado para ver estos archivos.<br \/>Si usted no lo tiene instalado,\u00a0<a href=\"http:\/\/get.adobe.com\/reader\/\" target=\"_blank\" rel=\"noopener\">Click ac\u00e1<\/a>\u00a0para descargarlo.<\/p>\n<\/div>\t\t\t\t\t\t\t\t<\/div>\n\t\t\t\t\t<\/div>\n\t\t\t\t<\/div>\n\t\t<div class=\"elementor-element elementor-element-53c8496 e-flex e-con-boxed e-con e-parent\" data-id=\"53c8496\" data-element_type=\"container\" data-e-type=\"container\">\n\t\t\t\t\t<div class=\"e-con-inner\">\n\t\t\t\t<div class=\"elementor-element elementor-element-3dd5318 elementor-shape-rounded elementor-grid-0 e-grid-align-center elementor-widget elementor-widget-social-icons\" data-id=\"3dd5318\" data-element_type=\"widget\" data-e-type=\"widget\" data-widget_type=\"social-icons.default\">\n\t\t\t\t\t\t\t<div class=\"elementor-social-icons-wrapper elementor-grid\" role=\"list\">\n\t\t\t\t\t\t\t<span class=\"elementor-grid-item\" role=\"listitem\">\n\t\t\t\t\t<a class=\"elementor-icon elementor-social-icon elementor-social-icon-youtube elementor-repeater-item-5300b56\" href=\"https:\/\/www.youtube.com\/user\/EMHCranes\" target=\"_blank\">\n\t\t\t\t\t\t<span class=\"elementor-screen-only\">Youtube<\/span>\n\t\t\t\t\t\t<svg aria-hidden=\"true\" class=\"e-font-icon-svg e-fab-youtube\" viewbox=\"0 0 576 512\" xmlns=\"http:\/\/www.w3.org\/2000\/svg\"><path d=\"M549.655 124.083c-6.281-23.65-24.787-42.276-48.284-48.597C458.781 64 288 64 288 64S117.22 64 74.629 75.486c-23.497 6.322-42.003 24.947-48.284 48.597-11.412 42.867-11.412 132.305-11.412 132.305s0 89.438 11.412 132.305c6.281 23.65 24.787 41.5 48.284 47.821C117.22 448 288 448 288 448s170.78 0 213.371-11.486c23.497-6.321 42.003-24.171 48.284-47.821 11.412-42.867 11.412-132.305 11.412-132.305s0-89.438-11.412-132.305zm-317.51 213.508V175.185l142.739 81.205-142.739 81.201z\"><\/path><\/svg>\t\t\t\t\t<\/a>\n\t\t\t\t<\/span>\n\t\t\t\t\t\t\t<span class=\"elementor-grid-item\" role=\"listitem\">\n\t\t\t\t\t<a class=\"elementor-icon elementor-social-icon elementor-social-icon-linkedin elementor-repeater-item-fde49f7\" href=\"https:\/\/www.linkedin.com\/in\/emhcranes\" target=\"_blank\">\n\t\t\t\t\t\t<span class=\"elementor-screen-only\">Linkedin<\/span>\n\t\t\t\t\t\t<svg aria-hidden=\"true\" class=\"e-font-icon-svg e-fab-linkedin\" viewbox=\"0 0 448 512\" xmlns=\"http:\/\/www.w3.org\/2000\/svg\"><path d=\"M416 32H31.9C14.3 32 0 46.5 0 64.3v383.4C0 465.5 14.3 480 31.9 480H416c17.6 0 32-14.5 32-32.3V64.3c0-17.8-14.4-32.3-32-32.3zM135.4 416H69V202.2h66.5V416zm-33.2-243c-21.3 0-38.5-17.3-38.5-38.5S80.9 96 102.2 96c21.2 0 38.5 17.3 38.5 38.5 0 21.3-17.2 38.5-38.5 38.5zm282.1 243h-66.4V312c0-24.8-.5-56.7-34.5-56.7-34.6 0-39.9 27-39.9 54.9V416h-66.4V202.2h63.7v29.2h.9c8.9-16.8 30.6-34.5 62.9-34.5 67.2 0 79.7 44.3 79.7 101.9V416z\"><\/path><\/svg>\t\t\t\t\t<\/a>\n\t\t\t\t<\/span>\n\t\t\t\t\t\t\t<span class=\"elementor-grid-item\" role=\"listitem\">\n\t\t\t\t\t<a class=\"elementor-icon elementor-social-icon elementor-social-icon-x-twitter elementor-repeater-item-3bd8a11\" href=\"https:\/\/x.com\/EMH_Inc\" target=\"_blank\">\n\t\t\t\t\t\t<span class=\"elementor-screen-only\">X-twitter<\/span>\n\t\t\t\t\t\t<svg aria-hidden=\"true\" class=\"e-font-icon-svg e-fab-x-twitter\" viewbox=\"0 0 512 512\" xmlns=\"http:\/\/www.w3.org\/2000\/svg\"><path d=\"M389.2 48h70.6L305.6 224.2 487 464H345L233.7 318.6 106.5 464H35.8L200.7 275.5 26.8 48H172.4L272.9 180.9 389.2 48zM364.4 421.8h39.1L151.1 88h-42L364.4 421.8z\"><\/path><\/svg>\t\t\t\t\t<\/a>\n\t\t\t\t<\/span>\n\t\t\t\t\t<\/div>\n\t\t\t\t\t\t<\/div>\n\t\t\t\t<div class=\"elementor-element elementor-element-e6b9551 elementor-widget elementor-widget-spacer\" data-id=\"e6b9551\" data-element_type=\"widget\" data-e-type=\"widget\" data-widget_type=\"spacer.default\">\n\t\t\t\t\t\t\t<div class=\"elementor-spacer\">\n\t\t\t<div class=\"elementor-spacer-inner\"><\/div>\n\t\t<\/div>\n\t\t\t\t\t\t<\/div>\n\t\t\t\t\t<\/div>\n\t\t\t\t<\/div>\n\t\t\t\t<\/div>","protected":false},"excerpt":{"rendered":"<p>ZSK Series For applications with high duty cycles, long lift, and capacities over 50 tons, ZSK Engineered Double Girder Bridge Cranes are\u00a0the choice.\u00a0ZSK Engineered Double Girder Cranes are also highly suitable where the crane needs to be fitted with walkways, crane lights, cabs, and magnet cable reels. They are also used in explosion proof applications [&hellip;]<\/p>\n","protected":false},"author":203,"featured_media":0,"parent":733,"menu_order":0,"comment_status":"open","ping_status":"open","template":"page-templates\/crane.php","meta":{"_acf_changed":false,"_seopress_robots_primary_cat":"","_seopress_titles_title":"","_seopress_titles_desc":"","_seopress_robots_index":"","footnotes":""},"class_list":["post-754","page","type-page","status-publish","hentry"],"acf":[],"_links":{"self":[{"href":"http:\/\/www.emhcranes.com\/es\/wp-json\/wp\/v2\/pages\/754","targetHints":{"allow":["GET"]}}],"collection":[{"href":"http:\/\/www.emhcranes.com\/es\/wp-json\/wp\/v2\/pages"}],"about":[{"href":"http:\/\/www.emhcranes.com\/es\/wp-json\/wp\/v2\/types\/page"}],"author":[{"embeddable":true,"href":"http:\/\/www.emhcranes.com\/es\/wp-json\/wp\/v2\/users\/203"}],"replies":[{"embeddable":true,"href":"http:\/\/www.emhcranes.com\/es\/wp-json\/wp\/v2\/comments?post=754"}],"version-history":[{"count":12,"href":"http:\/\/www.emhcranes.com\/es\/wp-json\/wp\/v2\/pages\/754\/revisions"}],"predecessor-version":[{"id":11088,"href":"http:\/\/www.emhcranes.com\/es\/wp-json\/wp\/v2\/pages\/754\/revisions\/11088"}],"up":[{"embeddable":true,"href":"http:\/\/www.emhcranes.com\/es\/wp-json\/wp\/v2\/pages\/733"}],"wp:attachment":[{"href":"http:\/\/www.emhcranes.com\/es\/wp-json\/wp\/v2\/media?parent=754"}],"curies":[{"name":"wp","href":"https:\/\/api.w.org\/{rel}","templated":true}]}}