{"id":5793,"date":"2017-09-22T05:36:23","date_gmt":"2017-09-22T09:36:23","guid":{"rendered":"http:\/\/emhcranes.com\/?page_id=5793"},"modified":"2024-05-24T11:36:05","modified_gmt":"2024-05-24T15:36:05","slug":"hf-engineered-hoists","status":"publish","type":"page","link":"http:\/\/www.emhcranes.com\/es\/engineered-hoists\/hf-engineered-hoists\/","title":{"rendered":"HF Engineered Hoists"},"content":{"rendered":"<h4 style=\"padding-left: 40px;\">The EMH HF Trolley was designed for heavy service Class D applications such as Steel Service Centers, Heavy Steel Fabricators, and Precast Concrete Facilities.<br \/>\r\n<br \/>\r\n<strong>Among the features of the HF Hoist are:<\/strong><\/h4>\r\n<ul>\r\n\t<li>Capacities to 100 tons<\/li>\r\n\t<li>Double-reeving (8\/2 and 12\/2) for True Vertical Lift<\/li>\r\n\t<li>Las ranuras del tambor de media profundidad eliminan la necesidad de gu\u00edas de cable<\/li>\r\n\t<li>Frenos de disco DC<\/li>\r\n\t<li>F\u00e1cil acceso a las poleas superiores para mantenimiento<\/li>\r\n\t<li>Aislamiento de motor clase F<\/li>\r\n\t<li>Rotating axle trolley endtrucks<\/li>\r\n\t<li>Interruptor de l\u00edmite con engranaje de tres posiciones (operacional inferior y superior, seguridad superior) con adici\u00f3n de l\u00edmite superior operado por peso.<\/li>\r\n\t<li>Control de polipasto VFD estandar de vector de flujo de lazo cerrado.<\/li>\r\n\t<li>Control estandar de trolley con VFD<\/li>\r\n\t<li>40.000 horas de vida \u00fatil del B-10 (motor \/ caja de engranajes del polipasto)<\/li>\r\n\t<li>Motores y cajas de cambios resistentes y duraderos con el beneficio adicional de utilizar componentes est\u00e1ndar como tambores, frenos, poleas y ruedas.<\/li>\r\n\t<li>Engranajes silenciosos AGMA Clase 11, eficientes y de alta calidad<\/li>\r\n\t<li>Pasador ecualizador est\u00e1ndar en los extremos del carro para evitar el movimiento de 3 ruedas<\/li>\r\n<\/ul>\r\n<p><img fetchpriority=\"high\" decoding=\"async\" class=\"aligncenter wp-image-8487 size-full\" src=\"https:\/\/www.emhcranes.com\/wp-content\/uploads\/2023\/08\/Engineered-HF-Hoist-Flyer-Rev.jpg\" alt=\"\" width=\"720\" height=\"480\" srcset=\"https:\/\/www.emhcranes.com\/wp-content\/uploads\/2023\/08\/Engineered-HF-Hoist-Flyer-Rev.jpg 720w, https:\/\/www.emhcranes.com\/wp-content\/uploads\/2023\/08\/Engineered-HF-Hoist-Flyer-Rev-300x200.jpg 300w, https:\/\/www.emhcranes.com\/wp-content\/uploads\/2023\/08\/Engineered-HF-Hoist-Flyer-Rev-18x12.jpg 18w\" sizes=\"(max-width: 720px) 100vw, 720px\" \/><\/p>\r\n<div class=\"padded table-section\">\r\n\r\n<p><em><strong>Haga clic en el n\u00famero de modelo del polipasto para obtener informaci\u00f3n sobre las dimensiones<\/strong><\/em><\/p>\r\n<div class=\"\">\r\n<div class=\"table-holder\"><table id=\"table-0\"$2>\r\n<thead>\r\n<tr id=\"tr-0-1\"$2>\r\n<th>Capacidad (tons)<br \/>\r\n(US Tons)<\/th>\r\n<th>Modelo del Polipasto<\/th>\r\n<th>Velocidad de izaje<br \/>\r\n(FPM VFD)<\/th>\r\n<th>Velocidad de trolley<br \/>\r\n(FPM VFD)<\/th>\r\n<th>Ramales<\/th>\r\n<th>Izaje<br \/>\r\n(FT)<\/th>\r\n<th>Potencia de motor de izaje<br \/>\r\n(HP)<\/th>\r\n<th>Potencia de motor de trolley<br \/>\r\n(HP)<\/th>\r\n<\/tr>\r\n<\/thead>\r\n<tbody>\r\n<tr id=\"tr-0-2\"$2>\r\n<td  rowspan=\"3\">5<\/td>\r\n<td><a href=\"\/emhEngineeredHoists\/EH8050HF-4-2.pdf\">EH8050V.253.42.060.HF<\/a><\/td>\r\n<td  rowspan=\"3\">25<\/td>\r\n<td  rowspan=\"3\">80<\/td>\r\n<td  rowspan=\"3\">4\/2<\/td>\r\n<td>20<\/td>\r\n<td  rowspan=\"3\">10<\/td>\r\n<td  rowspan=\"3\">2x 0.25<\/td>\r\n<\/tr>\r\n<tr id=\"tr-0-3\"$2>\r\n<td><a href=\"\/emhEngineeredHoists\/EH8050HF-4-2.pdf\">EH8050V.253.42.100.HF<\/a><\/td>\r\n<td>30<\/td>\r\n<\/tr>\r\n<tr id=\"tr-0-4\"$2>\r\n<td><a href=\"\/emhEngineeredHoists\/EH8050HF-4-2.pdf\">EH8050V.253.42.150.HF<\/a><\/td>\r\n<td>50<\/td>\r\n<\/tr>\r\n<tr id=\"tr-0-5\"$2>\r\n<td  rowspan=\"3\">10<\/td>\r\n<td><a href=\"\/emhEngineeredHoists\/EH8100HF-4-2.pdf\">EH8100V.253.42.060.HF<\/a><\/td>\r\n<td  rowspan=\"3\">25<\/td>\r\n<td  rowspan=\"3\">80<\/td>\r\n<td  rowspan=\"3\">4\/2<\/td>\r\n<td>20<\/td>\r\n<td  rowspan=\"3\">20<\/td>\r\n<td  rowspan=\"3\">2x 0.5<\/td>\r\n<\/tr>\r\n<tr id=\"tr-0-6\"$2>\r\n<td><a href=\"\/emhEngineeredHoists\/EH8100HF-4-2.pdf\">EH8100V.253.42.100.HF<\/a><\/td>\r\n<td>30<\/td>\r\n<\/tr>\r\n<tr id=\"tr-0-7\"$2>\r\n<td><a href=\"\/emhEngineeredHoists\/EH8100HF-4-2.pdf\">EH8100V.253.42.150.HF<\/a><\/td>\r\n<td>50<\/td>\r\n<\/tr>\r\n<tr id=\"tr-0-8\"$2>\r\n<td  rowspan=\"3\">15<\/td>\r\n<td><a href=\"\/emhEngineeredHoists\/EH8150HF-8-2.pdf\">EH8150V.203.82.060.HF<\/a><\/td>\r\n<td  rowspan=\"3\">25<\/td>\r\n<td  rowspan=\"3\">80<\/td>\r\n<td  rowspan=\"3\">8\/2<\/td>\r\n<td>20<\/td>\r\n<td  rowspan=\"3\">25<\/td>\r\n<td  rowspan=\"3\">2x 0.75<\/td>\r\n<\/tr>\r\n<tr id=\"tr-0-9\"$2>\r\n<td><a href=\"\/emhEngineeredHoists\/EH8150HF-8-2.pdf\">EH8150V.203.82.100.HF<\/a><\/td>\r\n<td>30<\/td>\r\n<\/tr>\r\n<tr id=\"tr-0-10\"$2>\r\n<td><a href=\"\/emhEngineeredHoists\/EH8150HF-8-2.pdf\">EH8150V.203.82.150.HF<\/a><\/td>\r\n<td>50<\/td>\r\n<\/tr>\r\n<tr id=\"tr-0-11\"$2>\r\n<td  rowspan=\"3\">20<\/td>\r\n<td><a href=\"\/emhEngineeredHoists\/EH8200HF-8-2.pdf\">EH8200V.203.82.060.HF<\/a><\/td>\r\n<td  rowspan=\"3\">25<\/td>\r\n<td  rowspan=\"3\">80<\/td>\r\n<td  rowspan=\"3\">8\/2<\/td>\r\n<td>20<\/td>\r\n<td  rowspan=\"3\">40<\/td>\r\n<td  rowspan=\"3\">2x 0.75<\/td>\r\n<\/tr>\r\n<tr id=\"tr-0-12\"$2>\r\n<td><a href=\"\/emhEngineeredHoists\/EH8200HF-8-2.pdf\">EH8200V.203.82.100.HF<\/a><\/td>\r\n<td>30<\/td>\r\n<\/tr>\r\n<tr id=\"tr-0-13\"$2>\r\n<td><a href=\"\/emhEngineeredHoists\/EH8200HF-8-2.pdf\">EH8200V.203.82.150.HF<\/a><\/td>\r\n<td>50<\/td>\r\n<\/tr>\r\n<tr id=\"tr-0-14\"$2>\r\n<td  rowspan=\"3\">25<\/td>\r\n<td><a href=\"\/emhEngineeredHoists\/EH8250HF-8-2.pdf\">EH8250V.203.82.060.HF<\/a><\/td>\r\n<td  rowspan=\"3\">25<\/td>\r\n<td  rowspan=\"3\">80<\/td>\r\n<td  rowspan=\"3\">8\/2<\/td>\r\n<td>20<\/td>\r\n<td  rowspan=\"3\">40<\/td>\r\n<td  rowspan=\"3\">2x 1.0<\/td>\r\n<\/tr>\r\n<tr id=\"tr-0-15\"$2>\r\n<td><a href=\"\/emhEngineeredHoists\/EH8250HF-8-2.pdf\">EH8250V.203.82.100.HF<\/a><\/td>\r\n<td>30<\/td>\r\n<\/tr>\r\n<tr id=\"tr-0-16\"$2>\r\n<td><a href=\"\/emhEngineeredHoists\/EH8250HF-8-2.pdf\">EH8250V.203.82.150.HF<\/a><\/td>\r\n<td>50<\/td>\r\n<\/tr>\r\n<tr id=\"tr-0-17\"$2>\r\n<td  rowspan=\"3\">30<\/td>\r\n<td><a href=\"\/emhEngineeredHoists\/EH8300HF-8-2.pdf\">EH8300V.163.82.060.HF<\/a><\/td>\r\n<td  rowspan=\"3\">20<\/td>\r\n<td  rowspan=\"3\">80<\/td>\r\n<td  rowspan=\"3\">8\/2<\/td>\r\n<td>20<\/td>\r\n<td  rowspan=\"3\">40<\/td>\r\n<td  rowspan=\"3\">2x 1.5<\/td>\r\n<\/tr>\r\n<tr id=\"tr-0-18\"$2>\r\n<td><a href=\"\/emhEngineeredHoists\/EH8300HF-8-2.pdf\">EH8300V.163.82.100.HF<\/a><\/td>\r\n<td>30<\/td>\r\n<\/tr>\r\n<tr id=\"tr-0-19\"$2>\r\n<td><a href=\"\/emhEngineeredHoists\/EH8300HF-8-2.pdf\">EH8300V.163.82.150.HF<\/a><\/td>\r\n<td>50<\/td>\r\n<\/tr>\r\n<tr id=\"tr-0-20\"$2>\r\n<td  rowspan=\"3\">35<\/td>\r\n<td><a href=\"\/emhEngineeredHoists\/EH8350HF-8-2.pdf\">EH8350V.163.82.060.HF<\/a><\/td>\r\n<td  rowspan=\"3\">20<\/td>\r\n<td  rowspan=\"3\">80<\/td>\r\n<td  rowspan=\"3\">8\/2<\/td>\r\n<td>20<\/td>\r\n<td  rowspan=\"3\">50<\/td>\r\n<td  rowspan=\"3\">2x 1.5<\/td>\r\n<\/tr>\r\n<tr id=\"tr-0-21\"$2>\r\n<td><a href=\"\/emhEngineeredHoists\/EH8350HF-8-2.pdf\">EH8350V.163.82.100.HF<\/a><\/td>\r\n<td>30<\/td>\r\n<\/tr>\r\n<tr id=\"tr-0-22\"$2>\r\n<td><a href=\"\/emhEngineeredHoists\/EH8350HF-8-2.pdf\">EH8350V.163.82.150.HF<\/a><\/td>\r\n<td>50<\/td>\r\n<\/tr>\r\n<tr id=\"tr-0-23\"$2>\r\n<td  rowspan=\"3\">40<\/td>\r\n<td><a href=\"\/emhEngineeredHoists\/EH8400HF-8-2.pdf\">EH8400V.163.82.060.HF<\/a><\/td>\r\n<td  rowspan=\"3\">20<\/td>\r\n<td  rowspan=\"3\">80<\/td>\r\n<td  rowspan=\"3\">8\/2<\/td>\r\n<td>20<\/td>\r\n<td  rowspan=\"3\">60<\/td>\r\n<td  rowspan=\"3\">2x 1.5<\/td>\r\n<\/tr>\r\n<tr id=\"tr-0-24\"$2>\r\n<td><a href=\"\/emhEngineeredHoists\/EH8400HF-8-2.pdf\">EH8400V.163.82.100.HF<\/a><\/td>\r\n<td>30<\/td>\r\n<\/tr>\r\n<tr id=\"tr-0-25\"$2>\r\n<td><a href=\"\/emhEngineeredHoists\/EH8400HF-8-2.pdf\">EH8400V.163.82.150.HF<\/a><\/td>\r\n<td>50<\/td>\r\n<\/tr>\r\n<tr id=\"tr-0-26\"$2>\r\n<td  rowspan=\"3\">50<\/td>\r\n<td><a href=\"\/emhEngineeredHoists\/EH8500HF-12-2.pdf\">EH8500V.143.122.100.HF<\/a><\/td>\r\n<td  rowspan=\"3\">14<\/td>\r\n<td  rowspan=\"3\">80<\/td>\r\n<td  rowspan=\"3\">12\/2<\/td>\r\n<td>30<\/td>\r\n<td  rowspan=\"3\">50<\/td>\r\n<td  rowspan=\"3\">2x 2.0<\/td>\r\n<\/tr>\r\n<tr id=\"tr-0-27\"$2>\r\n<td><a href=\"\/emhEngineeredHoists\/EH8500HF-12-2.pdf\">EH8500V.143.122.150.HF<\/a><\/td>\r\n<td>50<\/td>\r\n<\/tr>\r\n<tr id=\"tr-0-28\"$2>\r\n<td><a href=\"\/emhEngineeredHoists\/EH8500HF-12-2.pdf\">EH8500V.143.122.210.HF<\/a><\/td>\r\n<td>69<\/td>\r\n<\/tr>\r\n<tr id=\"tr-0-29\"$2>\r\n<td  rowspan=\"3\">60<\/td>\r\n<td><a href=\"\/emhEngineeredHoists\/EH8600HF-12-2.pdf\">EH8600V.123.122.100.HF<\/a><\/td>\r\n<td  rowspan=\"3\">14<\/td>\r\n<td  rowspan=\"3\">80<\/td>\r\n<td  rowspan=\"3\">12\/2<\/td>\r\n<td>30<\/td>\r\n<td  rowspan=\"3\">60<\/td>\r\n<td  rowspan=\"3\">2x 2.0<\/td>\r\n<\/tr>\r\n<tr id=\"tr-0-30\"$2>\r\n<td><a href=\"\/emhEngineeredHoists\/EH8600HF-12-2.pdf\">EH8600V.123.122.150.HF<\/a><\/td>\r\n<td>50<\/td>\r\n<\/tr>\r\n<tr id=\"tr-0-31\"$2>\r\n<td><a href=\"\/emhEngineeredHoists\/EH8600HF-12-2.pdf\">EH8600V.123.122.210.HF<\/a><\/td>\r\n<td>69<\/td>\r\n<\/tr>\r\n<tr id=\"tr-0-32\"$2>\r\n<td  rowspan=\"3\">75<\/td>\r\n<td><a href=\"\/emhEngineeredHoists\/EH8750HF-12-2.pdf\">EH8750V.123.122.100.HF<\/a><\/td>\r\n<td  rowspan=\"3\">10<\/td>\r\n<td  rowspan=\"3\">80<\/td>\r\n<td  rowspan=\"3\">12\/2<\/td>\r\n<td>30<\/td>\r\n<td  rowspan=\"3\">50<\/td>\r\n<td  rowspan=\"3\">2x 3.0<\/td>\r\n<\/tr>\r\n<tr id=\"tr-0-33\"$2>\r\n<td><a href=\"\/emhEngineeredHoists\/EH8750HF-12-2.pdf\">EH8750V.123.122.140.HF<\/a><\/td>\r\n<td>45<\/td>\r\n<\/tr>\r\n<tr id=\"tr-0-34\"$2>\r\n<td><a href=\"\/emhEngineeredHoists\/EH8750HF-12-2.pdf\">EH8750V.123.122.210.HF<\/a><\/td>\r\n<td>69<\/td>\r\n<\/tr>\r\n<\/tbody>\r\n<\/table><\/div>\r\n<\/div>\r\n<p><em><strong>Despl\u00e1cese hacia abajo para obtener m\u00e1s especificaciones.<\/strong><\/em><\/p>\r\n<div class=\"\">\r\n<div class=\"table-holder\"><table id=\"table-1\"$2>\r\n<thead>\r\n<tr id=\"tr-1-1\"$2>\r\n<th>Capacidad (tons)<br \/>\r\n(US Tons)<\/th>\r\n<th>Modelo del Polipasto<\/th>\r\n<th>TRC, SP<br \/>\r\n(in)<\/th>\r\n<th>H1<br \/>\r\n(in)<\/th>\r\n<th>H2<br \/>\r\n(in)<\/th>\r\n<th>C<br \/>\r\n(in)<\/th>\r\n<th>Trolley<br \/>\r\n(mm)<\/th>\r\n<th>F<br \/>\r\n(in)<\/th>\r\n<\/tr>\r\n<\/thead>\r\n<tbody>\r\n<tr id=\"tr-1-2\"$2>\r\n<td rowspan=\"3\">5<\/td>\r\n<td>EH8050V.253.42.060.HF<\/td>\r\n<td>63<\/td>\r\n<td rowspan=\"3\">26<\/td>\r\n<td rowspan=\"3\">30<\/td>\r\n<td rowspan=\"3\">16<\/td>\r\n<td rowspan=\"3\">100<\/td>\r\n<td rowspan=\"3\">2.64<\/td>\r\n<\/tr>\r\n<tr id=\"tr-1-3\"$2>\r\n<td>EH8050V.253.42.100.HF<\/td>\r\n<td>63<\/td>\r\n<\/tr>\r\n<tr id=\"tr-1-4\"$2>\r\n<td>EH8050V.253.42.150.HF<\/td>\r\n<td>63<\/td>\r\n<\/tr>\r\n<tr id=\"tr-1-5\"$2>\r\n<td rowspan=\"3\">10<\/td>\r\n<td>EH8100V.253.42.060.HF<\/td>\r\n<td>63<\/td>\r\n<td rowspan=\"3\">26<\/td>\r\n<td rowspan=\"3\">31<\/td>\r\n<td rowspan=\"3\">16<\/td>\r\n<td rowspan=\"3\">130<\/td>\r\n<td rowspan=\"3\">2.63<\/td>\r\n<\/tr>\r\n<tr id=\"tr-1-6\"$2>\r\n<td>EH8100V.253.42.100.HF<\/td>\r\n<td>63<\/td>\r\n<\/tr>\r\n<tr id=\"tr-1-7\"$2>\r\n<td>EH8100V.253.42.150.HF<\/td>\r\n<td>63<\/td>\r\n<\/tr>\r\n<tr id=\"tr-1-8\"$2>\r\n<td rowspan=\"3\">15<\/td>\r\n<td>EH8150V.203.82.060.HF<\/td>\r\n<td>63<\/td>\r\n<td rowspan=\"3\">26<\/td>\r\n<td rowspan=\"3\">31<\/td>\r\n<td rowspan=\"3\">19<\/td>\r\n<td rowspan=\"3\">160<\/td>\r\n<td rowspan=\"3\">3<\/td>\r\n<\/tr>\r\n<tr id=\"tr-1-9\"$2>\r\n<td>EH8150V.203.82.100.HF<\/td>\r\n<td>78.75<\/td>\r\n<\/tr>\r\n<tr id=\"tr-1-10\"$2>\r\n<td>EH8150V.203.82.150.HF<\/td>\r\n<td>98.5<\/td>\r\n<\/tr>\r\n<tr id=\"tr-1-11\"$2>\r\n<td rowspan=\"3\">20<\/td>\r\n<td>EH8200V.203.82.060.HF<\/td>\r\n<td>63<\/td>\r\n<td rowspan=\"3\">38<\/td>\r\n<td rowspan=\"3\">36<\/td>\r\n<td rowspan=\"3\">19<\/td>\r\n<td rowspan=\"3\">200<\/td>\r\n<td rowspan=\"3\">3<\/td>\r\n<\/tr>\r\n<tr id=\"tr-1-12\"$2>\r\n<td>EH8200V.203.82.100.HF<\/td>\r\n<td>78.75<\/td>\r\n<\/tr>\r\n<tr id=\"tr-1-13\"$2>\r\n<td>EH8200V.203.82.150.HF<\/td>\r\n<td>98.5<\/td>\r\n<\/tr>\r\n<tr id=\"tr-1-14\"$2>\r\n<td rowspan=\"3\">25<\/td>\r\n<td>EH8250V.203.82.060.HF<\/td>\r\n<td>63<\/td>\r\n<td rowspan=\"3\">44<\/td>\r\n<td rowspan=\"3\">34<\/td>\r\n<td rowspan=\"3\">27<\/td>\r\n<td rowspan=\"3\">200<\/td>\r\n<td rowspan=\"3\">3<\/td>\r\n<\/tr>\r\n<tr id=\"tr-1-15\"$2>\r\n<td>EH8250V.203.82.100.HF<\/td>\r\n<td>78.75<\/td>\r\n<\/tr>\r\n<tr id=\"tr-1-16\"$2>\r\n<td>EH8250V.203.82.150.HF<\/td>\r\n<td>98.5<\/td>\r\n<\/tr>\r\n<tr id=\"tr-1-17\"$2>\r\n<td rowspan=\"3\">30<\/td>\r\n<td>EH8300V.163.82.060.HF<\/td>\r\n<td>78.75<\/td>\r\n<td rowspan=\"3\">44<\/td>\r\n<td rowspan=\"3\">41<\/td>\r\n<td rowspan=\"3\">27<\/td>\r\n<td rowspan=\"3\">250<\/td>\r\n<td rowspan=\"3\">3<\/td>\r\n<\/tr>\r\n<tr id=\"tr-1-18\"$2>\r\n<td>EH8300V.163.82.100.HF<\/td>\r\n<td>98.5<\/td>\r\n<\/tr>\r\n<tr id=\"tr-1-19\"$2>\r\n<td>EH8300V.163.82.150.HF<\/td>\r\n<td>98.5<\/td>\r\n<\/tr>\r\n<tr id=\"tr-1-20\"$2>\r\n<td rowspan=\"3\">35<\/td>\r\n<td>EH8350V.163.82.060.HF<\/td>\r\n<td>78.75<\/td>\r\n<td rowspan=\"3\">50<\/td>\r\n<td rowspan=\"3\">41<\/td>\r\n<td rowspan=\"3\">27<\/td>\r\n<td rowspan=\"3\">250<\/td>\r\n<td rowspan=\"3\">3<\/td>\r\n<\/tr>\r\n<tr id=\"tr-1-21\"$2>\r\n<td>EH8350V.163.82.100.HF<\/td>\r\n<td>98.5<\/td>\r\n<\/tr>\r\n<tr id=\"tr-1-22\"$2>\r\n<td>EH8350V.163.82.150.HF<\/td>\r\n<td>118.1<\/td>\r\n<\/tr>\r\n<tr id=\"tr-1-23\"$2>\r\n<td rowspan=\"3\">40<\/td>\r\n<td>EH8400V.163.82.060.HF<\/td>\r\n<td>78.75<\/td>\r\n<td rowspan=\"3\">50<\/td>\r\n<td rowspan=\"3\">42<\/td>\r\n<td rowspan=\"3\">28<\/td>\r\n<td rowspan=\"3\">250<\/td>\r\n<td rowspan=\"3\">3<\/td>\r\n<\/tr>\r\n<tr id=\"tr-1-24\"$2>\r\n<td>EH8400V.163.82.100.HF<\/td>\r\n<td>98.5<\/td>\r\n<\/tr>\r\n<tr id=\"tr-1-25\"$2>\r\n<td>EH8400V.163.82.150.HF<\/td>\r\n<td>118.1<\/td>\r\n<\/tr>\r\n<tr id=\"tr-1-26\"$2>\r\n<td rowspan=\"3\">50<\/td>\r\n<td>EH8500V.143.122.100.HF<\/td>\r\n<td>98.5<\/td>\r\n<td rowspan=\"3\">50<\/td>\r\n<td rowspan=\"3\">47<\/td>\r\n<td rowspan=\"3\">43<\/td>\r\n<td rowspan=\"3\">315<\/td>\r\n<td rowspan=\"3\">3<\/td>\r\n<\/tr>\r\n<tr id=\"tr-1-27\"$2>\r\n<td>EH8500V.143.122.150.HF<\/td>\r\n<td>118.1<\/td>\r\n<\/tr>\r\n<tr id=\"tr-1-28\"$2>\r\n<td>EH8500V.143.122.210.HF<\/td>\r\n<td>157.5<\/td>\r\n<\/tr>\r\n<tr id=\"tr-1-29\"$2>\r\n<td rowspan=\"3\">60<\/td>\r\n<td>EH8600V.123.122.100.HF<\/td>\r\n<td>98.5<\/td>\r\n<td rowspan=\"3\">50<\/td>\r\n<td rowspan=\"3\">47<\/td>\r\n<td rowspan=\"3\">43<\/td>\r\n<td rowspan=\"3\">315<\/td>\r\n<td rowspan=\"3\">3.3<\/td>\r\n<\/tr>\r\n<tr id=\"tr-1-30\"$2>\r\n<td>EH8600V.123.122.150.HF<\/td>\r\n<td>157.5<\/td>\r\n<\/tr>\r\n<tr id=\"tr-1-31\"$2>\r\n<td>EH8600V.123.122.210.HF<\/td>\r\n<td>177.2<\/td>\r\n<\/tr>\r\n<tr id=\"tr-1-32\"$2>\r\n<td rowspan=\"3\">75<\/td>\r\n<td>EH8750V.123.122.100.HF<\/td>\r\n<td>78.75<\/td>\r\n<td rowspan=\"3\">50<\/td>\r\n<td rowspan=\"3\">54<\/td>\r\n<td rowspan=\"3\">53<\/td>\r\n<td rowspan=\"3\">400<\/td>\r\n<td rowspan=\"3\">3.26<\/td>\r\n<\/tr>\r\n<tr id=\"tr-1-33\"$2>\r\n<td>EH8750V.123.122.140.HF<\/td>\r\n<td>98.5<\/td>\r\n<\/tr>\r\n<tr id=\"tr-1-34\"$2>\r\n<td>EH8750V.123.122.210.HF<\/td>\r\n<td>137.8<\/td>\r\n<\/tr>\r\n<\/tbody>\r\n<\/table><\/div>\r\n<\/div>\r\n<p><em><strong>Despl\u00e1cese hacia abajo para obtener m\u00e1s especificaciones.<\/strong><\/em><\/p>\r\n<div class=\"\">\r\n<div class=\"table-holder\"><table id=\"table-2\"$2>\r\n<thead>\r\n<tr id=\"tr-2-1\"$2>\r\n<th>Capacidad (tons)<br \/>\r\n(US Tons)<\/th>\r\n<th>Modelo del Polipasto<\/th>\r\n<th>Trolley Wheel Base, R<br \/>\r\n(mm\/inch)<\/th>\r\n<th>K<br \/>\r\n(in)<\/th>\r\n<th>O<br \/>\r\n(in)<\/th>\r\n<th>B<br \/>\r\n(in)<\/th>\r\n<th>Wire Rope diam<br \/>\r\n(mm)<\/th>\r\n<th>Trolley dead weight<br \/>\r\n(lbs)<\/th>\r\n<th>List price<\/th>\r\n<\/tr>\r\n<\/thead>\r\n<tbody>\r\n<tr id=\"tr-2-2\"$2>\r\n<td rowspan=\"3\">5<\/td>\r\n<td>EH8050V.253.42.060.HF<\/td>\r\n<td rowspan=\"3\">1070\/42.13<\/td>\r\n<td rowspan=\"3\">31<\/td>\r\n<td rowspan=\"3\">19<\/td>\r\n<td rowspan=\"3\">6.5<\/td>\r\n<td rowspan=\"3\">8<\/td>\r\n<td>1600<\/td>\r\n<td rowspan=\"3\"><a class=\"prices\" href=\"\/es\/em-model-hf-engineered-hoist-prices\/?table-2\">Click for Price<\/a><\/td>\r\n<\/tr>\r\n<tr id=\"tr-2-3\"$2>\r\n<td>EH8050V.253.42.100.HF<\/td>\r\n<td>1800<\/td>\r\n<\/tr>\r\n<tr id=\"tr-2-4\"$2>\r\n<td>EH8050V.253.42.150.HF<\/td>\r\n<td>2100<\/td>\r\n<\/tr>\r\n<tr id=\"tr-2-5\"$2>\r\n<td rowspan=\"3\">10<\/td>\r\n<td>EH8100V.253.42.060.HF<\/td>\r\n<td rowspan=\"3\">1070\/42.13<\/td>\r\n<td rowspan=\"3\">39<\/td>\r\n<td rowspan=\"3\">19<\/td>\r\n<td rowspan=\"3\">6.6<\/td>\r\n<td rowspan=\"3\">11<\/td>\r\n<td>3600<\/td>\r\n<td rowspan=\"3\"><a class=\"prices\" href=\"\/es\/em-model-hf-engineered-hoist-prices\/?table-2\">Click for Prices<\/a><\/td>\r\n<\/tr>\r\n<tr id=\"tr-2-6\"$2>\r\n<td>EH8100V.253.42.100.HF<\/td>\r\n<td>3800<\/td>\r\n<\/tr>\r\n<tr id=\"tr-2-7\"$2>\r\n<td>EH8100V.253.42.150.HF<\/td>\r\n<td>4000<\/td>\r\n<\/tr>\r\n<tr id=\"tr-2-8\"$2>\r\n<td rowspan=\"3\">15<\/td>\r\n<td>EH8150V.203.82.060.HF<\/td>\r\n<td rowspan=\"3\">1200\/48.0<\/td>\r\n<td rowspan=\"3\">39<\/td>\r\n<td rowspan=\"3\">19<\/td>\r\n<td rowspan=\"3\">7.3<\/td>\r\n<td rowspan=\"3\">10<\/td>\r\n<td>3600<\/td>\r\n<td rowspan=\"3\"><a class=\"prices\" href=\"\/es\/em-model-hf-engineered-hoist-prices\/?table-2\">Click for Prices<\/a><\/td>\r\n<\/tr>\r\n<tr id=\"tr-2-9\"$2>\r\n<td>EH8150V.203.82.100.HF<\/td>\r\n<td>3800<\/td>\r\n<\/tr>\r\n<tr id=\"tr-2-10\"$2>\r\n<td>EH8150V.203.82.150.HF<\/td>\r\n<td>4300<\/td>\r\n<\/tr>\r\n<tr id=\"tr-2-11\"$2>\r\n<td rowspan=\"3\">20<\/td>\r\n<td>EH8200V.203.82.060.HF<\/td>\r\n<td rowspan=\"3\">1220\/48.0<\/td>\r\n<td rowspan=\"3\">39<\/td>\r\n<td rowspan=\"3\">23<\/td>\r\n<td rowspan=\"3\">8.7<\/td>\r\n<td rowspan=\"3\">11<\/td>\r\n<td>4600<\/td>\r\n<td rowspan=\"3\"><a class=\"prices\" href=\"\/es\/em-model-hf-engineered-hoist-prices\/?table-2\">Click for Prices<\/a><\/td>\r\n<\/tr>\r\n<tr id=\"tr-2-12\"$2>\r\n<td>EH8200V.203.82.100.HF<\/td>\r\n<td>4900<\/td>\r\n<\/tr>\r\n<tr id=\"tr-2-13\"$2>\r\n<td>EH8200V.203.82.150.HF<\/td>\r\n<td>5100<\/td>\r\n<\/tr>\r\n<tr id=\"tr-2-14\"$2>\r\n<td rowspan=\"3\">25<\/td>\r\n<td>EH8250V.203.82.060.HF<\/td>\r\n<td rowspan=\"3\">1220\/48.0<\/td>\r\n<td rowspan=\"3\">46<\/td>\r\n<td rowspan=\"3\">24<\/td>\r\n<td rowspan=\"3\">8.7<\/td>\r\n<td rowspan=\"3\">13<\/td>\r\n<td>4700<\/td>\r\n<td rowspan=\"3\"><a class=\"prices\" href=\"\/es\/em-model-hf-engineered-hoist-prices\/?table-2\">Click for Prices<\/a><\/td>\r\n<\/tr>\r\n<tr id=\"tr-2-15\"$2>\r\n<td>EH8250V.203.82.100.HF<\/td>\r\n<td>5100<\/td>\r\n<\/tr>\r\n<tr id=\"tr-2-16\"$2>\r\n<td>EH8250V.203.82.150.HF<\/td>\r\n<td>5700<\/td>\r\n<\/tr>\r\n<tr id=\"tr-2-17\"$2>\r\n<td rowspan=\"3\">30<\/td>\r\n<td>EH8300V.163.82.060.HF<\/td>\r\n<td rowspan=\"3\">1220\/48.0<\/td>\r\n<td rowspan=\"3\">46<\/td>\r\n<td rowspan=\"3\">24<\/td>\r\n<td rowspan=\"3\">10.5<\/td>\r\n<td rowspan=\"3\">14<\/td>\r\n<td>6100<\/td>\r\n<td rowspan=\"3\"><a class=\"prices\" href=\"\/es\/em-model-hf-engineered-hoist-prices\/?table-2\">Click for Prices<\/a><\/td>\r\n<\/tr>\r\n<tr id=\"tr-2-18\"$2>\r\n<td>EH8300V.163.82.100.HF<\/td>\r\n<td>6800<\/td>\r\n<\/tr>\r\n<tr id=\"tr-2-19\"$2>\r\n<td>EH8300V.163.82.150.HF<\/td>\r\n<td>7300<\/td>\r\n<\/tr>\r\n<tr id=\"tr-2-20\"$2>\r\n<td rowspan=\"3\">35<\/td>\r\n<td>EH8350V.163.82.060.HF<\/td>\r\n<td rowspan=\"3\">1220\/48.0<\/td>\r\n<td rowspan=\"3\">46<\/td>\r\n<td rowspan=\"3\">35<\/td>\r\n<td rowspan=\"3\">10.5<\/td>\r\n<td rowspan=\"3\">14<\/td>\r\n<td>7000<\/td>\r\n<td rowspan=\"3\"><a class=\"prices\" href=\"\/es\/em-model-hf-engineered-hoist-prices\/?table-2\">Click for Prices<\/a><\/td>\r\n<\/tr>\r\n<tr id=\"tr-2-21\"$2>\r\n<td>EH8350V.163.82.100.HF<\/td>\r\n<td>7300<\/td>\r\n<\/tr>\r\n<tr id=\"tr-2-22\"$2>\r\n<td>EH8350V.163.82.150.HF<\/td>\r\n<td>7700<\/td>\r\n<\/tr>\r\n<tr id=\"tr-2-23\"$2>\r\n<td rowspan=\"3\">40<\/td>\r\n<td>EH8400V.163.82.060.HF<\/td>\r\n<td rowspan=\"3\">1220\/48.0<\/td>\r\n<td rowspan=\"3\">46<\/td>\r\n<td rowspan=\"3\">35<\/td>\r\n<td rowspan=\"3\">10.5<\/td>\r\n<td rowspan=\"3\">16<\/td>\r\n<td>7800<\/td>\r\n<td rowspan=\"3\"><a class=\"prices\" href=\"\/es\/em-model-hf-engineered-hoist-prices\/?table-2\">Click for Prices<\/a><\/td>\r\n<\/tr>\r\n<tr id=\"tr-2-24\"$2>\r\n<td>EH8400V.163.82.100.HF<\/td>\r\n<td>8200<\/td>\r\n<\/tr>\r\n<tr id=\"tr-2-25\"$2>\r\n<td>EH8400V.163.82.150.HF<\/td>\r\n<td>8500<\/td>\r\n<\/tr>\r\n<tr id=\"tr-2-26\"$2>\r\n<td rowspan=\"3\">50<\/td>\r\n<td>EH8500V.143.122.100.HF<\/td>\r\n<td rowspan=\"3\">s1650\/65.0<\/td>\r\n<td rowspan=\"3\">46<\/td>\r\n<td rowspan=\"3\">29<\/td>\r\n<td rowspan=\"3\">12<\/td>\r\n<td rowspan=\"3\">14<\/td>\r\n<td>9700<\/td>\r\n<td rowspan=\"3\"><a class=\"prices\" href=\"\/es\/em-model-hf-engineered-hoist-prices\/?table-2\">Click for Prices<\/a><\/td>\r\n<\/tr>\r\n<tr id=\"tr-2-27\"$2>\r\n<td>EH8500V.143.122.150.HF<\/td>\r\n<td>10200<\/td>\r\n<\/tr>\r\n<tr id=\"tr-2-28\"$2>\r\n<td>EH8500V.143.122.210.HF<\/td>\r\n<td>10400<\/td>\r\n<\/tr>\r\n<tr id=\"tr-2-29\"$2>\r\n<td rowspan=\"3\">60<\/td>\r\n<td>EH8600V.123.122.100.HF<\/td>\r\n<td rowspan=\"3\">1650\/65.0<\/td>\r\n<td rowspan=\"3\">55<\/td>\r\n<td rowspan=\"3\">29<\/td>\r\n<td rowspan=\"3\">12<\/td>\r\n<td rowspan=\"3\">16<\/td>\r\n<td>12800<\/td>\r\n<td rowspan=\"3\"><a class=\"prices\" href=\"\/es\/em-model-hf-engineered-hoist-prices\/?table-2\">Click for Prices<\/a><\/td>\r\n<\/tr>\r\n<tr id=\"tr-2-30\"$2>\r\n<td>EH8600V.123.122.150.HF<\/td>\r\n<td>13500<\/td>\r\n<\/tr>\r\n<tr id=\"tr-2-31\"$2>\r\n<td>EH8600V.123.122.210.HF<\/td>\r\n<td>14300<\/td>\r\n<\/tr>\r\n<tr id=\"tr-2-32\"$2>\r\n<td rowspan=\"3\">75<\/td>\r\n<td>EH8750V.123.122.100.HF<\/td>\r\n<td rowspan=\"3\">1750\/68.9<\/td>\r\n<td rowspan=\"3\">60<\/td>\r\n<td rowspan=\"3\">36<\/td>\r\n<td rowspan=\"3\">15<\/td>\r\n<td rowspan=\"3\">18<\/td>\r\n<td>19500<\/td>\r\n<td rowspan=\"3\"><a class=\"prices\" href=\"\/es\/em-model-hf-engineered-hoist-prices\/?table-2\">Click for Prices<\/a><\/td>\r\n<\/tr>\r\n<tr id=\"tr-2-33\"$2>\r\n<td>EH8750V.123.122.140.HF<\/td>\r\n<td>20200<\/td>\r\n<\/tr>\r\n<tr id=\"tr-2-34\"$2>\r\n<td>EH8750V.123.122.210.HF<\/td>\r\n<td>21300<\/td>\r\n<\/tr>\r\n<\/tbody>\r\n<\/table><\/div>\r\n<\/div>\r\n<\/div>","protected":false},"excerpt":{"rendered":"<p>The EMH HF Trolley was designed for heavy service Class D applications such as Steel Service Centers, Heavy Steel Fabricators, and Precast Concrete Facilities. Among the features of the HF Hoist are: Capacities to 100 tons Double-reeving (8\/2 and 12\/2) for True Vertical Lift Half-depth drum grooves eliminate the need for rope guides DC disc [&hellip;]<\/p>\n","protected":false},"author":203,"featured_media":0,"parent":407,"menu_order":0,"comment_status":"closed","ping_status":"closed","template":"page-templates\/crane.php","meta":{"_acf_changed":false,"_seopress_robots_primary_cat":"","_seopress_titles_title":"","_seopress_titles_desc":"","_seopress_robots_index":"","footnotes":""},"class_list":["post-5793","page","type-page","status-publish","hentry"],"acf":[],"_links":{"self":[{"href":"http:\/\/www.emhcranes.com\/es\/wp-json\/wp\/v2\/pages\/5793","targetHints":{"allow":["GET"]}}],"collection":[{"href":"http:\/\/www.emhcranes.com\/es\/wp-json\/wp\/v2\/pages"}],"about":[{"href":"http:\/\/www.emhcranes.com\/es\/wp-json\/wp\/v2\/types\/page"}],"author":[{"embeddable":true,"href":"http:\/\/www.emhcranes.com\/es\/wp-json\/wp\/v2\/users\/203"}],"replies":[{"embeddable":true,"href":"http:\/\/www.emhcranes.com\/es\/wp-json\/wp\/v2\/comments?post=5793"}],"version-history":[{"count":0,"href":"http:\/\/www.emhcranes.com\/es\/wp-json\/wp\/v2\/pages\/5793\/revisions"}],"up":[{"embeddable":true,"href":"http:\/\/www.emhcranes.com\/es\/wp-json\/wp\/v2\/pages\/407"}],"wp:attachment":[{"href":"http:\/\/www.emhcranes.com\/es\/wp-json\/wp\/v2\/media?parent=5793"}],"curies":[{"name":"wp","href":"https:\/\/api.w.org\/{rel}","templated":true}]}}