{"id":407,"date":"2012-05-06T14:14:25","date_gmt":"2012-05-06T14:14:25","guid":{"rendered":"http:\/\/emhcranes.com\/?page_id=407"},"modified":"2019-01-31T12:49:52","modified_gmt":"2019-01-31T17:49:52","slug":"engineered-hoists","status":"publish","type":"page","link":"http:\/\/www.emhcranes.com\/es\/engineered-hoists\/","title":{"rendered":"Polipastos de Ingenieria"},"content":{"rendered":"<div class=\"padded\">\r\n<p>\u00a1Eleva tu productividad a nuevas alturas! Para aplicaciones de clase D y clase E \"cr\u00edticas\" que requieren un funcionamiento continuo y confiable, los polipastos de ingenier\u00eda EMH son la opci\u00f3n l\u00f3gica. El polipasto modular, dise\u00f1o de polipsato abierto facilita el mantenimiento y la reparaci\u00f3n, y puede adaptarse f\u00e1cilmente para alturas de izaje y velocidades especiales.<\/p>\r\n<p>Las capacidades est\u00e1ndar var\u00edan de 10 a 150 toneladas y todos los movimientos est\u00e1n controlados por variadores para una velocidad infinitamente ajustable y una vida \u00fatil prolongada del motor.<\/p>\r\n<p><a href=\"http:\/\/www.emhcranes.com\/es\/engineered-hoists\/emh-engineered-hoists-features-advantages-benefits\/\">Haga clic aqu\u00ed para ver caracter\u00edsticas, ventajas y beneficios detallados de los polipastos de ingenieria EMH.<\/a><\/p>\r\n<p><a title=\"Engineered Hoists \u2013 Examples, Applications\" href=\"http:\/\/www.emhcranes.com\/es\/engineered-hoists-examples-and-applications\/\">Haga clic aqu\u00ed para ver ejemplos de polipastos de ingenier\u00eda EMH dise\u00f1ados a medida.<\/a><\/p>\r\n<p>Consulte nuestra l\u00ednea de productos de polipastos de ingenier\u00eda haciendo clic en la imagen o el tipo de producto para obtener m\u00e1s detalles.<\/p>\r\n<\/div>\r\n<div class=\"crane-index-listing-columns linked group\">\r\n<div class=\"crane-index-listing column\">\r\n<div class=\"image\">\r\n<a href=\"http:\/\/www.emhcranes.com\/es\/engineered-hoists\/807-2\/\">\r\n<img decoding=\"async\" title=\"Polipasto de Ingenier\u00eda (EH) Modelo H\" src=\"http:\/\/www.emhcranes.com\/es\/emhEngineeredHoists\/Eng_H_Hoist_300.jpg\" \/>\r\n<\/a>\r\n<\/div>\r\n<h2 class=\"pointer-before\">Polipasto de Ingenier\u00eda (EH) Modelo H<\/h2>\r\n<a class=\"block-button blue\" href=\"http:\/\/www.emhcranes.com\/es\/engineered-hoists\/807-2\/\">Aprende M\u00e1s<\/a>\r\n<\/div>\r\n<div class=\"crane-index-listing column\">\r\n<div class=\"image\">\r\n<a href=\"http:\/\/www.emhcranes.com\/es\/engineered-hoists\/em-model-hre-engineered-hoist-single-girder-configuration\/\">\r\n<img decoding=\"async\" title=\"Polipasto de ingenier\u00eda HRE modelo EM: Configuraci\u00f3n de una viga\" src=\"http:\/\/www.emhcranes.com\/es\/emhEngineeredHoists\/Eng_HRE_Hoist_300.jpg\" \/>\r\n<\/a>\r\n<\/div>\r\n<h2 class=\"pointer-before\">Polipasto de ingenier\u00eda HRE modelo EM: Configuraci\u00f3n de una viga<\/h2>\r\n<a class=\"block-button blue\" href=\"http:\/\/www.emhcranes.com\/es\/engineered-hoists\/em-model-hre-engineered-hoist-single-girder-configuration\/\">Aprende M\u00e1s<\/a>\r\n<\/div>\r\n<div class=\"crane-index-listing column\">\r\n<div class=\"image\">\r\n<a href=\"http:\/\/www.emhcranes.com\/es\/engineered-hoists\/hf-engineered-hoist\/\">\r\n<img decoding=\"async\" title=\"EM Model HF Engineered Hoist\" src=\"http:\/\/www.emhcranes.com\/es\/emhEngineeredHoists\/Eng_HF_Hoist_300.jpg\" \/>\r\n<\/a>\r\n<\/div>\r\n<h2 class=\"pointer-before\">EM Model HF Engineered Hoist<\/h2>\r\n<a class=\"block-button blue\" href=\"http:\/\/www.emhcranes.com\/es\/engineered-hoists\/hf-engineered-hoist\/\">Aprende M\u00e1s<\/a>\r\n<\/div>\r\n<div class=\"crane-index-listing column\">\r\n<div class=\"image\">\r\n<a href=\"http:\/\/www.emhcranes.com\/es\/engineered-hoists\/em-model-hr-engineered-hoist\/\">\r\n<img decoding=\"async\" title=\"Polipasto de Ingenier\u00eda (HR) Modelo EM\" src=\"http:\/\/www.emhcranes.com\/es\/emhEngineeredHoists\/Eng_HR_Hoist_300.jpg\" \/>\r\n<\/a>\r\n<\/div>\r\n<h2 class=\"pointer-before\">Polipasto de Ingenier\u00eda (HR) Modelo EM<\/h2>\r\n<a class=\"block-button blue\" href=\"http:\/\/www.emhcranes.com\/es\/engineered-hoists\/em-model-hr-engineered-hoist\/\">Aprende M\u00e1s<\/a>\r\n<\/div>\r\n<div class=\"crane-index-listing column\">\r\n<div class=\"image\">\r\n<a href=\"http:\/\/www.emhcranes.com\/es\/wp-content\/uploads\/2017\/05\/Gloning_LS_Hoist_Folder_INCH_6S_rs.pdf\">\r\n<img decoding=\"async\" src=\"http:\/\/www.emhcranes.com\/es\/wp-content\/uploads\/2017\/04\/LS-Hoist_WebSite-resized.jpg\" \/>\r\n<\/a>\r\n<\/div>\r\n<h2 class=\"pointer-before\">Model LS Hoist for Minimal Load Swing &amp; Precise Placement<\/h2>\r\n<a class=\"block-button blue\" href=\"http:\/\/www.emhcranes.com\/es\/wp-content\/uploads\/2017\/05\/Gloning_LS_Hoist_Folder_INCH_6S_rs.pdf\">Ver Catalogo<\/a>\r\n<\/div>\r\n<\/div>","protected":false},"excerpt":{"rendered":"<p>Lift your productivity to new heights! For &#8220;mission critical&#8221; Class D and Class E applications that require continuous, dependable operation, EMH Engineered Hoists are the logical choice. The hoist&#8217;s modular, open winch design facilitates maintenance and repair, and can be easily adapted for special lifts and speeds. Standard capacities range from 10 to 150 tons [&hellip;]<\/p>\n","protected":false},"author":203,"featured_media":0,"parent":0,"menu_order":8,"comment_status":"open","ping_status":"closed","template":"page-templates\/crane-category.php","meta":{"_acf_changed":false,"_seopress_robots_primary_cat":"","_seopress_titles_title":"","_seopress_titles_desc":"","_seopress_robots_index":"","footnotes":""},"class_list":["post-407","page","type-page","status-publish","hentry"],"acf":[],"_links":{"self":[{"href":"http:\/\/www.emhcranes.com\/es\/wp-json\/wp\/v2\/pages\/407","targetHints":{"allow":["GET"]}}],"collection":[{"href":"http:\/\/www.emhcranes.com\/es\/wp-json\/wp\/v2\/pages"}],"about":[{"href":"http:\/\/www.emhcranes.com\/es\/wp-json\/wp\/v2\/types\/page"}],"author":[{"embeddable":true,"href":"http:\/\/www.emhcranes.com\/es\/wp-json\/wp\/v2\/users\/203"}],"replies":[{"embeddable":true,"href":"http:\/\/www.emhcranes.com\/es\/wp-json\/wp\/v2\/comments?post=407"}],"version-history":[{"count":0,"href":"http:\/\/www.emhcranes.com\/es\/wp-json\/wp\/v2\/pages\/407\/revisions"}],"wp:attachment":[{"href":"http:\/\/www.emhcranes.com\/es\/wp-json\/wp\/v2\/media?parent=407"}],"curies":[{"name":"wp","href":"https:\/\/api.w.org\/{rel}","templated":true}]}}